{"id":306865,"date":"2019-06-01T14:29:13","date_gmt":"2024-02-06T10:40:04","guid":{"rendered":"https:\/\/www.moskito.cz\/produkt\/teleskopschlagstock-21-gehaertetes-chrom\/"},"modified":"2025-07-11T07:49:02","modified_gmt":"2025-07-11T06:49:02","slug":"teleskopschlagstock-21-gehaertetes-chrom","status":"publish","type":"product","link":"https:\/\/www.moskito.cz\/de\/produkt\/teleskopschlagstock-21-gehaertetes-chrom\/","title":{"rendered":"Teleskopschlagstock 21&#8243; Geh\u00e4rtetes Chrom"},"content":{"rendered":"<p><strong>Teleskopschlagstock<\/strong> 21&#8243; Geh\u00e4rtetes Chrom.<\/p>\n<p>Hochwertiger, geh\u00e4rteter ESP-Teleskopschlagstock mit Gummigriff. Der Schlagstock besteht aus hochwertigem, geh\u00e4rtetem Material, das sich nicht verbiegt. Im Lieferumfang ist ein Nylonholster enthalten, das am G\u00fcrtel befestigt werden kann. Der geh\u00e4rtete Schlagstock ist auch f\u00fcr den professionellen Einsatz gedacht. Es wird beispielsweise von der Polizei oder anderen Streitkr\u00e4ften eingesetzt. Der Schlagstockgriff ist schwarz. Im Lieferumfang ist au\u00dferdem ein Kunststoffetui enthalten, das am G\u00fcrtel befestigt werden kann.<\/p>\n","protected":false},"excerpt":{"rendered":"<p>Teleskopschlagstock 21&#8243; Geh\u00e4rtetes Chrom, Schlagstock<\/p>\n","protected":false},"featured_media":181693,"comment_status":"open","ping_status":"closed","template":"","meta":[],"pwb-brand":[3493],"product_brand":[],"product_cat":[3498],"product_tag":[],"class_list":{"0":"post-306865","1":"product","2":"type-product","3":"status-publish","4":"has-post-thumbnail","6":"pwb-brand-insb","7":"product_cat-teleskopschlagstocke","9":"first","10":"outofstock","11":"taxable","12":"shipping-taxable","13":"purchasable","14":"product-type-simple"},"brands":[{"id":3493,"name":"insb","slug":"insb"}],"_links":{"self":[{"href":"https:\/\/www.moskito.cz\/de\/wp-json\/wp\/v2\/product\/306865","targetHints":{"allow":["GET"]}}],"collection":[{"href":"https:\/\/www.moskito.cz\/de\/wp-json\/wp\/v2\/product"}],"about":[{"href":"https:\/\/www.moskito.cz\/de\/wp-json\/wp\/v2\/types\/product"}],"replies":[{"embeddable":true,"href":"https:\/\/www.moskito.cz\/de\/wp-json\/wp\/v2\/comments?post=306865"}],"wp:featuredmedia":[{"embeddable":true,"href":"https:\/\/www.moskito.cz\/de\/wp-json\/wp\/v2\/media\/181693"}],"wp:attachment":[{"href":"https:\/\/www.moskito.cz\/de\/wp-json\/wp\/v2\/media?parent=306865"}],"wp:term":[{"taxonomy":"pwb-brand","embeddable":true,"href":"https:\/\/www.moskito.cz\/de\/wp-json\/wp\/v2\/pwb-brand?post=306865"},{"taxonomy":"product_brand","embeddable":true,"href":"https:\/\/www.moskito.cz\/de\/wp-json\/wp\/v2\/product_brand?post=306865"},{"taxonomy":"product_cat","embeddable":true,"href":"https:\/\/www.moskito.cz\/de\/wp-json\/wp\/v2\/product_cat?post=306865"},{"taxonomy":"product_tag","embeddable":true,"href":"https:\/\/www.moskito.cz\/de\/wp-json\/wp\/v2\/product_tag?post=306865"}],"curies":[{"name":"wp","href":"https:\/\/api.w.org\/{rel}","templated":true}]}}