{"id":306958,"date":"2019-06-30T10:17:26","date_gmt":"2024-02-06T10:41:30","guid":{"rendered":"https:\/\/www.moskito.cz\/produkt\/schiessmesser-microtech-exocet-157-10\/"},"modified":"2025-07-11T07:49:32","modified_gmt":"2025-07-11T06:49:32","slug":"schiessmesser-microtech-exocet-157-10","status":"publish","type":"product","link":"https:\/\/www.moskito.cz\/de\/produkt\/schiessmesser-microtech-exocet-157-10\/","title":{"rendered":"Schie\u00dfmesser Microtech Exocet 157-10"},"content":{"rendered":"<p>Schie\u00dfmesser <strong>Microtech Exocet<\/strong> 157-10<\/p>\n<p>Dieses Modell verf\u00fcgt \u00fcber eine dolchf\u00f6rmige Klinge von Exocet mit einem Griff aus schwarz eloxiertem Aluminium.<\/p>\n<p>Das Exocet ist ein robustes Cali-Legal OTF-Automatikmesser des Messerherstellers Microtech. Das Messer hat eine breite zweischneidige Klinge und einen eloxierten Aluminiumgriff mit Daumensicherung. Holen Sie sich einen leistungsstarken Microtech im kompakten Exocet-Paket. Das Messer verf\u00fcgt \u00fcber einen gro\u00dfen, breiten Taschenclip, sodass Sie es in Ihrer Tasche aufbewahren oder als supercoole Geldklammer verwenden k\u00f6nnen. F\u00fcgen Sie dieses vielseitige Messer noch heute Ihrer Sammlung hinzu!<\/p>\n<p>Schwarzer Aluminiumgriff<br \/>\nDolchklinge aus CTS-204P-Stahl.<br \/>\nEine Daumensteuerung<br \/>\nReversibler Taschenclip, der auch als Geldscheinklammer dient.<\/p>\n<p>Klingenl\u00e4nge: 5 cm<br \/>\nGesamtl\u00e4nge des Messers: 13,5 cm<br \/>\nKlingenst\u00e4rke: 0,15 cm<br \/>\nKlingenmaterial: CTS-204P<br \/>\nKlingenstil: Dolch<br \/>\nKlingenschliff: Flach<br \/>\nOberfl\u00e4chenfinish: Stonewash<\/p>\n<p><iframe title=\"Microtech Combat Troodon Torture Test\" width=\"800\" height=\"450\" src=\"https:\/\/www.youtube.com\/embed\/xE9TeOFYEjg?feature=oembed\" frameborder=\"0\" allow=\"accelerometer; autoplay; clipboard-write; encrypted-media; gyroscope; picture-in-picture; web-share\" allowfullscreen><\/iframe><\/p>\n<p>&nbsp;<\/p>\n","protected":false},"excerpt":{"rendered":"<p>Im Laufe der Jahre hat <strong>Microtech\u00ae Knives<\/strong> Messer mit Leidenschaft und K\u00f6nnen gef\u00fcllt, um nahezu Kunstwerke zu schaffen, die den Gipfel der Funktionalit\u00e4t darstellen. Alle Teile werden in den USA hergestellt.<br \/>\n<strong>F\u00fcr alle Microtech-Messer gilt eine lebenslange Garantie.<\/strong><\/p>\n","protected":false},"featured_media":178052,"comment_status":"open","ping_status":"closed","template":"","meta":[],"pwb-brand":[3278],"product_brand":[],"product_cat":[3343,3285],"product_tag":[3669],"class_list":{"0":"post-306958","1":"product","2":"type-product","3":"status-publish","4":"has-post-thumbnail","6":"pwb-brand-microtech-de","7":"product_cat-schiesmesser","8":"product_cat-messer","9":"product_tag-b2b-de","11":"first","12":"outofstock","13":"taxable","14":"shipping-taxable","15":"purchasable","16":"product-type-simple"},"brands":[{"id":3278,"name":"Microtech","slug":"microtech-de"}],"_links":{"self":[{"href":"https:\/\/www.moskito.cz\/de\/wp-json\/wp\/v2\/product\/306958","targetHints":{"allow":["GET"]}}],"collection":[{"href":"https:\/\/www.moskito.cz\/de\/wp-json\/wp\/v2\/product"}],"about":[{"href":"https:\/\/www.moskito.cz\/de\/wp-json\/wp\/v2\/types\/product"}],"replies":[{"embeddable":true,"href":"https:\/\/www.moskito.cz\/de\/wp-json\/wp\/v2\/comments?post=306958"}],"wp:featuredmedia":[{"embeddable":true,"href":"https:\/\/www.moskito.cz\/de\/wp-json\/wp\/v2\/media\/178052"}],"wp:attachment":[{"href":"https:\/\/www.moskito.cz\/de\/wp-json\/wp\/v2\/media?parent=306958"}],"wp:term":[{"taxonomy":"pwb-brand","embeddable":true,"href":"https:\/\/www.moskito.cz\/de\/wp-json\/wp\/v2\/pwb-brand?post=306958"},{"taxonomy":"product_brand","embeddable":true,"href":"https:\/\/www.moskito.cz\/de\/wp-json\/wp\/v2\/product_brand?post=306958"},{"taxonomy":"product_cat","embeddable":true,"href":"https:\/\/www.moskito.cz\/de\/wp-json\/wp\/v2\/product_cat?post=306958"},{"taxonomy":"product_tag","embeddable":true,"href":"https:\/\/www.moskito.cz\/de\/wp-json\/wp\/v2\/product_tag?post=306958"}],"curies":[{"name":"wp","href":"https:\/\/api.w.org\/{rel}","templated":true}]}}