{"id":307132,"date":"2022-04-04T17:47:15","date_gmt":"2024-02-06T10:44:21","guid":{"rendered":"https:\/\/www.moskito.cz\/produkt\/stift-microtech-siphon-ii-bronzed-apocalyptic-401-ss-bkbzap\/"},"modified":"2025-05-07T10:57:28","modified_gmt":"2025-05-07T09:57:28","slug":"stift-microtech-siphon-ii-bronzed-apocalyptic-401-ss-bkbzap","status":"publish","type":"product","link":"https:\/\/www.moskito.cz\/de\/produkt\/stift-microtech-siphon-ii-bronzed-apocalyptic-401-ss-bkbzap\/","title":{"rendered":"Stift Microtech Siphon II Bronzed Apocalyptic 401-SS-BKBZAP"},"content":{"rendered":"<p>Stift <strong>Microtech<\/strong> Siphon II Bronzed Apocalyptic 401-SS-BKBZAP<\/p>\n<p>Einzigartiger Microtech-Hebelstift mit Taschenclip. Der Stift misst im ge\u00f6ffneten Zustand 14 cm und im geschlossenen Zustand 9 cm.<\/p>\n<p>Schwarzer Edelstahl-Siphon II mit apokalyptischen Bronzebeschl\u00e4gen<\/p>\n<p>Modell 401-SS-BKBZAP<\/p>\n<p>Microtech Black Siphon II Edelstahl mit bronzefarbenen apokalyptischen Innenteilen 401-SS-BKBZAP<\/p>\n<p><iframe title=\"Microtech Combat Troodon Torture Test\" width=\"800\" height=\"450\" src=\"https:\/\/www.youtube.com\/embed\/xE9TeOFYEjg?feature=oembed\" frameborder=\"0\" allow=\"accelerometer; autoplay; clipboard-write; encrypted-media; gyroscope; picture-in-picture; web-share\" allowfullscreen><\/iframe><\/p>\n<p>&nbsp;<\/p>\n<p>&nbsp;<\/p>\n<p>Microtechs einzigartiger Stift mit Hebelwirkung und Taschenclip. Er misst 3,9 Zoll mit umgeklapptem Hebel und eingezogener Schreibspitze.<\/p>\n<p>Siphon II aus schwarz lackiertem Edelstahl mit bronzierten apokalyptischen Beschl\u00e4gen<\/p>\n<p>Modell 401-SS-BKBZAP<\/p>\n<p>Microtech Black Siphon II Edelstahl mit bronzierten apokalyptischen Innenteilen 401-SS-BKBZAP<\/p>\n","protected":false},"excerpt":{"rendered":"<p>Im Laufe der Jahre hat <strong>Microtech\u00ae<\/strong> Knives Messer mit Leidenschaft und K\u00f6nnen gef\u00fcllt, um nahezu Kunstwerke zu schaffen, die den Gipfel der Funktionalit\u00e4t darstellen. Alle Teile werden in den USA hergestellt.<br \/>\n<strong>Alle Microtech-Messer haben eine lebenslange Garantie (mindestens 80.000 Zyklen, \u00d6ffnen und Schlie\u00dfen).<\/strong><\/p>\n<p><strong>Kostenloser Transport.<\/strong><\/p>\n","protected":false},"featured_media":307134,"comment_status":"open","ping_status":"closed","template":"","meta":[],"pwb-brand":[3278],"product_brand":[],"product_cat":[3285,3343],"product_tag":[3669],"class_list":{"0":"post-307132","1":"product","2":"type-product","3":"status-publish","4":"has-post-thumbnail","6":"pwb-brand-microtech-de","7":"product_cat-messer","8":"product_cat-schiesmesser","9":"product_tag-b2b-de","11":"first","12":"instock","13":"taxable","14":"shipping-taxable","15":"purchasable","16":"product-type-simple"},"brands":[{"id":3278,"name":"Microtech","slug":"microtech-de"}],"_links":{"self":[{"href":"https:\/\/www.moskito.cz\/de\/wp-json\/wp\/v2\/product\/307132","targetHints":{"allow":["GET"]}}],"collection":[{"href":"https:\/\/www.moskito.cz\/de\/wp-json\/wp\/v2\/product"}],"about":[{"href":"https:\/\/www.moskito.cz\/de\/wp-json\/wp\/v2\/types\/product"}],"replies":[{"embeddable":true,"href":"https:\/\/www.moskito.cz\/de\/wp-json\/wp\/v2\/comments?post=307132"}],"wp:featuredmedia":[{"embeddable":true,"href":"https:\/\/www.moskito.cz\/de\/wp-json\/wp\/v2\/media\/307134"}],"wp:attachment":[{"href":"https:\/\/www.moskito.cz\/de\/wp-json\/wp\/v2\/media?parent=307132"}],"wp:term":[{"taxonomy":"pwb-brand","embeddable":true,"href":"https:\/\/www.moskito.cz\/de\/wp-json\/wp\/v2\/pwb-brand?post=307132"},{"taxonomy":"product_brand","embeddable":true,"href":"https:\/\/www.moskito.cz\/de\/wp-json\/wp\/v2\/product_brand?post=307132"},{"taxonomy":"product_cat","embeddable":true,"href":"https:\/\/www.moskito.cz\/de\/wp-json\/wp\/v2\/product_cat?post=307132"},{"taxonomy":"product_tag","embeddable":true,"href":"https:\/\/www.moskito.cz\/de\/wp-json\/wp\/v2\/product_tag?post=307132"}],"curies":[{"name":"wp","href":"https:\/\/api.w.org\/{rel}","templated":true}]}}