{"id":307142,"date":"2020-06-15T20:25:31","date_gmt":"2024-02-06T10:44:27","guid":{"rendered":"https:\/\/www.moskito.cz\/produkt\/ballistisches-graues-klappmesser\/"},"modified":"2025-07-11T07:51:36","modified_gmt":"2025-07-11T06:51:36","slug":"ballistisches-graues-klappmesser","status":"publish","type":"product","link":"https:\/\/www.moskito.cz\/de\/produkt\/ballistisches-graues-klappmesser\/","title":{"rendered":"Ballistisches graues Klappmesser"},"content":{"rendered":"<div dir=\"ltr\"><span id=\"result_box\" lang=\"cs\"><span class=\"hps\">Ballistisches graues Klappmesser.<\/span><\/span><\/div>\n<div dir=\"ltr\"><span id=\"result_box\" lang=\"cs\"><span class=\"hps\">Das Messer verf\u00fcgt \u00fcber eine \u00d6ffnungsunterst\u00fctzung mit einer Hilfsfeder.<\/span><br \/>\n<span class=\"hps\">Klingenl\u00e4nge: 9 cm<\/span><\/span><\/div>\n<div dir=\"ltr\"><span id=\"result_box\" lang=\"cs\">Die Dicke der Klinge betr\u00e4gt 3 mm<\/span><\/div>\n<div dir=\"ltr\"><span id=\"result_box\" lang=\"cs\"><span class=\"hps\">Stahl:<\/span> 440 Edelstahl<br \/>\n<span class=\"hps\">Grauer Edelstahlgriff.<\/span><br \/>\n<\/span><\/div>\n","protected":false},"excerpt":{"rendered":"<p>Sicherheitsmesser.<\/p>\n","protected":false},"featured_media":168678,"comment_status":"open","ping_status":"closed","template":"","meta":[],"pwb-brand":[3528],"product_brand":[],"product_cat":[3285,3303],"product_tag":[],"class_list":{"0":"post-307142","1":"product","2":"type-product","3":"status-publish","4":"has-post-thumbnail","6":"pwb-brand-mtech-de","7":"product_cat-messer","8":"product_cat-schliesmesser","10":"first","11":"outofstock","12":"taxable","13":"shipping-taxable","14":"purchasable","15":"product-type-simple"},"brands":[{"id":3528,"name":"MTech","slug":"mtech-de"}],"_links":{"self":[{"href":"https:\/\/www.moskito.cz\/de\/wp-json\/wp\/v2\/product\/307142","targetHints":{"allow":["GET"]}}],"collection":[{"href":"https:\/\/www.moskito.cz\/de\/wp-json\/wp\/v2\/product"}],"about":[{"href":"https:\/\/www.moskito.cz\/de\/wp-json\/wp\/v2\/types\/product"}],"replies":[{"embeddable":true,"href":"https:\/\/www.moskito.cz\/de\/wp-json\/wp\/v2\/comments?post=307142"}],"wp:featuredmedia":[{"embeddable":true,"href":"https:\/\/www.moskito.cz\/de\/wp-json\/wp\/v2\/media\/168678"}],"wp:attachment":[{"href":"https:\/\/www.moskito.cz\/de\/wp-json\/wp\/v2\/media?parent=307142"}],"wp:term":[{"taxonomy":"pwb-brand","embeddable":true,"href":"https:\/\/www.moskito.cz\/de\/wp-json\/wp\/v2\/pwb-brand?post=307142"},{"taxonomy":"product_brand","embeddable":true,"href":"https:\/\/www.moskito.cz\/de\/wp-json\/wp\/v2\/product_brand?post=307142"},{"taxonomy":"product_cat","embeddable":true,"href":"https:\/\/www.moskito.cz\/de\/wp-json\/wp\/v2\/product_cat?post=307142"},{"taxonomy":"product_tag","embeddable":true,"href":"https:\/\/www.moskito.cz\/de\/wp-json\/wp\/v2\/product_tag?post=307142"}],"curies":[{"name":"wp","href":"https:\/\/api.w.org\/{rel}","templated":true}]}}