{"id":307155,"date":"2020-07-22T11:39:53","date_gmt":"2024-02-06T10:44:38","guid":{"rendered":"https:\/\/www.moskito.cz\/produkt\/mtech-xtreme-mx-a810rd-schliessmesser\/"},"modified":"2025-07-11T07:51:40","modified_gmt":"2025-07-11T06:51:40","slug":"mtech-xtreme-mx-a810rd-schliessmesser","status":"publish","type":"product","link":"https:\/\/www.moskito.cz\/de\/produkt\/mtech-xtreme-mx-a810rd-schliessmesser\/","title":{"rendered":"MTech XTREME MX-A810RD Schlie\u00dfmesser"},"content":{"rendered":"<p>MTech XTREME MX-A810RD Schlie\u00dfmesser.<br \/>\nRobustes Klappmesser mit \u00d6ffnungshilfe. Die Gesamtl\u00e4nge des Messers betr\u00e4gt 19 cm, die L\u00e4nge des Messers im geschlossenen Zustand betr\u00e4gt 11 cm. Die Klinge aus rostfreiem Stahl ist mit einer Stonewash-Behandlung versehen und hat eine L\u00e4nge von 7,5 cm. Das Messer verf\u00fcgt \u00fcber einen G\u00fcrtelschneider, eine Spitze zum Zerbrechen von Glas und einen Taschenclip.<\/p>\n","protected":false},"excerpt":{"rendered":"<p>Verschlussmesser.<\/p>\n","protected":false},"featured_media":169007,"comment_status":"open","ping_status":"closed","template":"","meta":[],"pwb-brand":[3528],"product_brand":[],"product_cat":[3285,3303],"product_tag":[],"class_list":{"0":"post-307155","1":"product","2":"type-product","3":"status-publish","4":"has-post-thumbnail","6":"pwb-brand-mtech-de","7":"product_cat-messer","8":"product_cat-schliesmesser","10":"first","11":"instock","12":"taxable","13":"shipping-taxable","14":"purchasable","15":"product-type-simple"},"brands":[{"id":3528,"name":"MTech","slug":"mtech-de"}],"_links":{"self":[{"href":"https:\/\/www.moskito.cz\/de\/wp-json\/wp\/v2\/product\/307155","targetHints":{"allow":["GET"]}}],"collection":[{"href":"https:\/\/www.moskito.cz\/de\/wp-json\/wp\/v2\/product"}],"about":[{"href":"https:\/\/www.moskito.cz\/de\/wp-json\/wp\/v2\/types\/product"}],"replies":[{"embeddable":true,"href":"https:\/\/www.moskito.cz\/de\/wp-json\/wp\/v2\/comments?post=307155"}],"wp:featuredmedia":[{"embeddable":true,"href":"https:\/\/www.moskito.cz\/de\/wp-json\/wp\/v2\/media\/169007"}],"wp:attachment":[{"href":"https:\/\/www.moskito.cz\/de\/wp-json\/wp\/v2\/media?parent=307155"}],"wp:term":[{"taxonomy":"pwb-brand","embeddable":true,"href":"https:\/\/www.moskito.cz\/de\/wp-json\/wp\/v2\/pwb-brand?post=307155"},{"taxonomy":"product_brand","embeddable":true,"href":"https:\/\/www.moskito.cz\/de\/wp-json\/wp\/v2\/product_brand?post=307155"},{"taxonomy":"product_cat","embeddable":true,"href":"https:\/\/www.moskito.cz\/de\/wp-json\/wp\/v2\/product_cat?post=307155"},{"taxonomy":"product_tag","embeddable":true,"href":"https:\/\/www.moskito.cz\/de\/wp-json\/wp\/v2\/product_tag?post=307155"}],"curies":[{"name":"wp","href":"https:\/\/api.w.org\/{rel}","templated":true}]}}