{"id":307161,"date":"2022-04-04T17:31:28","date_gmt":"2024-02-06T10:44:43","guid":{"rendered":"https:\/\/www.moskito.cz\/produkt\/schiessmesser-microtech-exclusive-memento-mori-ultratech-bronze-apocalyptic121-13dc\/"},"modified":"2025-05-07T10:57:32","modified_gmt":"2025-05-07T09:57:32","slug":"schiessmesser-microtech-exclusive-memento-mori-ultratech-bronze-apocalyptic121-13dc","status":"publish","type":"product","link":"https:\/\/www.moskito.cz\/de\/produkt\/schiessmesser-microtech-exclusive-memento-mori-ultratech-bronze-apocalyptic121-13dc\/","title":{"rendered":"Schie\u00dfmesser Microtech Exclusive Memento Mori Ultratech Bronze Apocalyptic121-13DC"},"content":{"rendered":"<p>Schie\u00dfmesser <strong>Microtech<\/strong> Exclusive Memento Mori Ultratech Bronze Apocalyptic121-13DC.<\/p>\n<p>Ultratech wird f\u00fcr immer den Standard f\u00fcr alle Frontmesser setzen. Das Ultratech ist das urspr\u00fcngliche Double-Action-Frontmesser von Microtech und bildete die Basis der gesamten OTF-Linie. Im Laufe der Jahre wurde es mehrfach modifiziert und ist jedes Mal effizienter und zuverl\u00e4ssiger geworden. Diese Version verf\u00fcgt \u00fcber eine verbesserte Tri-Grip-Textur auf dem Daumenschieber f\u00fcr einen positiveren Griff und apokalyptische Hardware f\u00fcr einen sch\u00f6nen Kontrast. Auf den Aluminiumgriffen ist die linke H\u00e4lfte des Pik-Asses mit gekreuzten Knochen mit dem lateinischen Zitat \u201eMemento Mori\u201c abgebildet, eine Erinnerung an die Moral, die aus dem antiken r\u00f6mischen Brauch einer bronzenen apokalyptischen Standardklinge mit fallender Spitze abgeleitet wurde. Sobald die r\u00f6mischen Gener\u00e4le w\u00e4hrend der Siegesparade aus der Schlacht zur\u00fcckkehrten, ging ein Sklave hinter ihm her und murmelte eine Version dieses Ausdrucks, um ihn daran zu erinnern, dass er nur ein Mann war und nicht der Arroganz und dem Gr\u00f6\u00dfenwahn verfiel. Die Ultratech-Feder bleibt immer in der \u201eRuhe\u201c-Position, au\u00dfer im gedehnten Zustand. Dadurch wird sichergestellt, dass die zusammengedr\u00fcckte Feder nicht erm\u00fcdet und der Benutzer sicherstellt, dass das Messer beim Abfeuern effektiv funktioniert. Das leichte einh\u00e4ndige \u00d6ffnen und Schlie\u00dfen von Ultratech, das schlanke Design und die skalpellscharfe Dro-Point-Klinge machen es zu einem einzigartigen Messer, das nur bei Microtech erh\u00e4ltlich ist. Dieses Messer hat immer wieder bewiesen, dass es jedem Hindernis standh\u00e4lt und wird bald nach der zweiten H\u00e4lfte dieses Doppelklingensatzes suchen.<\/p>\n<p>Gesamtl\u00e4nge: 22 cm<br \/>\nKlingenl\u00e4nge: 8,6 cm<br \/>\nKlingenmaterial: B\u00f6hler M390<br \/>\nKlingenstil: Dolch<br \/>\nEins\u00e4tze: Flach<br \/>\nRandtyp: Uni<br \/>\nGriffmaterial: Aluminium<br \/>\nGewicht: 3,60 Unzen.<br \/>\nBenutzer: Rechte Hand<br \/>\nTaschenclip: Tip-Down<br \/>\nMessertyp: Double-Action OTF Automatic<br \/>\n\u00d6ffner: Daumenschieber<br \/>\nMarke: Microtech<br \/>\nModell: Ultratech<\/p>\n<p><iframe title=\"Microtech Combat Troodon Torture Test\" width=\"800\" height=\"450\" src=\"https:\/\/www.youtube.com\/embed\/xE9TeOFYEjg?feature=oembed\" frameborder=\"0\" allow=\"accelerometer; autoplay; clipboard-write; encrypted-media; gyroscope; picture-in-picture; web-share\" allowfullscreen><\/iframe><\/p>\n<p>&nbsp;<\/p>\n<p>MT12113DC: 123-13DC Death Card Standard Drop Point Ultratech, links<br \/>\nMikrotechnik<\/p>\n<p>Das Ultratech wird f\u00fcr immer den Standard f\u00fcr alle Out-the-Front-Messer setzen. Das Ultratech ist Microtechs urspr\u00fcngliches Dual-Action-Out-the-Front-Messer und bildet die Grundlage der gesamten OTF-Linie. Im Laufe der Jahre wurde es mehreren Modifikationen unterzogen, die jedes Mal effizienter und zuverl\u00e4ssiger wurden. Diese Version verf\u00fcgt \u00fcber die verbesserte Tri-Grip-Textur auf dem Daumenschieber f\u00fcr einen besseren Halt und apokalyptische Hardware f\u00fcr einen sch\u00f6nen Kontrast. Die Aluminiumgriffe haben die linke H\u00e4lfte eines Pik-Asses und gekreuzter Knochen mit dem lateinischen Zitat \u201eMemento Mori\u201c, das an die Moral erinnert, die aus einer antiken r\u00f6mischen Praxis auf der bronzenen apokalyptischen Standard-Drop-Point-Klinge stammt. Sobald r\u00f6mische Gener\u00e4le w\u00e4hrend der Siegesparade aus der Schlacht zur\u00fcckkehrten, ging ein Sklave hinter ihm her und murmelte eine Version dieses Ausdrucks, um ihn daran zu erinnern, dass er nur ein Mann war und nicht Opfer von Hochmut und Gr\u00f6\u00dfenwahn wurde. Die Feder des Ultratech bleibt stets in einer Ruheposition, au\u00dfer im ausgefahrenen Zustand. Dadurch wird sichergestellt, dass die zusammengedr\u00fcckte Feder nicht erm\u00fcdet und der Benutzer sicherstellt, dass das Messer beim Abfeuern effektiv funktioniert. Das leichte, einh\u00e4ndig zu \u00f6ffnende und zu schlie\u00dfende Ultratech, die schlanke Form und die skalpellscharfe Dro-Point-Klinge machen es zu einem einzigartigen Messer, das nur bei Microtech erh\u00e4ltlich ist. Dieses Messer hat immer wieder bewiesen, dass es jedem Hindernis standh\u00e4lt, und die andere H\u00e4lfte dieses Zwei-Klingen-Paarsatzes erscheint bald. Bitte beachten Sie, dass das Foto mit zwei Messern nur als Referenz dient. Enth\u00e4lt nur ein Messer.<br \/>\nSpezifikationen<\/p>\n<p>Automatisches \u00d6ffnen\/Schlie\u00dfen \u2013 Front\u00f6ffner<br \/>\nAktion: Dual Action \u2013 Automatisches Feuern\/Einfahren<br \/>\nKlingenl\u00e4nge: 3,46 Zoll<br \/>\nKlingenstil: Drop Point, Bronze Apocalyptic<br \/>\nGriffst\u00e4rke: 0,640 Zoll<br \/>\nGriffmaterial: 6061-T6-Aluminium mit schwarzer Mil-Spec-Hartanodisierung<br \/>\nL\u00e4nge geschlossen: 4,84&#8243;<br \/>\nL\u00e4nge offen: 8,30&#8243;<br \/>\nMaterial des Taschenclips: Edelstahl 301<br \/>\nStandardoberteil: 6061-T6 AL-Legierung<br \/>\nAbzug: 303 Edelstahl<br \/>\nFensterbrecher<br \/>\nHergestellt in den USA<\/p>\n","protected":false},"excerpt":{"rendered":"<div class=\"elementor-element elementor-element-bbb542b elementor-widget elementor-widget-woocommerce-product-short-description\" data-id=\"bbb542b\" data-element_type=\"widget\" data-widget_type=\"woocommerce-product-short-description.default\">\n<div class=\"elementor-widget-container\">\n<div class=\"woocommerce-product-details__short-description\">\n<p>Im Laufe der Jahre hat <strong>Microtech\u00ae<\/strong> Knives Messer mit Leidenschaft und K\u00f6nnen gef\u00fcllt, um nahezu Kunstwerke zu schaffen, die den Gipfel der Funktionalit\u00e4t darstellen. Alle Teile werden in den USA hergestellt.<br \/>\n<strong>F\u00fcr alle Microtech-Messer gilt eine lebenslange Garantie.<\/strong><\/p>\n<p><strong>Kostenloser Transport.<\/strong><\/p>\n<\/div>\n<\/div>\n<\/div>\n","protected":false},"featured_media":307164,"comment_status":"open","ping_status":"closed","template":"","meta":[],"pwb-brand":[3278],"product_brand":[],"product_cat":[3285,3343],"product_tag":[3669],"class_list":{"0":"post-307161","1":"product","2":"type-product","3":"status-publish","4":"has-post-thumbnail","6":"pwb-brand-microtech-de","7":"product_cat-messer","8":"product_cat-schiesmesser","9":"product_tag-b2b-de","11":"first","12":"outofstock","13":"taxable","14":"shipping-taxable","15":"purchasable","16":"product-type-simple"},"brands":[{"id":3278,"name":"Microtech","slug":"microtech-de"}],"_links":{"self":[{"href":"https:\/\/www.moskito.cz\/de\/wp-json\/wp\/v2\/product\/307161","targetHints":{"allow":["GET"]}}],"collection":[{"href":"https:\/\/www.moskito.cz\/de\/wp-json\/wp\/v2\/product"}],"about":[{"href":"https:\/\/www.moskito.cz\/de\/wp-json\/wp\/v2\/types\/product"}],"replies":[{"embeddable":true,"href":"https:\/\/www.moskito.cz\/de\/wp-json\/wp\/v2\/comments?post=307161"}],"wp:featuredmedia":[{"embeddable":true,"href":"https:\/\/www.moskito.cz\/de\/wp-json\/wp\/v2\/media\/307164"}],"wp:attachment":[{"href":"https:\/\/www.moskito.cz\/de\/wp-json\/wp\/v2\/media?parent=307161"}],"wp:term":[{"taxonomy":"pwb-brand","embeddable":true,"href":"https:\/\/www.moskito.cz\/de\/wp-json\/wp\/v2\/pwb-brand?post=307161"},{"taxonomy":"product_brand","embeddable":true,"href":"https:\/\/www.moskito.cz\/de\/wp-json\/wp\/v2\/product_brand?post=307161"},{"taxonomy":"product_cat","embeddable":true,"href":"https:\/\/www.moskito.cz\/de\/wp-json\/wp\/v2\/product_cat?post=307161"},{"taxonomy":"product_tag","embeddable":true,"href":"https:\/\/www.moskito.cz\/de\/wp-json\/wp\/v2\/product_tag?post=307161"}],"curies":[{"name":"wp","href":"https:\/\/api.w.org\/{rel}","templated":true}]}}