{"id":307204,"date":"2020-06-15T19:59:45","date_gmt":"2024-02-06T10:45:19","guid":{"rendered":"https:\/\/www.moskito.cz\/produkt\/rettungsholz-schliessmesser\/"},"modified":"2025-07-11T07:51:36","modified_gmt":"2025-07-11T06:51:36","slug":"rettungsholz-schliessmesser","status":"publish","type":"product","link":"https:\/\/www.moskito.cz\/de\/produkt\/rettungsholz-schliessmesser\/","title":{"rendered":"Rettungsholz-Schlie\u00dfmesser"},"content":{"rendered":"<p>Rettungsholz-Schlie\u00dfmesser.<\/p>\n<p>Das Messer verf\u00fcgt \u00fcber eine \u00d6ffnungshilfe. Die L\u00e4nge des geschlossenen Messers betr\u00e4gt 12 cm. Die L\u00e4nge der halbgezahnten Klinge betr\u00e4gt 9 cm. Das Messer hat eine schwarze Oberfl\u00e4che, einen Glasbrecher, einen Sicherheitsgurtschneider und einen Tropfclip.<\/p>\n<p>&nbsp;<\/p>\n<p>&nbsp;<\/p>\n","protected":false},"excerpt":{"rendered":"<p>Sicherheitsmesser.<\/p>\n","protected":false},"featured_media":168676,"comment_status":"open","ping_status":"closed","template":"","meta":[],"pwb-brand":[3528],"product_brand":[],"product_cat":[3285,3303],"product_tag":[],"class_list":{"0":"post-307204","1":"product","2":"type-product","3":"status-publish","4":"has-post-thumbnail","6":"pwb-brand-mtech-de","7":"product_cat-messer","8":"product_cat-schliesmesser","10":"first","11":"outofstock","12":"taxable","13":"shipping-taxable","14":"purchasable","15":"product-type-simple"},"brands":[{"id":3528,"name":"MTech","slug":"mtech-de"}],"_links":{"self":[{"href":"https:\/\/www.moskito.cz\/de\/wp-json\/wp\/v2\/product\/307204","targetHints":{"allow":["GET"]}}],"collection":[{"href":"https:\/\/www.moskito.cz\/de\/wp-json\/wp\/v2\/product"}],"about":[{"href":"https:\/\/www.moskito.cz\/de\/wp-json\/wp\/v2\/types\/product"}],"replies":[{"embeddable":true,"href":"https:\/\/www.moskito.cz\/de\/wp-json\/wp\/v2\/comments?post=307204"}],"wp:featuredmedia":[{"embeddable":true,"href":"https:\/\/www.moskito.cz\/de\/wp-json\/wp\/v2\/media\/168676"}],"wp:attachment":[{"href":"https:\/\/www.moskito.cz\/de\/wp-json\/wp\/v2\/media?parent=307204"}],"wp:term":[{"taxonomy":"pwb-brand","embeddable":true,"href":"https:\/\/www.moskito.cz\/de\/wp-json\/wp\/v2\/pwb-brand?post=307204"},{"taxonomy":"product_brand","embeddable":true,"href":"https:\/\/www.moskito.cz\/de\/wp-json\/wp\/v2\/product_brand?post=307204"},{"taxonomy":"product_cat","embeddable":true,"href":"https:\/\/www.moskito.cz\/de\/wp-json\/wp\/v2\/product_cat?post=307204"},{"taxonomy":"product_tag","embeddable":true,"href":"https:\/\/www.moskito.cz\/de\/wp-json\/wp\/v2\/product_tag?post=307204"}],"curies":[{"name":"wp","href":"https:\/\/api.w.org\/{rel}","templated":true}]}}