{"id":307232,"date":"2020-07-28T20:31:03","date_gmt":"2024-02-06T10:45:46","guid":{"rendered":"https:\/\/www.moskito.cz\/produkt\/schiessmesser-microtech-ultratech-122-3-t\/"},"modified":"2025-07-11T07:51:48","modified_gmt":"2025-07-11T06:51:48","slug":"schiessmesser-microtech-ultratech-122-3-t","status":"publish","type":"product","link":"https:\/\/www.moskito.cz\/de\/produkt\/schiessmesser-microtech-ultratech-122-3-t\/","title":{"rendered":"Schie\u00dfmesser Microtech Ultratech 122-3 T"},"content":{"rendered":"<p>Schie\u00dfmesser <strong>Microtech<\/strong> Ultratech 122-3 T.<br \/>\nVon vorne abfeuerndes, halbgezahntes Messer.<\/p>\n<p>Das Ultratech ist mit einer klassischen Klinge und einer gezackten Klinge mit schwarzem Finish ausgestattet. Es verf\u00fcgt \u00fcber einen geformten Aluminiumgriff aus eloxiertem 6061-T6-Aluminium mit blauer Oberfl\u00e4che, Sicherheit und Edelstahlverst\u00e4rkung.<\/p>\n<p><strong>Das Schie\u00dfmesser Microtech<\/strong> Ultratech 122-3 T hat diese Version des allseits beliebten Ultratech D\/A OTF-Messers mit einem glatt konturierten Griffdesign ausgestattet, das den Bedienkomfort erh\u00f6ht. Dieses aktualisierte Modell bietet die gleichen Abmessungen, Hardware und Haltbarkeit wie die \u201eTri-Grip\u201c-Variante, passt aber leichter in Hand und Tasche.<\/p>\n<p>F\u00fcr diejenigen, die mit Ultratech nicht vertraut sind: Es handelt sich um ein vollautomatisches Messer mit einem Doppelmechanismus an der Vorderseite, das hei\u00dft, die Klinge l\u00e4sst sich mit dem Daumen ein- und ausklappen. Das Ultratech-Messer von <strong>Microtech<\/strong> setzt neue Ma\u00dfst\u00e4be f\u00fcr alle OTF-Messer.<\/p>\n<p>Gesamtl\u00e4nge: 22 cm<br \/>\nKlingenl\u00e4nge: 8,6 cm<br \/>\nKlingenmaterial: B\u00f6hler M390<br \/>\nKlingenstil: Dolch<br \/>\nEins\u00e4tze: Flach<br \/>\nGriffmaterial: Aluminium<br \/>\nGewicht: 3,60 Unzen.<br \/>\nBenutzer: Rechte Hand<br \/>\nTaschenclip: Tip-Down<br \/>\nMessertyp: Double-Action OTF Automatic<br \/>\n\u00d6ffner: Daumenschieber<br \/>\nMarke: Microtech<br \/>\nModell: Ultratech<br \/>\nModellnummer: 122-3T<br \/>\nHerkunftsland: USA<br \/>\nBeste Verwendung: T\u00e4glich<\/p>\n<p><iframe title=\"Microtech Combat Troodon Torture Test\" width=\"800\" height=\"450\" src=\"https:\/\/www.youtube.com\/embed\/xE9TeOFYEjg?feature=oembed\" frameborder=\"0\" allow=\"accelerometer; autoplay; clipboard-write; encrypted-media; gyroscope; picture-in-picture; web-share\" allowfullscreen><\/iframe><\/p>\n<p>&nbsp;<\/p>\n","protected":false},"excerpt":{"rendered":"<p>Im Laufe der Jahre hat <strong>Microtech\u00ae Knives<\/strong> Messer mit Leidenschaft und K\u00f6nnen gef\u00fcllt, um nahezu Kunstwerke zu schaffen, die den Gipfel der Funktionalit\u00e4t darstellen. Alle Teile werden in den USA hergestellt.<br \/>\n<strong>F\u00fcr alle Microtech-Messer gilt eine lebenslange Garantie.<\/strong><\/p>\n<p><strong>Kostenloser Transport.<\/strong><\/p>\n","protected":false},"featured_media":204544,"comment_status":"open","ping_status":"closed","template":"","meta":[],"pwb-brand":[3278],"product_brand":[],"product_cat":[3285,3343],"product_tag":[3669],"class_list":{"0":"post-307232","1":"product","2":"type-product","3":"status-publish","4":"has-post-thumbnail","6":"pwb-brand-microtech-de","7":"product_cat-messer","8":"product_cat-schiesmesser","9":"product_tag-b2b-de","11":"first","12":"instock","13":"taxable","14":"shipping-taxable","15":"purchasable","16":"product-type-simple"},"brands":[{"id":3278,"name":"Microtech","slug":"microtech-de"}],"_links":{"self":[{"href":"https:\/\/www.moskito.cz\/de\/wp-json\/wp\/v2\/product\/307232","targetHints":{"allow":["GET"]}}],"collection":[{"href":"https:\/\/www.moskito.cz\/de\/wp-json\/wp\/v2\/product"}],"about":[{"href":"https:\/\/www.moskito.cz\/de\/wp-json\/wp\/v2\/types\/product"}],"replies":[{"embeddable":true,"href":"https:\/\/www.moskito.cz\/de\/wp-json\/wp\/v2\/comments?post=307232"}],"wp:featuredmedia":[{"embeddable":true,"href":"https:\/\/www.moskito.cz\/de\/wp-json\/wp\/v2\/media\/204544"}],"wp:attachment":[{"href":"https:\/\/www.moskito.cz\/de\/wp-json\/wp\/v2\/media?parent=307232"}],"wp:term":[{"taxonomy":"pwb-brand","embeddable":true,"href":"https:\/\/www.moskito.cz\/de\/wp-json\/wp\/v2\/pwb-brand?post=307232"},{"taxonomy":"product_brand","embeddable":true,"href":"https:\/\/www.moskito.cz\/de\/wp-json\/wp\/v2\/product_brand?post=307232"},{"taxonomy":"product_cat","embeddable":true,"href":"https:\/\/www.moskito.cz\/de\/wp-json\/wp\/v2\/product_cat?post=307232"},{"taxonomy":"product_tag","embeddable":true,"href":"https:\/\/www.moskito.cz\/de\/wp-json\/wp\/v2\/product_tag?post=307232"}],"curies":[{"name":"wp","href":"https:\/\/api.w.org\/{rel}","templated":true}]}}