{"id":307238,"date":"2022-07-08T16:07:24","date_gmt":"2024-02-06T10:48:07","guid":{"rendered":"https:\/\/www.moskito.cz\/produkt\/feststehendes-messer-extrema-ratio-fulcrum-bayonet-nfg-desert-sw\/"},"modified":"2025-05-07T10:57:43","modified_gmt":"2025-05-07T09:57:43","slug":"feststehendes-messer-extrema-ratio-fulcrum-bayonet-nfg-desert-sw","status":"publish","type":"product","link":"https:\/\/www.moskito.cz\/de\/produkt\/feststehendes-messer-extrema-ratio-fulcrum-bayonet-nfg-desert-sw\/","title":{"rendered":"Feststehendes Messer Extrema Ratio FULCRUM BAYONET NFG DESERT SW"},"content":{"rendered":"<p>Feststehendes Messer <strong>Extrema Ratio<\/strong> FULCRUM BAYONET NFG DESERT SW<\/p>\n<p>Eine leichte Version des Standard-Fulcrum-Bajonetts. Wird mit Drahtschneider, steingewaschener Klinge, Desert-Griff und Desert-Nylonscheide geliefert. Abdeckungen und Befestigungsgetriebe ARX16, M4\/M16. Auch in der zivilen Version erh\u00e4ltlich (NFG \u2013 No Fixing Gears).<br \/>\nGEWICHT G: 382<br \/>\nGEWICHT OZ.: 13,5<br \/>\nKLINGENL\u00c4NGE (MM): 180<br \/>\nKLINGENL\u00c4NGE (IN): 7,1<br \/>\nGESAMTL\u00c4NGE (MM): 309<br \/>\nGESAMTL\u00c4NGE (IN): 12,2<br \/>\nKLINGENST\u00c4RKE (MM): 6,3<br \/>\nKLINGENST\u00c4RKE (IN): 0,25<br \/>\nTEILZ\u00c4HNE (MM): 40<br \/>\nTEILZ\u00c4HNE (IN): 1,6<br \/>\nKLINGENMATERIAL: B\u00d6HLER N690 STAHL (58HRC)<br \/>\nKLINGENOBERFL\u00c4CHENBEHANDLUNG: SATIN<br \/>\nHAUPTGITTER: FLACH<br \/>\nGRIFFMATERIAL: FORPRENE<\/p>\n","protected":false},"excerpt":{"rendered":"<p><strong>Extrema Ratio mit Sitz in Prato, Italien,<\/strong> entwirft und produziert seit 1997 leistungsstarke Kampf-, Milit\u00e4r-, K\u00fcchen-, Jagd- und taktische Messer und genie\u00dft einen Ruf f\u00fcr \u00fcberlegene Qualit\u00e4t, die in der Milit\u00e4r- und taktischen Messerbranche ihresgleichen sucht. <strong>Kostenloser Transport<\/strong> .<\/p>\n","protected":false},"featured_media":307239,"comment_status":"open","ping_status":"closed","template":"","meta":[],"pwb-brand":[3539],"product_brand":[],"product_cat":[3287,3285],"product_tag":[],"class_list":{"0":"post-307238","1":"product","2":"type-product","3":"status-publish","4":"has-post-thumbnail","6":"pwb-brand-extrema-verhaltnis","7":"product_cat-solide-messer","8":"product_cat-messer","10":"first","11":"instock","12":"taxable","13":"shipping-taxable","14":"purchasable","15":"product-type-simple"},"brands":[{"id":3539,"name":"Extrema-Verh\u00e4ltnis","slug":"extrema-verhaltnis"}],"_links":{"self":[{"href":"https:\/\/www.moskito.cz\/de\/wp-json\/wp\/v2\/product\/307238","targetHints":{"allow":["GET"]}}],"collection":[{"href":"https:\/\/www.moskito.cz\/de\/wp-json\/wp\/v2\/product"}],"about":[{"href":"https:\/\/www.moskito.cz\/de\/wp-json\/wp\/v2\/types\/product"}],"replies":[{"embeddable":true,"href":"https:\/\/www.moskito.cz\/de\/wp-json\/wp\/v2\/comments?post=307238"}],"wp:featuredmedia":[{"embeddable":true,"href":"https:\/\/www.moskito.cz\/de\/wp-json\/wp\/v2\/media\/307239"}],"wp:attachment":[{"href":"https:\/\/www.moskito.cz\/de\/wp-json\/wp\/v2\/media?parent=307238"}],"wp:term":[{"taxonomy":"pwb-brand","embeddable":true,"href":"https:\/\/www.moskito.cz\/de\/wp-json\/wp\/v2\/pwb-brand?post=307238"},{"taxonomy":"product_brand","embeddable":true,"href":"https:\/\/www.moskito.cz\/de\/wp-json\/wp\/v2\/product_brand?post=307238"},{"taxonomy":"product_cat","embeddable":true,"href":"https:\/\/www.moskito.cz\/de\/wp-json\/wp\/v2\/product_cat?post=307238"},{"taxonomy":"product_tag","embeddable":true,"href":"https:\/\/www.moskito.cz\/de\/wp-json\/wp\/v2\/product_tag?post=307238"}],"curies":[{"name":"wp","href":"https:\/\/api.w.org\/{rel}","templated":true}]}}