{"id":307291,"date":"2019-06-01T16:09:25","date_gmt":"2024-02-06T10:56:06","guid":{"rendered":"https:\/\/www.moskito.cz\/produkt\/pfefferspray-schaumstopper-63ml\/"},"modified":"2025-07-11T07:49:06","modified_gmt":"2025-07-11T06:49:06","slug":"pfefferspray-schaumstopper-63ml","status":"publish","type":"product","link":"https:\/\/www.moskito.cz\/de\/produkt\/pfefferspray-schaumstopper-63ml\/","title":{"rendered":"Pfefferspray-Schaumstopper 63ml"},"content":{"rendered":"<p>Pfefferspray-Schaumstopper 63ml.<\/p>\n<p>Sehr wirksames Schaumabwehrspray. Inhalt 20 ml. OC ist ein nat\u00fcrlicher Extrakt aus Chilischoten. STOPER bewirkt, dass Schaum das Gesicht bedeckt. Es enth\u00e4lt 10 % OC (Oleoharz-Paprika) und sorgt f\u00fcr eine sofortige Wirkung auf die betroffenen Schleimh\u00e4ute: vor\u00fcbergehende Blindheit, Atemnot, Reizhusten und starkes Brennen der Haut. Das Spray ist mit einer Sicherung gegen spontane Aktivierung ausgestattet \u2013 geeignet f\u00fcr Frauen. Es wirkt auch gegen aggressive Tiere.<\/p>\n","protected":false},"excerpt":{"rendered":"<p>Abwehrschaum-Pfefferspray Stoper2 63ml.<\/p>\n","protected":false},"featured_media":164361,"comment_status":"open","ping_status":"closed","template":"","meta":[],"pwb-brand":[],"product_brand":[],"product_cat":[3505],"product_tag":[],"class_list":{"0":"post-307291","1":"product","2":"type-product","3":"status-publish","4":"has-post-thumbnail","6":"product_cat-abwehrsprays","8":"first","9":"instock","10":"taxable","11":"shipping-taxable","12":"purchasable","13":"product-type-simple"},"brands":[],"_links":{"self":[{"href":"https:\/\/www.moskito.cz\/de\/wp-json\/wp\/v2\/product\/307291","targetHints":{"allow":["GET"]}}],"collection":[{"href":"https:\/\/www.moskito.cz\/de\/wp-json\/wp\/v2\/product"}],"about":[{"href":"https:\/\/www.moskito.cz\/de\/wp-json\/wp\/v2\/types\/product"}],"replies":[{"embeddable":true,"href":"https:\/\/www.moskito.cz\/de\/wp-json\/wp\/v2\/comments?post=307291"}],"wp:featuredmedia":[{"embeddable":true,"href":"https:\/\/www.moskito.cz\/de\/wp-json\/wp\/v2\/media\/164361"}],"wp:attachment":[{"href":"https:\/\/www.moskito.cz\/de\/wp-json\/wp\/v2\/media?parent=307291"}],"wp:term":[{"taxonomy":"pwb-brand","embeddable":true,"href":"https:\/\/www.moskito.cz\/de\/wp-json\/wp\/v2\/pwb-brand?post=307291"},{"taxonomy":"product_brand","embeddable":true,"href":"https:\/\/www.moskito.cz\/de\/wp-json\/wp\/v2\/product_brand?post=307291"},{"taxonomy":"product_cat","embeddable":true,"href":"https:\/\/www.moskito.cz\/de\/wp-json\/wp\/v2\/product_cat?post=307291"},{"taxonomy":"product_tag","embeddable":true,"href":"https:\/\/www.moskito.cz\/de\/wp-json\/wp\/v2\/product_tag?post=307291"}],"curies":[{"name":"wp","href":"https:\/\/api.w.org\/{rel}","templated":true}]}}