{"id":307308,"date":"2019-08-10T14:39:55","date_gmt":"2024-02-06T10:56:11","guid":{"rendered":"https:\/\/www.moskito.cz\/produkt\/wurfmesser\/"},"modified":"2025-07-11T07:49:35","modified_gmt":"2025-07-11T06:49:35","slug":"wurfmesser","status":"publish","type":"product","link":"https:\/\/www.moskito.cz\/de\/produkt\/wurfmesser\/","title":{"rendered":"Wurfmesser"},"content":{"rendered":"<p>Wurfmesser.<\/p>\n<p>Die Gesamtl\u00e4nge des Messers betr\u00e4gt 25 cm. Die zweischneidige Klinge aus rostfreiem Stahl ist 14 cm lang. Das Geh\u00e4use besteht aus schwarzem Nylon.<\/p>\n","protected":false},"excerpt":{"rendered":"<p>Trainingsmesser.<\/p>\n","protected":false},"featured_media":198143,"comment_status":"open","ping_status":"closed","template":"","meta":[],"pwb-brand":[3522],"product_brand":[],"product_cat":[3285,3542],"product_tag":[],"class_list":{"0":"post-307308","1":"product","2":"type-product","3":"status-publish","4":"has-post-thumbnail","6":"pwb-brand-pakistan-de","7":"product_cat-messer","8":"product_cat-messer-werfen","10":"first","11":"outofstock","12":"taxable","13":"shipping-taxable","14":"purchasable","15":"product-type-simple"},"brands":[{"id":3522,"name":"Pakistan","slug":"pakistan-de"}],"_links":{"self":[{"href":"https:\/\/www.moskito.cz\/de\/wp-json\/wp\/v2\/product\/307308","targetHints":{"allow":["GET"]}}],"collection":[{"href":"https:\/\/www.moskito.cz\/de\/wp-json\/wp\/v2\/product"}],"about":[{"href":"https:\/\/www.moskito.cz\/de\/wp-json\/wp\/v2\/types\/product"}],"replies":[{"embeddable":true,"href":"https:\/\/www.moskito.cz\/de\/wp-json\/wp\/v2\/comments?post=307308"}],"wp:featuredmedia":[{"embeddable":true,"href":"https:\/\/www.moskito.cz\/de\/wp-json\/wp\/v2\/media\/198143"}],"wp:attachment":[{"href":"https:\/\/www.moskito.cz\/de\/wp-json\/wp\/v2\/media?parent=307308"}],"wp:term":[{"taxonomy":"pwb-brand","embeddable":true,"href":"https:\/\/www.moskito.cz\/de\/wp-json\/wp\/v2\/pwb-brand?post=307308"},{"taxonomy":"product_brand","embeddable":true,"href":"https:\/\/www.moskito.cz\/de\/wp-json\/wp\/v2\/product_brand?post=307308"},{"taxonomy":"product_cat","embeddable":true,"href":"https:\/\/www.moskito.cz\/de\/wp-json\/wp\/v2\/product_cat?post=307308"},{"taxonomy":"product_tag","embeddable":true,"href":"https:\/\/www.moskito.cz\/de\/wp-json\/wp\/v2\/product_tag?post=307308"}],"curies":[{"name":"wp","href":"https:\/\/api.w.org\/{rel}","templated":true}]}}