{"id":307311,"date":"2019-06-01T16:22:54","date_gmt":"2024-02-06T10:56:11","guid":{"rendered":"https:\/\/www.moskito.cz\/produkt\/pfefferspray-esp-tornado-63-ml\/"},"modified":"2025-07-11T07:49:07","modified_gmt":"2025-07-11T06:49:07","slug":"pfefferspray-esp-tornado-63-ml","status":"publish","type":"product","link":"https:\/\/www.moskito.cz\/de\/produkt\/pfefferspray-esp-tornado-63-ml\/","title":{"rendered":"Pfefferspray ESP Tornado 63 ml"},"content":{"rendered":"<p>Pfefferspray ESP Tornado 63 ml &#8211; Nach dem Entleeren des POLICE TORNADO \u00ae Spr\u00fchbeh\u00e4lters kann das Lichtmodul wieder in einen Ersatzbeh\u00e4lter montiert werden.<\/p>\n<p>Gebrauchsanweisung:<\/p>\n<p>Bei Bedrohung das Spr\u00fchventil aus 1-3 m Entfernung auf den Angreifer richten und ca. 1 Sekunde lang in kurzen St\u00f6\u00dfen spr\u00fchen (gegen den Wind). Nicht gegen den Wind spr\u00fchen. Nicht in kleinen oder geschlossenen R\u00e4umen (z. B. im Aufzug, Auto) und in einem Abstand von weniger als 1 m verwenden, da die Gefahr besteht, dass der Benutzer selbst getroffen wird. Schl\u00e4ge ins Gesicht f\u00fchren zu starkem Brennen der Augen und Husten. Der Angreifer ist etwa 30 Minuten lang desorientiert.<\/p>\n<p>Beachten:<\/p>\n<p>ESP Tornado Pfefferspray 63 ml dient ausschlie\u00dflich der Selbstverteidigung, Missbrauch ist strafbar. Das Spray darf nicht bei schwangeren Frauen, Personen unter 15 Jahren, kranken Personen und \u00e4lteren Personen angewendet werden. Verkauf nur an Personen \u00fcber 18 Jahre.<\/p>\n<p>Aufmerksamkeit:<\/p>\n<p>Es reizt die Haut. Verursacht schwere Augenreizung. Kann Reizungen der Atemwege verursachen. Kontakt mit Haut und Augen vermeiden. An einem gut bel\u00fcfteten Ort aufbewahren. Das Aerosol nicht einatmen. Au\u00dferhalb der Reichweite von Kindern aufbewahren. Von Hitze\/Funken\/offener Flamme\/hei\u00dfen Oberfl\u00e4chen fernhalten. &#8211; Rauchen verboten. Unter Druck stehende Verpackung: Auch nach Gebrauch nicht durchstechen oder verbrennen. Vor Sonnenlicht sch\u00fctzen. Nicht Temperaturen \u00fcber 50 \u00b0C \/ 122 \u00b0F aussetzen. Entsorgen Sie die Verpackung und den restlichen Inhalt bei einer Sonderm\u00fcllsammelstelle.<\/p>\n<p>ERSTE-HILFE-KASTEN:<\/p>\n<ul>\n<li>BEI KONTAKT MIT DEN AUGEN: Einige Minuten lang vorsichtig mit Wasser sp\u00fclen. Entfernen Sie Kontaktlinsen, sofern diese getragen werden und sich leicht entfernen lassen. Sp\u00fclen Sie weiter. BEI BER\u00dcHRUNG MIT DER HAUT: Mit viel Wasser und Seife waschen. Keine Cremes, Salben und \u00d6le verwenden. Im Falle eines Inhalationsunfalls das Opfer an die frische Luft bringen und ruhig halten. Wenn das Problem nach einer Stunde nicht verschwindet, suchen Sie sofort einen Arzt auf. Bei Verschlucken sofort einen Arzt aufsuchen und diesen Beh\u00e4lter vorzeigen.<\/li>\n<li>Reizender Bestandteil von OC. 30 % des F\u00fcllgewichts sind brennbar. Verfallsdatum: auf der Unterseite des Beh\u00e4lters.<\/li>\n<\/ul>\n","protected":false},"excerpt":{"rendered":"<p>Pfefferspray.<\/p>\n","protected":false},"featured_media":164366,"comment_status":"open","ping_status":"closed","template":"","meta":[],"pwb-brand":[3493],"product_brand":[],"product_cat":[3505],"product_tag":[],"class_list":{"0":"post-307311","1":"product","2":"type-product","3":"status-publish","4":"has-post-thumbnail","6":"pwb-brand-insb","7":"product_cat-abwehrsprays","9":"first","10":"instock","11":"taxable","12":"shipping-taxable","13":"purchasable","14":"product-type-simple"},"brands":[{"id":3493,"name":"insb","slug":"insb"}],"_links":{"self":[{"href":"https:\/\/www.moskito.cz\/de\/wp-json\/wp\/v2\/product\/307311","targetHints":{"allow":["GET"]}}],"collection":[{"href":"https:\/\/www.moskito.cz\/de\/wp-json\/wp\/v2\/product"}],"about":[{"href":"https:\/\/www.moskito.cz\/de\/wp-json\/wp\/v2\/types\/product"}],"replies":[{"embeddable":true,"href":"https:\/\/www.moskito.cz\/de\/wp-json\/wp\/v2\/comments?post=307311"}],"wp:featuredmedia":[{"embeddable":true,"href":"https:\/\/www.moskito.cz\/de\/wp-json\/wp\/v2\/media\/164366"}],"wp:attachment":[{"href":"https:\/\/www.moskito.cz\/de\/wp-json\/wp\/v2\/media?parent=307311"}],"wp:term":[{"taxonomy":"pwb-brand","embeddable":true,"href":"https:\/\/www.moskito.cz\/de\/wp-json\/wp\/v2\/pwb-brand?post=307311"},{"taxonomy":"product_brand","embeddable":true,"href":"https:\/\/www.moskito.cz\/de\/wp-json\/wp\/v2\/product_brand?post=307311"},{"taxonomy":"product_cat","embeddable":true,"href":"https:\/\/www.moskito.cz\/de\/wp-json\/wp\/v2\/product_cat?post=307311"},{"taxonomy":"product_tag","embeddable":true,"href":"https:\/\/www.moskito.cz\/de\/wp-json\/wp\/v2\/product_tag?post=307311"}],"curies":[{"name":"wp","href":"https:\/\/api.w.org\/{rel}","templated":true}]}}