{"id":307322,"date":"2019-08-13T16:43:09","date_gmt":"2024-02-06T10:56:14","guid":{"rendered":"https:\/\/www.moskito.cz\/produkt\/spitzer-vulkanus-classic-g2-messerschaerfer\/"},"modified":"2025-07-11T07:49:36","modified_gmt":"2025-07-11T06:49:36","slug":"spitzer-vulkanus-classic-g2-messerschaerfer","status":"publish","type":"product","link":"https:\/\/www.moskito.cz\/de\/produkt\/spitzer-vulkanus-classic-g2-messerschaerfer\/","title":{"rendered":"Spitzer Vulkanus Classic G2 Messersch\u00e4rfer"},"content":{"rendered":"<p>Spitzer Vulkanus Classic G2 Messersch\u00e4rfer<\/p>\n<p>Der Vulkanus Classic G2 Messersch\u00e4rfer der zweiten Generation ist da.<br \/>\nDie Sch\u00e4rfeins\u00e4tze wurden in Material und Form \u00fcberarbeitet, sodass ihre Standzeit um das Dreifache erh\u00f6ht und das Sch\u00e4rfergebnis noch besser werden konnte. Der Fokuswinkel wurde auf 11\u00b0 bis 21\u00b0 erweitert. Stabfedern sind bei der neuen Generation versteckt und ihre Druckkraft wurde deutlich erh\u00f6ht.<br \/>\nDar\u00fcber hinaus lassen sich Sch\u00e4rfelemente bei Bedarf jetzt viel einfacher austauschen.<\/p>\n<p>Der Messersch\u00e4rfer Vulkanus Classic G2 wurde von Harald Stallegger aus Salzburg erfunden und anschlie\u00dfend patentiert. Federbelastete St\u00e4be aus Hartlegierung (Zementkarbid) bleiben fest in Kontakt mit jeder Klingenform. Glatte und gezahnte Brotmesser k\u00f6nnen Sie ganz einfach und ohne unerw\u00fcnschte Kratzer sch\u00e4rfen.<br \/>\nEinfaches Schleifen, das jeder bew\u00e4ltigen kann. Alles, was Sie tun m\u00fcssen, ist, das Messer mehrmals mit der Spitze nach unten durch den Sch\u00e4rfer zu f\u00fchren, ohne erh\u00f6hten Druck zu ziehen und schon kann mit dem Schneiden fortgefahren werden. Das Mahlwerk funktioniert nach dem Prinzip eines patentierten Federsystems. Es besteht aus hochwertigem schwarzem Kunststoff.<\/p>\n<p>Messer und Schneidwerkzeuge werden von Menschen aller Kulturen und Epochen verwendet. Sie sind ein Symbol der Macht, sie werden als Kunstobjekte und Multifunktionswerkzeuge wahrgenommen.<br \/>\nF\u00fcr den Menschen war es schon immer wichtig oder sogar lebenswichtig, \u00fcber ein Messer oder eine Waffe mit der n\u00f6tigen Sch\u00e4rfe zu verf\u00fcgen.<br \/>\nDaher spielt der Beruf des Messersch\u00e4rfers seit jeher eine wichtige Rolle in der Gesellschaft. Das Sch\u00e4rfen von Messern ist so alt wie die Menschheitsgeschichte und immer noch interessant. Es gibt viele Messerklingen.<\/p>\n<p>W\u00e4hrend das Sch\u00e4rfen von Messern bisher gr\u00f6\u00dftenteils den Experten \u00fcberlassen wurde, hat Vulkanus einen Sch\u00e4rfer entwickelt, der so benutzerfreundlich ist, dass jeder ihn nutzen kann. Ein entsprechendes Messersch\u00e4rfger\u00e4t sollte heute in keinem modernen Haushalt mehr fehlen. Allerdings sind nur wenige der angebotenen Produkte wirklich einfach. Deshalb hat das \u00f6sterreichische Unternehmen bei der Entwicklung dieses Spitzers gro\u00dfen Wert darauf gelegt, ein universelles und einfach zu bedienendes Ger\u00e4t zu schaffen.<\/p>\n<p>Die Entwicklung des Messersch\u00e4rfers Vulkanus basiert auf der 20-j\u00e4hrigen Erfahrung des Firmeninhabers Harald Stallegger im Bereich Schneiden und Sch\u00e4rfen von Messern. Mit dem neuen \u201eVulkanus\u201c hat Stallegger einen Messersch\u00e4rfer entwickelt, der in verschiedenen Ausf\u00fchrungen erh\u00e4ltlich ist, um den unterschiedlichsten Anforderungen gerecht zu werden. Das patentierte Vulkanus-Produktsortiment, das eine Reihe einzigartiger Produkte (zum Sch\u00e4rfen und Schleifen sowohl glatter als auch gezahnter Klingen) umfasst, fand schnell internationale Vertriebspartner. Heute sind diese Produkte in hochwertigen Fachgesch\u00e4ften auf der ganzen Welt erh\u00e4ltlich.<\/p>\n<p>Als Familienunternehmen ist das Unternehmen kundenorientiertes Arbeiten gewohnt. Diese Einstellung wird durch hochwertiges Wachstum und kontinuierliche Produktentwicklung verst\u00e4rkt. INNOVATION \u2013 RECHT \u2013 QUALIT\u00c4T<\/p>\n<p>VULKANUS Vom Sushimesser bis zum Jagd- und Taschenmesser \u2013 mit dem VULKANUS\u00ae Classic aus sp\u00fclmaschinenfestem Kunststoff k\u00f6nnen Sie Ihre Lieblings-Arbeitsmesser ganz einfach sch\u00e4rfen. Ein wenig Konzentration und ein paar gleichm\u00e4\u00dfige Klingenbewegungen gen\u00fcgen, und Ihr Messer hat eine ultrascharfe Schneide ohne Kerben oder Kratzer. Fisch, Wild und Gem\u00fcse werden den Beweis liefern.<\/p>\n","protected":false},"excerpt":{"rendered":"<p>Ein einfacher und funktioneller Messersch\u00e4rfer.<br \/>\n<strong>Patentiertes<\/strong> Mahlsystem.<br \/>\nHergestellt in <strong>\u00d6sterreich<\/strong> .<\/p>\n","protected":false},"featured_media":175758,"comment_status":"open","ping_status":"closed","template":"","meta":[],"pwb-brand":[3364],"product_brand":[],"product_cat":[3346],"product_tag":[],"class_list":{"0":"post-307322","1":"product","2":"type-product","3":"status-publish","4":"has-post-thumbnail","6":"pwb-brand-vulkanus-de","7":"product_cat-schleifscheiben-und-stahle","9":"first","10":"instock","11":"taxable","12":"shipping-taxable","13":"purchasable","14":"product-type-simple"},"brands":[{"id":3364,"name":"Vulkanus","slug":"vulkanus-de"}],"_links":{"self":[{"href":"https:\/\/www.moskito.cz\/de\/wp-json\/wp\/v2\/product\/307322","targetHints":{"allow":["GET"]}}],"collection":[{"href":"https:\/\/www.moskito.cz\/de\/wp-json\/wp\/v2\/product"}],"about":[{"href":"https:\/\/www.moskito.cz\/de\/wp-json\/wp\/v2\/types\/product"}],"replies":[{"embeddable":true,"href":"https:\/\/www.moskito.cz\/de\/wp-json\/wp\/v2\/comments?post=307322"}],"wp:featuredmedia":[{"embeddable":true,"href":"https:\/\/www.moskito.cz\/de\/wp-json\/wp\/v2\/media\/175758"}],"wp:attachment":[{"href":"https:\/\/www.moskito.cz\/de\/wp-json\/wp\/v2\/media?parent=307322"}],"wp:term":[{"taxonomy":"pwb-brand","embeddable":true,"href":"https:\/\/www.moskito.cz\/de\/wp-json\/wp\/v2\/pwb-brand?post=307322"},{"taxonomy":"product_brand","embeddable":true,"href":"https:\/\/www.moskito.cz\/de\/wp-json\/wp\/v2\/product_brand?post=307322"},{"taxonomy":"product_cat","embeddable":true,"href":"https:\/\/www.moskito.cz\/de\/wp-json\/wp\/v2\/product_cat?post=307322"},{"taxonomy":"product_tag","embeddable":true,"href":"https:\/\/www.moskito.cz\/de\/wp-json\/wp\/v2\/product_tag?post=307322"}],"curies":[{"name":"wp","href":"https:\/\/api.w.org\/{rel}","templated":true}]}}