{"id":307354,"date":"2019-08-18T10:51:10","date_gmt":"2024-02-06T10:56:29","guid":{"rendered":"https:\/\/www.moskito.cz\/produkt\/joker-nr10-schliessmesser\/"},"modified":"2025-07-11T07:49:37","modified_gmt":"2025-07-11T06:49:37","slug":"joker-nr10-schliessmesser","status":"publish","type":"product","link":"https:\/\/www.moskito.cz\/de\/produkt\/joker-nr10-schliessmesser\/","title":{"rendered":"Joker NR10 Schlie\u00dfmesser"},"content":{"rendered":"<p><strong>Joker<\/strong> NR10 Schlie\u00dfmesser.<\/p>\n<p><strong>Joker-<\/strong> Messer stammen aus der spanischen Stadt Albacete, die f\u00fcr ihre Messerproduktion bekannt ist.<br \/>\nDie L\u00e4nge des geschlossenen Messers betr\u00e4gt 11,5 cm. Die L\u00e4nge der Molybd\u00e4n-Vanadium-Klinge betr\u00e4gt 95 mm. Der Griff ist aus Holz. Das Messer verf\u00fcgt \u00fcber eine Verriegelung gegen unbeabsichtigtes Schlie\u00dfen.<\/p>\n","protected":false},"excerpt":{"rendered":"<p><strong>Joker-<\/strong> Messer stammen aus der spanischen Stadt Albacete, die f\u00fcr ihre Messerproduktion bekannt ist.<br \/>\nKlassisches Klappmesser. Alle Komponenten des Messers bestehen aus hochbest\u00e4ndigem Edelstahl.<\/p>\n","protected":false},"featured_media":202919,"comment_status":"open","ping_status":"closed","template":"","meta":[],"pwb-brand":[3415],"product_brand":[],"product_cat":[3285,3303],"product_tag":[],"class_list":{"0":"post-307354","1":"product","2":"type-product","3":"status-publish","4":"has-post-thumbnail","6":"pwb-brand-joker-de","7":"product_cat-messer","8":"product_cat-schliesmesser","10":"first","11":"instock","12":"taxable","13":"shipping-taxable","14":"purchasable","15":"product-type-simple"},"brands":[{"id":3415,"name":"Joker","slug":"joker-de"}],"_links":{"self":[{"href":"https:\/\/www.moskito.cz\/de\/wp-json\/wp\/v2\/product\/307354","targetHints":{"allow":["GET"]}}],"collection":[{"href":"https:\/\/www.moskito.cz\/de\/wp-json\/wp\/v2\/product"}],"about":[{"href":"https:\/\/www.moskito.cz\/de\/wp-json\/wp\/v2\/types\/product"}],"replies":[{"embeddable":true,"href":"https:\/\/www.moskito.cz\/de\/wp-json\/wp\/v2\/comments?post=307354"}],"wp:featuredmedia":[{"embeddable":true,"href":"https:\/\/www.moskito.cz\/de\/wp-json\/wp\/v2\/media\/202919"}],"wp:attachment":[{"href":"https:\/\/www.moskito.cz\/de\/wp-json\/wp\/v2\/media?parent=307354"}],"wp:term":[{"taxonomy":"pwb-brand","embeddable":true,"href":"https:\/\/www.moskito.cz\/de\/wp-json\/wp\/v2\/pwb-brand?post=307354"},{"taxonomy":"product_brand","embeddable":true,"href":"https:\/\/www.moskito.cz\/de\/wp-json\/wp\/v2\/product_brand?post=307354"},{"taxonomy":"product_cat","embeddable":true,"href":"https:\/\/www.moskito.cz\/de\/wp-json\/wp\/v2\/product_cat?post=307354"},{"taxonomy":"product_tag","embeddable":true,"href":"https:\/\/www.moskito.cz\/de\/wp-json\/wp\/v2\/product_tag?post=307354"}],"curies":[{"name":"wp","href":"https:\/\/api.w.org\/{rel}","templated":true}]}}