{"id":307364,"date":"2019-08-31T16:34:06","date_gmt":"2024-02-06T10:56:32","guid":{"rendered":"https:\/\/www.moskito.cz\/produkt\/joker-nm136-schliessmesser\/"},"modified":"2025-07-11T07:49:44","modified_gmt":"2025-07-11T06:49:44","slug":"joker-nm136-schliessmesser","status":"publish","type":"product","link":"https:\/\/www.moskito.cz\/de\/produkt\/joker-nm136-schliessmesser\/","title":{"rendered":"Joker NM136 Schlie\u00dfmesser"},"content":{"rendered":"<p>Joker NM136 Schlie\u00dfmesser.<\/p>\n<p>Ein klassisches Jagd-Klappmesser mit Hands\u00e4ge, an der sich ein praktischer Flaschen\u00f6ffner befindet. Dank der roten Micarta-Griffe ist das Messer \u00e4u\u00dferst langlebig. Sowohl das S\u00e4geblatt als auch die S\u00e4ge bestehen aus \u00e4u\u00dferst haltbarem Edelstahl. Im ge\u00f6ffneten Zustand werden die Klingen durch eine Back-Lock-Verriegelung gesichert.<\/p>\n<p>MULTIFUNKTIONS-JAGDMESSER JOKER CANGURO III EDELSTAHLKLINGE + KLINGE MIT S\u00c4GE, MICARTA-SCHALEN, EDELSTAHLBOLSTER.<br \/>\nNM136<br \/>\nProduktmerkmale:<\/p>\n<p>Multifunktions-Jagdmesser JOKER CANGURO III<\/p>\n","protected":false},"excerpt":{"rendered":"<p><strong>Joker<\/strong> -Messer stammen aus der spanischen Stadt Albacete, die f\u00fcr die traditionelle Herstellung von Messern und Dolchen bekannt ist.<br \/>\nEntworfen und hergestellt in Spanien <strong>(Albacete)<\/strong><\/p>\n","protected":false},"featured_media":192769,"comment_status":"open","ping_status":"closed","template":"","meta":[],"pwb-brand":[3415],"product_brand":[],"product_cat":[3285,3303],"product_tag":[],"class_list":{"0":"post-307364","1":"product","2":"type-product","3":"status-publish","4":"has-post-thumbnail","6":"pwb-brand-joker-de","7":"product_cat-messer","8":"product_cat-schliesmesser","10":"first","11":"instock","12":"taxable","13":"shipping-taxable","14":"purchasable","15":"product-type-simple"},"brands":[{"id":3415,"name":"Joker","slug":"joker-de"}],"_links":{"self":[{"href":"https:\/\/www.moskito.cz\/de\/wp-json\/wp\/v2\/product\/307364","targetHints":{"allow":["GET"]}}],"collection":[{"href":"https:\/\/www.moskito.cz\/de\/wp-json\/wp\/v2\/product"}],"about":[{"href":"https:\/\/www.moskito.cz\/de\/wp-json\/wp\/v2\/types\/product"}],"replies":[{"embeddable":true,"href":"https:\/\/www.moskito.cz\/de\/wp-json\/wp\/v2\/comments?post=307364"}],"wp:featuredmedia":[{"embeddable":true,"href":"https:\/\/www.moskito.cz\/de\/wp-json\/wp\/v2\/media\/192769"}],"wp:attachment":[{"href":"https:\/\/www.moskito.cz\/de\/wp-json\/wp\/v2\/media?parent=307364"}],"wp:term":[{"taxonomy":"pwb-brand","embeddable":true,"href":"https:\/\/www.moskito.cz\/de\/wp-json\/wp\/v2\/pwb-brand?post=307364"},{"taxonomy":"product_brand","embeddable":true,"href":"https:\/\/www.moskito.cz\/de\/wp-json\/wp\/v2\/product_brand?post=307364"},{"taxonomy":"product_cat","embeddable":true,"href":"https:\/\/www.moskito.cz\/de\/wp-json\/wp\/v2\/product_cat?post=307364"},{"taxonomy":"product_tag","embeddable":true,"href":"https:\/\/www.moskito.cz\/de\/wp-json\/wp\/v2\/product_tag?post=307364"}],"curies":[{"name":"wp","href":"https:\/\/api.w.org\/{rel}","templated":true}]}}