{"id":307371,"date":"2019-08-26T18:57:15","date_gmt":"2024-02-06T10:56:33","guid":{"rendered":"https:\/\/www.moskito.cz\/produkt\/joker-schliessmesser\/"},"modified":"2025-07-11T07:49:41","modified_gmt":"2025-07-11T06:49:41","slug":"joker-schliessmesser","status":"publish","type":"product","link":"https:\/\/www.moskito.cz\/de\/produkt\/joker-schliessmesser\/","title":{"rendered":"Joker-Schlie\u00dfmesser"},"content":{"rendered":"<p>Joker-Schlie\u00dfmesser.<\/p>\n<p>Joker-Messer stammen aus der spanischen Stadt Albacete, die f\u00fcr ihre Messerproduktion bekannt ist.<br \/>\nRettungsklappmesser mit \u00d6ffnungshilfe. Die L\u00e4nge des Messers im geschlossenen Zustand betr\u00e4gt 12,5 cm, die Edelstahlklinge ist 9 cm lang. Das Messer verf\u00fcgt \u00fcber einen Aluminiumgriff, einen G\u00fcrtelschneider, eine Spitze zum Zerbrechen von Glas und einen Taschenclip.<\/p>\n","protected":false},"excerpt":{"rendered":"<p>Joker-Messer stammen aus der spanischen Stadt Albacete, die f\u00fcr die traditionelle Herstellung von Messern und Dolchen bekannt ist.<br \/>\n<strong>Entworfen und hergestellt in Spanien (Albacete)<\/strong><\/p>\n","protected":false},"featured_media":165217,"comment_status":"open","ping_status":"closed","template":"","meta":[],"pwb-brand":[3415],"product_brand":[],"product_cat":[3285,3303],"product_tag":[],"class_list":{"0":"post-307371","1":"product","2":"type-product","3":"status-publish","4":"has-post-thumbnail","6":"pwb-brand-joker-de","7":"product_cat-messer","8":"product_cat-schliesmesser","10":"first","11":"outofstock","12":"taxable","13":"shipping-taxable","14":"purchasable","15":"product-type-simple"},"brands":[{"id":3415,"name":"Joker","slug":"joker-de"}],"_links":{"self":[{"href":"https:\/\/www.moskito.cz\/de\/wp-json\/wp\/v2\/product\/307371","targetHints":{"allow":["GET"]}}],"collection":[{"href":"https:\/\/www.moskito.cz\/de\/wp-json\/wp\/v2\/product"}],"about":[{"href":"https:\/\/www.moskito.cz\/de\/wp-json\/wp\/v2\/types\/product"}],"replies":[{"embeddable":true,"href":"https:\/\/www.moskito.cz\/de\/wp-json\/wp\/v2\/comments?post=307371"}],"wp:featuredmedia":[{"embeddable":true,"href":"https:\/\/www.moskito.cz\/de\/wp-json\/wp\/v2\/media\/165217"}],"wp:attachment":[{"href":"https:\/\/www.moskito.cz\/de\/wp-json\/wp\/v2\/media?parent=307371"}],"wp:term":[{"taxonomy":"pwb-brand","embeddable":true,"href":"https:\/\/www.moskito.cz\/de\/wp-json\/wp\/v2\/pwb-brand?post=307371"},{"taxonomy":"product_brand","embeddable":true,"href":"https:\/\/www.moskito.cz\/de\/wp-json\/wp\/v2\/product_brand?post=307371"},{"taxonomy":"product_cat","embeddable":true,"href":"https:\/\/www.moskito.cz\/de\/wp-json\/wp\/v2\/product_cat?post=307371"},{"taxonomy":"product_tag","embeddable":true,"href":"https:\/\/www.moskito.cz\/de\/wp-json\/wp\/v2\/product_tag?post=307371"}],"curies":[{"name":"wp","href":"https:\/\/api.w.org\/{rel}","templated":true}]}}