{"id":307377,"date":"2019-08-26T17:21:34","date_gmt":"2024-02-06T10:56:36","guid":{"rendered":"https:\/\/www.moskito.cz\/produkt\/joker-butterfly-jkr0518-verschlussmesser\/"},"modified":"2025-07-11T07:49:40","modified_gmt":"2025-07-11T06:49:40","slug":"joker-butterfly-jkr0518-verschlussmesser","status":"publish","type":"product","link":"https:\/\/www.moskito.cz\/de\/produkt\/joker-butterfly-jkr0518-verschlussmesser\/","title":{"rendered":"Joker Butterfly JKR0518 Verschlussmesser"},"content":{"rendered":"<p>Joker Butterfly JKR0518 Verschlussmesser.<\/p>\n<p>Joker-Messer stammen aus der spanischen Stadt Albacete, die f\u00fcr ihre Messerproduktion bekannt ist.<br \/>\nKlassisches Klappmesser im Butterfly-Stil. Alle Komponenten des Messers bestehen aus hochbest\u00e4ndigem Edelstahl. Der zweiteilige Stahlgriff wird im geschlossenen Zustand durch einen Sicherheitsverschluss gesichert. Dadurch lassen sich mit dem Messer allerlei Tricks sicher ausf\u00fchren. Die Gesamtl\u00e4nge des Messers betr\u00e4gt 22 cm. Die Klinge ist 9,5 cm lang.<\/p>\n","protected":false},"excerpt":{"rendered":"<p><strong>Butterfly-<\/strong> Schlie\u00dfmesser.<\/p>\n","protected":false},"featured_media":180105,"comment_status":"open","ping_status":"closed","template":"","meta":[],"pwb-brand":[3415],"product_brand":[],"product_cat":[3545,3285],"product_tag":[],"class_list":{"0":"post-307377","1":"product","2":"type-product","3":"status-publish","4":"has-post-thumbnail","6":"pwb-brand-joker-de","7":"product_cat-fliegen-de","8":"product_cat-messer","10":"first","11":"outofstock","12":"taxable","13":"shipping-taxable","14":"purchasable","15":"product-type-simple"},"brands":[{"id":3415,"name":"Joker","slug":"joker-de"}],"_links":{"self":[{"href":"https:\/\/www.moskito.cz\/de\/wp-json\/wp\/v2\/product\/307377","targetHints":{"allow":["GET"]}}],"collection":[{"href":"https:\/\/www.moskito.cz\/de\/wp-json\/wp\/v2\/product"}],"about":[{"href":"https:\/\/www.moskito.cz\/de\/wp-json\/wp\/v2\/types\/product"}],"replies":[{"embeddable":true,"href":"https:\/\/www.moskito.cz\/de\/wp-json\/wp\/v2\/comments?post=307377"}],"wp:featuredmedia":[{"embeddable":true,"href":"https:\/\/www.moskito.cz\/de\/wp-json\/wp\/v2\/media\/180105"}],"wp:attachment":[{"href":"https:\/\/www.moskito.cz\/de\/wp-json\/wp\/v2\/media?parent=307377"}],"wp:term":[{"taxonomy":"pwb-brand","embeddable":true,"href":"https:\/\/www.moskito.cz\/de\/wp-json\/wp\/v2\/pwb-brand?post=307377"},{"taxonomy":"product_brand","embeddable":true,"href":"https:\/\/www.moskito.cz\/de\/wp-json\/wp\/v2\/product_brand?post=307377"},{"taxonomy":"product_cat","embeddable":true,"href":"https:\/\/www.moskito.cz\/de\/wp-json\/wp\/v2\/product_cat?post=307377"},{"taxonomy":"product_tag","embeddable":true,"href":"https:\/\/www.moskito.cz\/de\/wp-json\/wp\/v2\/product_tag?post=307377"}],"curies":[{"name":"wp","href":"https:\/\/api.w.org\/{rel}","templated":true}]}}