{"id":307402,"date":"2019-09-01T13:55:40","date_gmt":"2024-02-06T10:56:47","guid":{"rendered":"https:\/\/www.moskito.cz\/produkt\/schiessmesser-microtech-ludt-135-10\/"},"modified":"2025-07-11T07:49:47","modified_gmt":"2025-07-11T06:49:47","slug":"schiessmesser-microtech-ludt-135-10","status":"publish","type":"product","link":"https:\/\/www.moskito.cz\/de\/produkt\/schiessmesser-microtech-ludt-135-10\/","title":{"rendered":"Schie\u00dfmesser Microtech LUDT 135-10"},"content":{"rendered":"<p>Schie\u00dfmesser <strong>Microtech LUDT<\/strong> 135-10.<br \/>\nSchie\u00dfmesser.<\/p>\n<p><strong>Microtech<\/strong> LUDT 135-10 Schie\u00dfmesser \u2013 LUDT ist zur\u00fcck und besser als je zuvor! Die bedeutenden \u00c4nderungen am LUDT-Automatikmesser sind in ihrer ganzen Pracht zu sehen, der auff\u00e4lligste Unterschied ist jedoch das \u00fcberarbeitete Profil mit einer erh\u00f6hten Daumenrampe und einem glatten, balligen R\u00fccken.<\/p>\n<p>Die R\u00fccksto\u00dfform ist in den gefr\u00e4sten Rillen des konischen Griffs aus 6061-T6-Aluminium zu erkennen, der auf die Modelle der fr\u00fchen 2000er Jahre zur\u00fcckgeht. LUDT ist f\u00fcr uns \u201ePreisperfektion\u201c. Es vereint pr\u00e4zise Verarbeitung, hochwertige Materialien und zeitloses Design.<\/p>\n<p>Vor \u00fcber 20 Jahren stellte Anthony Marfione das UDT (Underwater Demolition Team) vor, ein kompaktes Automatikmesser, das bei Messerliebhabern sofort ein Hit war. Der gro\u00dfe UDT oder LUDT folgte bald darauf und wird seitdem mit Unterbrechungen produziert.<\/p>\n<p>Gesamtl\u00e4nge: 20 cm<br \/>\nKlingenl\u00e4nge: 8,5 cm<br \/>\nKlingenst\u00e4rke: 0,33 cm<br \/>\nKlingenmaterial: M390<\/p>\n<p>Stahl: Elmax<br \/>\nKlingenstil: Drop Point<br \/>\nEins\u00e4tze: Flach<br \/>\nRandtyp: Uni<br \/>\nGriffmaterial: Aluminium<br \/>\nGewicht: 3,62 Unzen.<br \/>\nBenutzer: Rechte Hand<br \/>\nTaschenclip: Tip-Up<br \/>\nMessertyp: Automatisch<br \/>\n\u00d6ffner: Knopf<br \/>\nSchlosstyp: Sperrschloss<br \/>\nMarke: Microtech<br \/>\nModell: LUDT<br \/>\nModellnummer: 135-10<br \/>\nHerkunftsland: USA<br \/>\nBeste Verwendung: Taktisch<\/p>\n<div class=\"description\">\n<p><iframe title=\"Microtech Combat Troodon Torture Test\" width=\"800\" height=\"450\" src=\"https:\/\/www.youtube.com\/embed\/xE9TeOFYEjg?feature=oembed\" frameborder=\"0\" allow=\"accelerometer; autoplay; clipboard-write; encrypted-media; gyroscope; picture-in-picture; web-share\" allowfullscreen><\/iframe><\/p>\n<p>&nbsp;<\/p>\n<\/div>\n","protected":false},"excerpt":{"rendered":"<p>Im Laufe der Jahre hat <strong>Microtech\u00ae Knives<\/strong> Messer mit Leidenschaft und K\u00f6nnen gef\u00fcllt, um nahezu Kunstwerke zu schaffen, die den Gipfel der Funktionalit\u00e4t darstellen. Alle Teile werden in den USA hergestellt.<br \/>\n<strong>F\u00fcr alle Microtech-Messer gilt eine lebenslange Garantie.<\/strong><\/p>\n<p><strong>Kostenloser Transport.<\/strong><\/p>\n","protected":false},"featured_media":215178,"comment_status":"open","ping_status":"closed","template":"","meta":[],"pwb-brand":[3278],"product_brand":[],"product_cat":[3285,3343],"product_tag":[3669],"class_list":{"0":"post-307402","1":"product","2":"type-product","3":"status-publish","4":"has-post-thumbnail","6":"pwb-brand-microtech-de","7":"product_cat-messer","8":"product_cat-schiesmesser","9":"product_tag-b2b-de","11":"first","12":"outofstock","13":"taxable","14":"shipping-taxable","15":"purchasable","16":"product-type-simple"},"brands":[{"id":3278,"name":"Microtech","slug":"microtech-de"}],"_links":{"self":[{"href":"https:\/\/www.moskito.cz\/de\/wp-json\/wp\/v2\/product\/307402","targetHints":{"allow":["GET"]}}],"collection":[{"href":"https:\/\/www.moskito.cz\/de\/wp-json\/wp\/v2\/product"}],"about":[{"href":"https:\/\/www.moskito.cz\/de\/wp-json\/wp\/v2\/types\/product"}],"replies":[{"embeddable":true,"href":"https:\/\/www.moskito.cz\/de\/wp-json\/wp\/v2\/comments?post=307402"}],"wp:featuredmedia":[{"embeddable":true,"href":"https:\/\/www.moskito.cz\/de\/wp-json\/wp\/v2\/media\/215178"}],"wp:attachment":[{"href":"https:\/\/www.moskito.cz\/de\/wp-json\/wp\/v2\/media?parent=307402"}],"wp:term":[{"taxonomy":"pwb-brand","embeddable":true,"href":"https:\/\/www.moskito.cz\/de\/wp-json\/wp\/v2\/pwb-brand?post=307402"},{"taxonomy":"product_brand","embeddable":true,"href":"https:\/\/www.moskito.cz\/de\/wp-json\/wp\/v2\/product_brand?post=307402"},{"taxonomy":"product_cat","embeddable":true,"href":"https:\/\/www.moskito.cz\/de\/wp-json\/wp\/v2\/product_cat?post=307402"},{"taxonomy":"product_tag","embeddable":true,"href":"https:\/\/www.moskito.cz\/de\/wp-json\/wp\/v2\/product_tag?post=307402"}],"curies":[{"name":"wp","href":"https:\/\/api.w.org\/{rel}","templated":true}]}}