{"id":307410,"date":"2019-09-08T18:20:09","date_gmt":"2024-02-06T10:56:49","guid":{"rendered":"https:\/\/www.moskito.cz\/produkt\/joker-no43-schliessmesser\/"},"modified":"2025-07-11T07:49:52","modified_gmt":"2025-07-11T06:49:52","slug":"joker-no43-schliessmesser","status":"publish","type":"product","link":"https:\/\/www.moskito.cz\/de\/produkt\/joker-no43-schliessmesser\/","title":{"rendered":"Joker NO43 Schlie\u00dfmesser"},"content":{"rendered":"<p>Joker NO43 Schlie\u00dfmesser.<\/p>\n<p><strong>Joker<\/strong> -Messer stammen aus der spanischen Stadt Albacete, die f\u00fcr die traditionelle Herstellung von Messern und Dolchen bekannt ist.<br \/>\nDie 8 cm lange Klinge besteht aus hochwertigem Molybd\u00e4n-Vanadium-Stahl mit rostfreien Eigenschaften. Der Griff ist mit Griffschalen aus Olivenholz ausgestattet. Die L\u00e4nge der Klinge betr\u00e4gt 8 cm.<\/p>\n<p>KLAPPMESSER AUS OLIVENHOLZ, 8 CM KLINGENL\u00c4NGE, R\u00dcCKENVERRIEGELUNG, EDELSTAHLBOLSTER.<br \/>\nNO43<br \/>\nProduktmerkmale:<\/p>\n<p>Klinge: Molybd\u00e4n-Vanadium<br \/>\nPolster: SS<br \/>\nGriff: Olivenholz<br \/>\n8 cm &#8211; 85 gr<\/p>\n","protected":false},"excerpt":{"rendered":"<p><strong>Joker<\/strong> -Messer stammen aus der spanischen Stadt Albacete, die f\u00fcr die traditionelle Herstellung von Messern und Dolchen bekannt ist.<br \/>\n<strong>Entworfen und hergestellt in Spanien (Albacete)<\/strong><\/p>\n","protected":false},"featured_media":192739,"comment_status":"open","ping_status":"closed","template":"","meta":[],"pwb-brand":[3415],"product_brand":[],"product_cat":[3285,3303],"product_tag":[],"class_list":{"0":"post-307410","1":"product","2":"type-product","3":"status-publish","4":"has-post-thumbnail","6":"pwb-brand-joker-de","7":"product_cat-messer","8":"product_cat-schliesmesser","10":"first","11":"instock","12":"taxable","13":"shipping-taxable","14":"purchasable","15":"product-type-simple"},"brands":[{"id":3415,"name":"Joker","slug":"joker-de"}],"_links":{"self":[{"href":"https:\/\/www.moskito.cz\/de\/wp-json\/wp\/v2\/product\/307410","targetHints":{"allow":["GET"]}}],"collection":[{"href":"https:\/\/www.moskito.cz\/de\/wp-json\/wp\/v2\/product"}],"about":[{"href":"https:\/\/www.moskito.cz\/de\/wp-json\/wp\/v2\/types\/product"}],"replies":[{"embeddable":true,"href":"https:\/\/www.moskito.cz\/de\/wp-json\/wp\/v2\/comments?post=307410"}],"wp:featuredmedia":[{"embeddable":true,"href":"https:\/\/www.moskito.cz\/de\/wp-json\/wp\/v2\/media\/192739"}],"wp:attachment":[{"href":"https:\/\/www.moskito.cz\/de\/wp-json\/wp\/v2\/media?parent=307410"}],"wp:term":[{"taxonomy":"pwb-brand","embeddable":true,"href":"https:\/\/www.moskito.cz\/de\/wp-json\/wp\/v2\/pwb-brand?post=307410"},{"taxonomy":"product_brand","embeddable":true,"href":"https:\/\/www.moskito.cz\/de\/wp-json\/wp\/v2\/product_brand?post=307410"},{"taxonomy":"product_cat","embeddable":true,"href":"https:\/\/www.moskito.cz\/de\/wp-json\/wp\/v2\/product_cat?post=307410"},{"taxonomy":"product_tag","embeddable":true,"href":"https:\/\/www.moskito.cz\/de\/wp-json\/wp\/v2\/product_tag?post=307410"}],"curies":[{"name":"wp","href":"https:\/\/api.w.org\/{rel}","templated":true}]}}