{"id":307451,"date":"2019-09-19T19:01:11","date_gmt":"2024-02-06T10:57:08","guid":{"rendered":"https:\/\/www.moskito.cz\/produkt\/smith-wesson-magic-a-o-folder-swmp2bs-messer\/"},"modified":"2025-07-11T07:49:59","modified_gmt":"2025-07-11T06:49:59","slug":"smith-wesson-magic-a-o-folder-swmp2bs-messer","status":"publish","type":"product","link":"https:\/\/www.moskito.cz\/de\/produkt\/smith-wesson-magic-a-o-folder-swmp2bs-messer\/","title":{"rendered":"Smith &amp; Wesson Magic A\/O Folder SWMP2BS Messer"},"content":{"rendered":"<p>Smith &amp; Wesson Magic A\/O Folder SWMP2BS Messer.<\/p>\n<p>Das Klappmesser mit \u00d6ffnungsunterst\u00fctzung Magic aus der Milit\u00e4r- und Polizeiserie verf\u00fcgt \u00fcber eine Glasbruchstelle am Ende des Griffs.<\/p>\n<p>Detaillierte Produktbeschreibung<\/p>\n<p>L\u00e4nge des geschlossenen Messers: 10,7 cm<\/p>\n<p>Klingenl\u00e4nge: 7,7 cm<\/p>\n<p>Klingenmaterial: Edelstahl 4034<\/p>\n<p>Griffmaterial: Aluminium<\/p>\n<p>Klinge: kombiniert<\/p>\n<p>Sicherung<\/p>\n<p>Taschenclip<\/p>\n","protected":false},"excerpt":{"rendered":"<p>Verschlussmesser  <\/p>\n","protected":false},"featured_media":165531,"comment_status":"open","ping_status":"closed","template":"","meta":[],"pwb-brand":[3451],"product_brand":[],"product_cat":[3285,3303],"product_tag":[],"class_list":{"0":"post-307451","1":"product","2":"type-product","3":"status-publish","4":"has-post-thumbnail","6":"pwb-brand-smith-und-wesson","7":"product_cat-messer","8":"product_cat-schliesmesser","10":"first","11":"instock","12":"taxable","13":"shipping-taxable","14":"purchasable","15":"product-type-simple"},"brands":[{"id":3451,"name":"Smith und wesson","slug":"smith-und-wesson"}],"_links":{"self":[{"href":"https:\/\/www.moskito.cz\/de\/wp-json\/wp\/v2\/product\/307451","targetHints":{"allow":["GET"]}}],"collection":[{"href":"https:\/\/www.moskito.cz\/de\/wp-json\/wp\/v2\/product"}],"about":[{"href":"https:\/\/www.moskito.cz\/de\/wp-json\/wp\/v2\/types\/product"}],"replies":[{"embeddable":true,"href":"https:\/\/www.moskito.cz\/de\/wp-json\/wp\/v2\/comments?post=307451"}],"wp:featuredmedia":[{"embeddable":true,"href":"https:\/\/www.moskito.cz\/de\/wp-json\/wp\/v2\/media\/165531"}],"wp:attachment":[{"href":"https:\/\/www.moskito.cz\/de\/wp-json\/wp\/v2\/media?parent=307451"}],"wp:term":[{"taxonomy":"pwb-brand","embeddable":true,"href":"https:\/\/www.moskito.cz\/de\/wp-json\/wp\/v2\/pwb-brand?post=307451"},{"taxonomy":"product_brand","embeddable":true,"href":"https:\/\/www.moskito.cz\/de\/wp-json\/wp\/v2\/product_brand?post=307451"},{"taxonomy":"product_cat","embeddable":true,"href":"https:\/\/www.moskito.cz\/de\/wp-json\/wp\/v2\/product_cat?post=307451"},{"taxonomy":"product_tag","embeddable":true,"href":"https:\/\/www.moskito.cz\/de\/wp-json\/wp\/v2\/product_tag?post=307451"}],"curies":[{"name":"wp","href":"https:\/\/api.w.org\/{rel}","templated":true}]}}