{"id":307463,"date":"2019-09-19T18:46:54","date_gmt":"2024-02-06T10:57:11","guid":{"rendered":"https:\/\/www.moskito.cz\/produkt\/smith-wesson-swmp3-klappmesser\/"},"modified":"2025-07-11T07:49:58","modified_gmt":"2025-07-11T06:49:58","slug":"smith-wesson-swmp3-klappmesser","status":"publish","type":"product","link":"https:\/\/www.moskito.cz\/de\/produkt\/smith-wesson-swmp3-klappmesser\/","title":{"rendered":"Smith &amp; Wesson SWMP3 Klappmesser"},"content":{"rendered":"<p>Smith &amp; Wesson SWMP3 Klappmesser.<\/p>\n<p>SWMP3-Messer der Smith Wesson-Milit\u00e4r- und Polizeiserie mit MAGIC-\u00d6ffnungsunterst\u00fctzung und glatter Klinge. Die Klinge besteht aus rostfreiem 4034-Stahl und der Griff aus Aluminium. Am Ende des Griffs finden Sie eine Glasbruchstelle.<\/p>\n<p>Klingenl\u00e4nge 7,5 cm<\/p>\n<p>Griffl\u00e4nge 10,5 cm<\/p>\n<p>Gesamtl\u00e4nge 18 cm<\/p>\n<p>Messergewicht 117 g  <\/p>\n","protected":false},"excerpt":{"rendered":"<p>Verschlussmesser  <\/p>\n","protected":false},"featured_media":165529,"comment_status":"open","ping_status":"closed","template":"","meta":[],"pwb-brand":[3451],"product_brand":[],"product_cat":[3285,3303],"product_tag":[],"class_list":{"0":"post-307463","1":"product","2":"type-product","3":"status-publish","4":"has-post-thumbnail","6":"pwb-brand-smith-und-wesson","7":"product_cat-messer","8":"product_cat-schliesmesser","10":"first","11":"instock","12":"taxable","13":"shipping-taxable","14":"purchasable","15":"product-type-simple"},"brands":[{"id":3451,"name":"Smith und wesson","slug":"smith-und-wesson"}],"_links":{"self":[{"href":"https:\/\/www.moskito.cz\/de\/wp-json\/wp\/v2\/product\/307463","targetHints":{"allow":["GET"]}}],"collection":[{"href":"https:\/\/www.moskito.cz\/de\/wp-json\/wp\/v2\/product"}],"about":[{"href":"https:\/\/www.moskito.cz\/de\/wp-json\/wp\/v2\/types\/product"}],"replies":[{"embeddable":true,"href":"https:\/\/www.moskito.cz\/de\/wp-json\/wp\/v2\/comments?post=307463"}],"wp:featuredmedia":[{"embeddable":true,"href":"https:\/\/www.moskito.cz\/de\/wp-json\/wp\/v2\/media\/165529"}],"wp:attachment":[{"href":"https:\/\/www.moskito.cz\/de\/wp-json\/wp\/v2\/media?parent=307463"}],"wp:term":[{"taxonomy":"pwb-brand","embeddable":true,"href":"https:\/\/www.moskito.cz\/de\/wp-json\/wp\/v2\/pwb-brand?post=307463"},{"taxonomy":"product_brand","embeddable":true,"href":"https:\/\/www.moskito.cz\/de\/wp-json\/wp\/v2\/product_brand?post=307463"},{"taxonomy":"product_cat","embeddable":true,"href":"https:\/\/www.moskito.cz\/de\/wp-json\/wp\/v2\/product_cat?post=307463"},{"taxonomy":"product_tag","embeddable":true,"href":"https:\/\/www.moskito.cz\/de\/wp-json\/wp\/v2\/product_tag?post=307463"}],"curies":[{"name":"wp","href":"https:\/\/api.w.org\/{rel}","templated":true}]}}