{"id":307495,"date":"2019-11-10T19:15:28","date_gmt":"2024-02-06T10:57:34","guid":{"rendered":"https:\/\/www.moskito.cz\/produkt\/victorinox-camper-1-3613-klappmesser\/"},"modified":"2025-07-11T07:50:17","modified_gmt":"2025-07-11T06:50:17","slug":"victorinox-camper-1-3613-klappmesser","status":"publish","type":"product","link":"https:\/\/www.moskito.cz\/de\/produkt\/victorinox-camper-1-3613-klappmesser\/","title":{"rendered":"Victorinox Camper 1.3613 Klappmesser"},"content":{"rendered":"<p>Victorinox Camper 1.3613 Klappmesser.<\/p>\n<p><span class=\"proKs\">Ein 91-mm-S\u00e4ge-Taschenmesser f\u00fcr den Alltag, Reisen und Wandern. Anzahl der Funktionen 13.<\/span><\/p>\n<p>Abmessungen: L\u00e4nge-Breite-H\u00f6he: <span class=\"udajR\">91 x 27 x 18 mm<\/span><\/p>\n<p>Gewicht: <span class=\"udajR\">74 g<\/span><\/p>\n<p>Das Victorinox Camper 1.3613 Klappmesser beinhaltet:<\/p>\n<p>&nbsp;<\/p>\n<ul>\n<li class=\"style2\">Ein gro\u00dfes Messer<\/li>\n<li class=\"style2\">kleines Messer<\/li>\n<li class=\"style2\">Korkenzieher<\/li>\n<li class=\"style2\">Dosen\u00f6ffner s<\/li>\n<li class=\"style2\">&#8211; mit einem kleinen Schraubendreher (auch f\u00fcr Kreuzschlitzschrauben)<\/li>\n<li class=\"style2\">Flaschen\u00f6ffner mit<\/li>\n<li class=\"style2\">&#8211; ein Schraubenzieher<\/li>\n<li class=\"style2\">&#8211; Drahtisolierungsentferner<\/li>\n<li class=\"style2\">Reibahle, Spitze<\/li>\n<li class=\"style2\">Schl\u00fcsselanh\u00e4nger aus Edelstahl<\/li>\n<li class=\"style2\">Pinzette<\/li>\n<li class=\"style2\">ein Zahnstocher<\/li>\n<li class=\"style2\">Holzs\u00e4ge<\/li>\n<\/ul>\n<div id=\"hpHistory\" class=\"767\">\n<p>Wer immer auf alles vorbereitet sein muss, nimmt sein Taschenmesser \u00fcberallhin mit. Seit 1897 ist das Schweizer Taschenmesser ein zuverl\u00e4ssiges Werkzeug f\u00fcr viele Abenteuer auf der ganzen Welt. Ob Sie St\u00e4dte, Meeresb\u00f6den, Berge oder den Weltraum erkunden, das Schweizer Taschenmesser ist ein Begleiter, auf den Sie sich verlassen k\u00f6nnen.<\/p>\n<p>F\u00fcr alle VICTORINOX-Messer gilt eine lebenslange Garantie gegen etwaige Material- oder Herstellungsfehler. Die Garantie deckt keine Sch\u00e4den ab, die durch normale Abnutzung oder Missbrauch verursacht werden.<\/p>\n<p>Im Jahr 1884 gr\u00fcndete der Schweizer Pionier Karl Elsener eine Messerwerkstatt. Kurz darauf ebnete er mit der Entwicklung des mittlerweile legend\u00e4ren \u00abOriginal Swiss Army Knife\u00bb den Grundstein f\u00fcr die beispiellose Firmengeschichte. Neben Taschen-, Heim- und Berufsmessern produziert und vertreibt das unabh\u00e4ngige Familienunternehmen Victorinox heute weltweit Uhren, Reiseausr\u00fcstung, Mode und D\u00fcfte. Jedes Produkt ist Ausdruck Schweizer Qualit\u00e4t.<\/p>\n<\/div>\n<p>&nbsp;<\/p>\n<p>&nbsp;<\/p>\n","protected":false},"excerpt":{"rendered":"<p>Verschlussmesser.<\/p>\n","protected":false},"featured_media":166466,"comment_status":"open","ping_status":"closed","template":"","meta":[],"pwb-brand":[3535],"product_brand":[],"product_cat":[3285,3303],"product_tag":[],"class_list":{"0":"post-307495","1":"product","2":"type-product","3":"status-publish","4":"has-post-thumbnail","6":"pwb-brand-victorinox-de","7":"product_cat-messer","8":"product_cat-schliesmesser","10":"first","11":"outofstock","12":"taxable","13":"shipping-taxable","14":"purchasable","15":"product-type-simple"},"brands":[{"id":3535,"name":"Victorinox","slug":"victorinox-de"}],"_links":{"self":[{"href":"https:\/\/www.moskito.cz\/de\/wp-json\/wp\/v2\/product\/307495","targetHints":{"allow":["GET"]}}],"collection":[{"href":"https:\/\/www.moskito.cz\/de\/wp-json\/wp\/v2\/product"}],"about":[{"href":"https:\/\/www.moskito.cz\/de\/wp-json\/wp\/v2\/types\/product"}],"replies":[{"embeddable":true,"href":"https:\/\/www.moskito.cz\/de\/wp-json\/wp\/v2\/comments?post=307495"}],"wp:featuredmedia":[{"embeddable":true,"href":"https:\/\/www.moskito.cz\/de\/wp-json\/wp\/v2\/media\/166466"}],"wp:attachment":[{"href":"https:\/\/www.moskito.cz\/de\/wp-json\/wp\/v2\/media?parent=307495"}],"wp:term":[{"taxonomy":"pwb-brand","embeddable":true,"href":"https:\/\/www.moskito.cz\/de\/wp-json\/wp\/v2\/pwb-brand?post=307495"},{"taxonomy":"product_brand","embeddable":true,"href":"https:\/\/www.moskito.cz\/de\/wp-json\/wp\/v2\/product_brand?post=307495"},{"taxonomy":"product_cat","embeddable":true,"href":"https:\/\/www.moskito.cz\/de\/wp-json\/wp\/v2\/product_cat?post=307495"},{"taxonomy":"product_tag","embeddable":true,"href":"https:\/\/www.moskito.cz\/de\/wp-json\/wp\/v2\/product_tag?post=307495"}],"curies":[{"name":"wp","href":"https:\/\/api.w.org\/{rel}","templated":true}]}}