{"id":307497,"date":"2019-11-01T20:26:08","date_gmt":"2019-11-01T19:26:08","guid":{"rendered":"https:\/\/www.moskito.cz\/produkt\/schiessmesser-microtech-dirac-delta-stonewashed-227-10\/"},"modified":"2024-02-06T11:57:34","modified_gmt":"2024-02-06T10:57:34","slug":"schiessmesser-microtech-dirac-delta-stonewashed-227-10","status":"publish","type":"product","link":"https:\/\/www.moskito.cz\/de\/produkt\/schiessmesser-microtech-dirac-delta-stonewashed-227-10\/","title":{"rendered":"Schie\u00dfmesser Microtech Dirac Delta Stonewashed 227-10"},"content":{"rendered":"<p>Schie\u00dfmesser <strong>Microtech<\/strong> Dirac Delta Stonewashed 227-10<\/p>\n<p>Ein neues Modell namens <strong>Delta Dirac<\/strong> (DER-ACK), eine etwas gr\u00f6\u00dfere Version von Dirac. Dirac und Dirac Delta sind die allerersten Angebote von Microtech Knives, die \u00fcber einen OTF-Schieber an der Seite des Griffs statt an der Seite verf\u00fcgen. Delta Dirac ist etwa so gro\u00df wie ein Battle Troodon und Dirac hat eine \u00e4hnliche Gr\u00f6\u00dfe wie ein UTX-85.<\/p>\n<p>Das Dirac ist Microtechs erstes Double-Action-Messer mit Abzugsschlitten. Der \u00e4u\u00dferst ergonomische Griff zeichnet sich durch geschwungene HALO-\u00e4hnliche Linien aus, die sich im Vergleich zu anderen Griffen etwas anders anf\u00fchlen. Sie haben dieses spezielle OTF-Design erforscht und ihre charakteristischen Mikrotechnologiefunktionen mit ultrahoher Toleranz wie propriet\u00e4re Hardware, innovative interne Mechanismen und Glasbrecher verwendet. Mit einer Gesamtl\u00e4nge von 23,5 cm ist das Dirac genau das Richtige f\u00fcr ein Alltags- oder Einsatzmesser.<\/p>\n<p>Spezifikationen:<br \/>\nKlingenl\u00e4nge: 9,5 cm<br \/>\nL\u00e4nge geschlossen: 14 cm<br \/>\nGesamtl\u00e4nge: 23,5 cm<br \/>\nStahl: M390<br \/>\nKlingenstil: Doppelschneidiger Dolch<br \/>\nKlingenschliff: Flach<br \/>\nOberfl\u00e4chenbehandlung der Klinge: Stonewash<br \/>\nGriffmaterial: 6061-T6-Aluminium, schwarz eloxierte Mil-Spec-Hartbeschichtung<br \/>\nVerriegelungsmechanismus: Deckelschieber<br \/>\nTaschenclip: Edelstahl 301 (zusammenklappbar)<br \/>\nGewicht: 4,1 Unzen.<br \/>\nDesigner: Tony Marfione<br \/>\nHergestellt in den USA<\/p>\n<div class=\"description\"><\/div>\n<div class=\"specifications\">\n<div class=\"specs\">\n<p><iframe title=\"Microtech Combat Troodon Torture Test\" width=\"800\" height=\"450\" src=\"https:\/\/www.youtube.com\/embed\/xE9TeOFYEjg?feature=oembed\" frameborder=\"0\" allow=\"accelerometer; autoplay; clipboard-write; encrypted-media; gyroscope; picture-in-picture; web-share\" allowfullscreen><\/iframe><\/p>\n<p>&nbsp;<\/p>\n<\/div>\n<\/div>\n","protected":false},"excerpt":{"rendered":"<p><strong>Im Laufe der Jahre hat Microtech\u00ae Knives Messer mit Leidenschaft und K\u00f6nnen gef\u00fcllt, um nahezu Kunstwerke zu schaffen, die den Gipfel der Funktionalit\u00e4t darstellen. Alle Teile werden in den USA hergestellt.<\/strong><br \/>\n<strong>Alle Microtech-Messer haben eine lebenslange Garantie (mindestens 80.000 Zyklen, \u00d6ffnen und Schlie\u00dfen).<\/strong><\/p>\n<p><strong>Kostenloser Transport.<\/strong><\/p>\n","protected":false},"featured_media":257593,"comment_status":"open","ping_status":"closed","template":"","meta":[],"pwb-brand":[3278],"product_brand":[],"product_cat":[3343,3285],"product_tag":[3669],"class_list":{"0":"post-307497","1":"product","2":"type-product","3":"status-publish","4":"has-post-thumbnail","6":"pwb-brand-microtech-de","7":"product_cat-schiesmesser","8":"product_cat-messer","9":"product_tag-b2b-de","11":"first","12":"instock","13":"taxable","14":"shipping-taxable","15":"purchasable","16":"product-type-simple"},"brands":[{"id":3278,"name":"Microtech","slug":"microtech-de"}],"_links":{"self":[{"href":"https:\/\/www.moskito.cz\/de\/wp-json\/wp\/v2\/product\/307497","targetHints":{"allow":["GET"]}}],"collection":[{"href":"https:\/\/www.moskito.cz\/de\/wp-json\/wp\/v2\/product"}],"about":[{"href":"https:\/\/www.moskito.cz\/de\/wp-json\/wp\/v2\/types\/product"}],"replies":[{"embeddable":true,"href":"https:\/\/www.moskito.cz\/de\/wp-json\/wp\/v2\/comments?post=307497"}],"wp:featuredmedia":[{"embeddable":true,"href":"https:\/\/www.moskito.cz\/de\/wp-json\/wp\/v2\/media\/257593"}],"wp:attachment":[{"href":"https:\/\/www.moskito.cz\/de\/wp-json\/wp\/v2\/media?parent=307497"}],"wp:term":[{"taxonomy":"pwb-brand","embeddable":true,"href":"https:\/\/www.moskito.cz\/de\/wp-json\/wp\/v2\/pwb-brand?post=307497"},{"taxonomy":"product_brand","embeddable":true,"href":"https:\/\/www.moskito.cz\/de\/wp-json\/wp\/v2\/product_brand?post=307497"},{"taxonomy":"product_cat","embeddable":true,"href":"https:\/\/www.moskito.cz\/de\/wp-json\/wp\/v2\/product_cat?post=307497"},{"taxonomy":"product_tag","embeddable":true,"href":"https:\/\/www.moskito.cz\/de\/wp-json\/wp\/v2\/product_tag?post=307497"}],"curies":[{"name":"wp","href":"https:\/\/api.w.org\/{rel}","templated":true}]}}