{"id":307508,"date":"2020-01-04T09:57:53","date_gmt":"2024-02-06T10:57:37","guid":{"rendered":"https:\/\/www.moskito.cz\/produkt\/boeker-plus-tech-tool-carbon-4-klappmesser\/"},"modified":"2025-07-11T07:50:21","modified_gmt":"2025-07-11T06:50:21","slug":"boeker-plus-tech-tool-carbon-4-klappmesser","status":"publish","type":"product","link":"https:\/\/www.moskito.cz\/de\/produkt\/boeker-plus-tech-tool-carbon-4-klappmesser\/","title":{"rendered":"B\u00f6ker Plus Tech Tool Carbon 4 Klappmesser"},"content":{"rendered":"<p><strong>B\u00f6ker<\/strong> Plus Tech Tool Carbon 4 Klappmesser.<\/p>\n<p>B\u00f6ker Plus liefert hervorragende, innovative Messerkonzepte f\u00fcr jeden Einsatz. Die Messer werden nach deutscher Ingenieurskunst in Zusammenarbeit mit weltweit renommierten Experten wie z Chad Los Banos, Jim Burke, Jim Wanger, Tod Begg, Jesper Voxnaes.<\/p>\n<p>Gesamtl\u00e4nge: 16,7 cm<br \/>\nKlingenl\u00e4nge: 7,1 cm<br \/>\nGewicht: 179 g<br \/>\nKlingenst\u00e4rke: 2,3 mm<br \/>\nStahl: 12C27<br \/>\nH\u00e4rte: 58-60 HRC<br \/>\nGriff: G10 \/ Kohlefaser<\/p>\n<p>B\u00f6ker \u2013 die Geschichte der Fabrik reicht bis ins 17. Jahrhundert zur\u00fcck. Jahrhundert befand sich die urspr\u00fcngliche Schmiede damals in Remscheid. In den Jahren 1829\u201330 wurde die Produktion auch auf S\u00e4bel und Schwerter ausgeweitet. Zu dieser Zeit waren in der Fabrik \u00fcber 100 Schmiede und Schleifer besch\u00e4ftigt. In der zweiten H\u00e4lfte des 19. Jahrhunderts zog ein Teil der Familie in die USA und nach Kanada, wo sie weitere Produktionsst\u00e4tten gr\u00fcndeten. Als letztes der Bocker-Geschwister zog Heinrich nach Solingen, wo der Gro\u00dfteil der heutigen Produktion herkommt. B\u00f6ker fertigt Messer nach eigenen Entw\u00fcrfen und nach den Entw\u00fcrfen namhafter Messermacher.<\/p>\n","protected":false},"excerpt":{"rendered":"<p><strong>B\u00f6ker<\/strong> Schlie\u00dfmesser.<\/p>\n","protected":false},"featured_media":190181,"comment_status":"open","ping_status":"closed","template":"","meta":[],"pwb-brand":[3422],"product_brand":[],"product_cat":[3285,3303],"product_tag":[3669],"class_list":{"0":"post-307508","1":"product","2":"type-product","3":"status-publish","4":"has-post-thumbnail","6":"pwb-brand-boker-de","7":"product_cat-messer","8":"product_cat-schliesmesser","9":"product_tag-b2b-de","11":"first","12":"outofstock","13":"taxable","14":"shipping-taxable","15":"purchasable","16":"product-type-simple"},"brands":[{"id":3422,"name":"B\u00f6ker","slug":"boker-de"}],"_links":{"self":[{"href":"https:\/\/www.moskito.cz\/de\/wp-json\/wp\/v2\/product\/307508","targetHints":{"allow":["GET"]}}],"collection":[{"href":"https:\/\/www.moskito.cz\/de\/wp-json\/wp\/v2\/product"}],"about":[{"href":"https:\/\/www.moskito.cz\/de\/wp-json\/wp\/v2\/types\/product"}],"replies":[{"embeddable":true,"href":"https:\/\/www.moskito.cz\/de\/wp-json\/wp\/v2\/comments?post=307508"}],"wp:featuredmedia":[{"embeddable":true,"href":"https:\/\/www.moskito.cz\/de\/wp-json\/wp\/v2\/media\/190181"}],"wp:attachment":[{"href":"https:\/\/www.moskito.cz\/de\/wp-json\/wp\/v2\/media?parent=307508"}],"wp:term":[{"taxonomy":"pwb-brand","embeddable":true,"href":"https:\/\/www.moskito.cz\/de\/wp-json\/wp\/v2\/pwb-brand?post=307508"},{"taxonomy":"product_brand","embeddable":true,"href":"https:\/\/www.moskito.cz\/de\/wp-json\/wp\/v2\/product_brand?post=307508"},{"taxonomy":"product_cat","embeddable":true,"href":"https:\/\/www.moskito.cz\/de\/wp-json\/wp\/v2\/product_cat?post=307508"},{"taxonomy":"product_tag","embeddable":true,"href":"https:\/\/www.moskito.cz\/de\/wp-json\/wp\/v2\/product_tag?post=307508"}],"curies":[{"name":"wp","href":"https:\/\/api.w.org\/{rel}","templated":true}]}}