{"id":307523,"date":"2019-11-02T13:34:23","date_gmt":"2024-02-06T10:57:42","guid":{"rendered":"https:\/\/www.moskito.cz\/produkt\/schiessmesser-microtech-ultrarech-121-4\/"},"modified":"2025-07-11T07:50:10","modified_gmt":"2025-07-11T06:50:10","slug":"schiessmesser-microtech-ultrarech-121-4","status":"publish","type":"product","link":"https:\/\/www.moskito.cz\/de\/produkt\/schiessmesser-microtech-ultrarech-121-4\/","title":{"rendered":"Schie\u00dfmesser Microtech Ultrarech 121-4"},"content":{"rendered":"<p>Schie\u00dfmesser <strong>Microtech Ultrarech<\/strong> 121-4.<br \/>\nEin Schie\u00dfmesser von vorne.<\/p>\n<p><strong>Das Microtech Ultrarech<\/strong> 121-4 Schie\u00dfmesser ist mit einer einfachen Klinge mit einfacher Schneide ausgestattet. Das Messer hat einen geformten Griff aus eloxiertem 6061-T6-Aluminium und eine Edelstahlverst\u00e4rkung.<\/p>\n<p><strong>Microtech<\/strong> hat diese Version des allseits beliebten Ultratech D\/A OTF-Messers mit einem glatt konturierten Griffdesign ausgestattet, das den Bedienkomfort erh\u00f6ht. Dieses aktualisierte Modell bietet die gleichen Abmessungen, passt aber leichter in Ihre Hand und Tasche.<\/p>\n<p>F\u00fcr diejenigen, die mit Ultratech nicht vertraut sind: Es handelt sich um ein vollautomatisches Messer mit einem Doppelmechanismus an der Vorderseite, das hei\u00dft, die Klinge l\u00e4sst sich mit dem Daumen ein- und ausklappen. Das Ultratech-Messer von <strong>Microtech<\/strong> setzt neue Ma\u00dfst\u00e4be f\u00fcr alle OTF-Messer.<\/p>\n<p>Gesamtl\u00e4nge: 22 cm<br \/>\nKlingenl\u00e4nge: 8,6 cm<br \/>\nKlingenst\u00e4rke: 0,33 cm<br \/>\nKlingenmaterial: 204P<br \/>\nKlingenstil: Drop Point<br \/>\nEins\u00e4tze: Flach<br \/>\nRandtyp: Uni<br \/>\nGriffmaterial: Aluminium<br \/>\nGewicht: 3,60 Unzen.<br \/>\nBenutzer: Rechte Hand<br \/>\nTaschenclip: Tip-Down<br \/>\nMessertyp: Double-Action OTF Automatic<br \/>\n\u00d6ffner: Daumenschieber<br \/>\nMarke: Microtech<br \/>\nModell: Ultratech<br \/>\nModellnummer: 121-4<br \/>\nHerkunftsland: USA<br \/>\nBeste Verwendung: T\u00e4glich<\/p>\n<p><iframe title=\"Microtech Combat Troodon Torture Test\" width=\"800\" height=\"450\" src=\"https:\/\/www.youtube.com\/embed\/xE9TeOFYEjg?feature=oembed\" frameborder=\"0\" allow=\"accelerometer; autoplay; clipboard-write; encrypted-media; gyroscope; picture-in-picture; web-share\" allowfullscreen><\/iframe><\/p>\n","protected":false},"excerpt":{"rendered":"<p>Im Laufe der Jahre hat <strong>Microtech\u00ae<\/strong> Knives Messer mit Leidenschaft und K\u00f6nnen gef\u00fcllt, um nahezu Kunstwerke zu schaffen, die den Gipfel der Funktionalit\u00e4t darstellen. Alle Teile werden in den USA hergestellt.<br \/>\n<strong>Alle Microtech-Messer haben eine lebenslange Garantie (mindestens 80.000 Zyklen, \u00d6ffnen und Schlie\u00dfen).<\/strong><\/p>\n","protected":false},"featured_media":178025,"comment_status":"open","ping_status":"closed","template":"","meta":[],"pwb-brand":[3278],"product_brand":[],"product_cat":[3285,3343],"product_tag":[3669],"class_list":{"0":"post-307523","1":"product","2":"type-product","3":"status-publish","4":"has-post-thumbnail","6":"pwb-brand-microtech-de","7":"product_cat-messer","8":"product_cat-schiesmesser","9":"product_tag-b2b-de","11":"first","12":"instock","13":"taxable","14":"shipping-taxable","15":"purchasable","16":"product-type-simple"},"brands":[{"id":3278,"name":"Microtech","slug":"microtech-de"}],"_links":{"self":[{"href":"https:\/\/www.moskito.cz\/de\/wp-json\/wp\/v2\/product\/307523","targetHints":{"allow":["GET"]}}],"collection":[{"href":"https:\/\/www.moskito.cz\/de\/wp-json\/wp\/v2\/product"}],"about":[{"href":"https:\/\/www.moskito.cz\/de\/wp-json\/wp\/v2\/types\/product"}],"replies":[{"embeddable":true,"href":"https:\/\/www.moskito.cz\/de\/wp-json\/wp\/v2\/comments?post=307523"}],"wp:featuredmedia":[{"embeddable":true,"href":"https:\/\/www.moskito.cz\/de\/wp-json\/wp\/v2\/media\/178025"}],"wp:attachment":[{"href":"https:\/\/www.moskito.cz\/de\/wp-json\/wp\/v2\/media?parent=307523"}],"wp:term":[{"taxonomy":"pwb-brand","embeddable":true,"href":"https:\/\/www.moskito.cz\/de\/wp-json\/wp\/v2\/pwb-brand?post=307523"},{"taxonomy":"product_brand","embeddable":true,"href":"https:\/\/www.moskito.cz\/de\/wp-json\/wp\/v2\/product_brand?post=307523"},{"taxonomy":"product_cat","embeddable":true,"href":"https:\/\/www.moskito.cz\/de\/wp-json\/wp\/v2\/product_cat?post=307523"},{"taxonomy":"product_tag","embeddable":true,"href":"https:\/\/www.moskito.cz\/de\/wp-json\/wp\/v2\/product_tag?post=307523"}],"curies":[{"name":"wp","href":"https:\/\/api.w.org\/{rel}","templated":true}]}}