{"id":307529,"date":"2019-11-15T20:02:17","date_gmt":"2024-02-06T10:57:43","guid":{"rendered":"https:\/\/www.moskito.cz\/produkt\/schliessendes-damastmesser-mcusta-2\/"},"modified":"2025-07-11T07:50:18","modified_gmt":"2025-07-11T06:50:18","slug":"schliessendes-damastmesser-mcusta-2","status":"publish","type":"product","link":"https:\/\/www.moskito.cz\/de\/produkt\/schliessendes-damastmesser-mcusta-2\/","title":{"rendered":"Schlie\u00dfendes Damastmesser Mcusta"},"content":{"rendered":"<p>Schlie\u00dfendes Damastmesser <strong>Mcusta<\/strong> .<\/p>\n<p>Mcusta-Messer kommen aus der japanischen Stadt Seki. Mehrere ihrer Produkte finden Sie in unserem Angebot.<\/p>\n<p>Mcusta-Messer sind ein Symbol f\u00fcr Originalit\u00e4t, hochwertige Verarbeitung und perfektes Design.<\/p>\n<p>Sie werden in der Stadt Seki hergestellt, die seit dem 13. Jahrhundert eine Stadt ist. Jahrhundert galt als Zentrum der Messerherstellung. Aufgrund seiner reichhaltigen Bodensch\u00e4tze wurde es zu einem idealen Ort, der Meister Motoshige anzog. Im Laufe der Jahrhunderte wurden die Techniken und Fertigkeiten der Schmiedemeister von Generation zu Generation weitergegeben und st\u00e4ndig verbessert. Die Stadt Seki ist bis heute ein wichtiges Zentrum. Mcusta-Messer sind der Gipfel traditioneller japanischer Produktion und moderner Hochtechnologie. Sie werden nicht wie die meisten Massenmesser hergestellt. Vor der eigentlichen Produktion werden Prototypen entworfen, die sorgf\u00e4ltig getestet und praktisch erprobt werden.<\/p>\n<p>Messer werden so gestaltet, dass sie den Bed\u00fcrfnissen, dem Geschmack und dem Stil der Kunden so weit wie m\u00f6glich entsprechen.<\/p>\n<p>Mcusta MCU094D Klappmesser \u2013 Dieses Messer wird mit einem G\u00fcrtelholster geliefert.<\/p>\n<pre id=\"tw-target-text\" class=\"tw-data-text tw-text-large tw-ta\" dir=\"ltr\" data-placeholder=\"P\u0159eklad\"><span lang=\"cs\" tabindex=\"0\">Typ: skl\u00e1dac\u00ed n\u016f\u017e\n    Ocel: VG10 Dama\u0161ek\n    D\u00e9lka \u010depele: 70 mm\n    Rukoje\u0165: Fuj Tsuru (Crane)\n    D\u00e9lka rukojeti: 90m<\/span><\/pre>\n","protected":false},"excerpt":{"rendered":"<p>Verschlussmesser.<\/p>\n","protected":false},"featured_media":190032,"comment_status":"open","ping_status":"closed","template":"","meta":[],"pwb-brand":[3561],"product_brand":[],"product_cat":[3420,3285],"product_tag":[],"class_list":{"0":"post-307529","1":"product","2":"type-product","3":"status-publish","4":"has-post-thumbnail","6":"pwb-brand-mcusta-de","7":"product_cat-damaszenermesser","8":"product_cat-messer","10":"first","11":"outofstock","12":"taxable","13":"shipping-taxable","14":"purchasable","15":"product-type-simple"},"brands":[{"id":3561,"name":"Mcusta","slug":"mcusta-de"}],"_links":{"self":[{"href":"https:\/\/www.moskito.cz\/de\/wp-json\/wp\/v2\/product\/307529","targetHints":{"allow":["GET"]}}],"collection":[{"href":"https:\/\/www.moskito.cz\/de\/wp-json\/wp\/v2\/product"}],"about":[{"href":"https:\/\/www.moskito.cz\/de\/wp-json\/wp\/v2\/types\/product"}],"replies":[{"embeddable":true,"href":"https:\/\/www.moskito.cz\/de\/wp-json\/wp\/v2\/comments?post=307529"}],"wp:featuredmedia":[{"embeddable":true,"href":"https:\/\/www.moskito.cz\/de\/wp-json\/wp\/v2\/media\/190032"}],"wp:attachment":[{"href":"https:\/\/www.moskito.cz\/de\/wp-json\/wp\/v2\/media?parent=307529"}],"wp:term":[{"taxonomy":"pwb-brand","embeddable":true,"href":"https:\/\/www.moskito.cz\/de\/wp-json\/wp\/v2\/pwb-brand?post=307529"},{"taxonomy":"product_brand","embeddable":true,"href":"https:\/\/www.moskito.cz\/de\/wp-json\/wp\/v2\/product_brand?post=307529"},{"taxonomy":"product_cat","embeddable":true,"href":"https:\/\/www.moskito.cz\/de\/wp-json\/wp\/v2\/product_cat?post=307529"},{"taxonomy":"product_tag","embeddable":true,"href":"https:\/\/www.moskito.cz\/de\/wp-json\/wp\/v2\/product_tag?post=307529"}],"curies":[{"name":"wp","href":"https:\/\/api.w.org\/{rel}","templated":true}]}}