{"id":307535,"date":"2020-01-09T14:08:05","date_gmt":"2024-02-06T10:57:50","guid":{"rendered":"https:\/\/www.moskito.cz\/produkt\/massives-damastmesser-mcusta-65d\/"},"modified":"2025-07-11T07:50:23","modified_gmt":"2025-07-11T06:50:23","slug":"massives-damastmesser-mcusta-65d","status":"publish","type":"product","link":"https:\/\/www.moskito.cz\/de\/produkt\/massives-damastmesser-mcusta-65d\/","title":{"rendered":"Massives Damastmesser Mcusta 65D"},"content":{"rendered":"<p>Massives Damastmesser Mcusta.<\/p>\n<p><span class=\"tlid-translation translation\" lang=\"cs\"><span class=\"\" title=\"\">Die MC-6-Serie ist Mcustas erste feststehende Klinge.<\/span> <span title=\"\">Es handelt sich um ein Allzweckmesser mit Federfedern und d\u00fcnnem G\u00fcrtel, das f\u00fcr Forellen- und Vogelj\u00e4ger geeignet ist.<\/span> <span title=\"\">Die Klinge und der Griff bestehen aus einem einzigen St\u00fcck VG-10-Kern, geschmiedet aus 33-lagigem Nickel-Damast-Edelstahl.<\/span> <span class=\"\" title=\"\">Der Griff ist gerillt und mit synthetischen Malachitplatten eingelegt.<\/span> <span class=\"\" title=\"\">Jedes Messer hat eine schwarze Lederscheide.<\/span><\/span><\/p>\n<p>Die MC-6-Serie ist die erste feststehende Klinge von Mcusta. Es ist ein federleichtes, schlankes Allzweckmesser, das f\u00fcr Forellen- und Vogelj\u00e4ger geeignet ist. Die Klinge und der Griff sind eine einteilige Konstruktion aus VG-10-Kern, geschmiedet mit 33-lagigem Nickel-Damast-Edelstahl. Der Griff ist gerillt und mit synthetischen Malachitplatten eingelegt. Zu jedem Messer geh\u00f6rt eine schwarze Lederscheide.<\/p>\n<p>Mcusta-Messer kommen aus der japanischen Stadt Seki. Mehrere ihrer Produkte finden Sie in unserem Angebot.<\/p>\n<p>Mcusta-Messer sind ein Symbol f\u00fcr Originalit\u00e4t, hochwertige Verarbeitung und perfektes Design.<\/p>\n<p>Sie werden in der Stadt Seki hergestellt, die seit dem 13. Jahrhundert eine Stadt ist. Jahrhundert galt als Zentrum der Messerherstellung. Aufgrund seiner reichhaltigen Bodensch\u00e4tze wurde es zu einem idealen Ort, der Meister Motoshige anzog. Im Laufe der Jahrhunderte wurden die Techniken und Fertigkeiten der Schmiedemeister von Generation zu Generation weitergegeben und st\u00e4ndig verbessert. Die Stadt Seki ist bis heute ein wichtiges Zentrum. Mcusta-Messer sind der Gipfel traditioneller japanischer Produktion und moderner Hochtechnologie. Sie werden nicht wie die meisten Massenmesser hergestellt. Vor der eigentlichen Produktion werden Prototypen entworfen, die sorgf\u00e4ltig getestet und praktisch erprobt werden.<\/p>\n<p>Messer werden so gestaltet, dass sie den Bed\u00fcrfnissen, dem Geschmack und dem Stil der Kunden so weit wie m\u00f6glich entsprechen.<\/p>\n","protected":false},"excerpt":{"rendered":"<p>Feststehendes Messer mit Scheide.<\/p>\n","protected":false},"featured_media":190028,"comment_status":"open","ping_status":"closed","template":"","meta":[],"pwb-brand":[3561],"product_brand":[],"product_cat":[3420,3285],"product_tag":[],"class_list":{"0":"post-307535","1":"product","2":"type-product","3":"status-publish","4":"has-post-thumbnail","6":"pwb-brand-mcusta-de","7":"product_cat-damaszenermesser","8":"product_cat-messer","10":"first","11":"instock","12":"taxable","13":"shipping-taxable","14":"purchasable","15":"product-type-simple"},"brands":[{"id":3561,"name":"Mcusta","slug":"mcusta-de"}],"_links":{"self":[{"href":"https:\/\/www.moskito.cz\/de\/wp-json\/wp\/v2\/product\/307535","targetHints":{"allow":["GET"]}}],"collection":[{"href":"https:\/\/www.moskito.cz\/de\/wp-json\/wp\/v2\/product"}],"about":[{"href":"https:\/\/www.moskito.cz\/de\/wp-json\/wp\/v2\/types\/product"}],"replies":[{"embeddable":true,"href":"https:\/\/www.moskito.cz\/de\/wp-json\/wp\/v2\/comments?post=307535"}],"wp:featuredmedia":[{"embeddable":true,"href":"https:\/\/www.moskito.cz\/de\/wp-json\/wp\/v2\/media\/190028"}],"wp:attachment":[{"href":"https:\/\/www.moskito.cz\/de\/wp-json\/wp\/v2\/media?parent=307535"}],"wp:term":[{"taxonomy":"pwb-brand","embeddable":true,"href":"https:\/\/www.moskito.cz\/de\/wp-json\/wp\/v2\/pwb-brand?post=307535"},{"taxonomy":"product_brand","embeddable":true,"href":"https:\/\/www.moskito.cz\/de\/wp-json\/wp\/v2\/product_brand?post=307535"},{"taxonomy":"product_cat","embeddable":true,"href":"https:\/\/www.moskito.cz\/de\/wp-json\/wp\/v2\/product_cat?post=307535"},{"taxonomy":"product_tag","embeddable":true,"href":"https:\/\/www.moskito.cz\/de\/wp-json\/wp\/v2\/product_tag?post=307535"}],"curies":[{"name":"wp","href":"https:\/\/api.w.org\/{rel}","templated":true}]}}