{"id":307536,"date":"2020-01-12T16:28:18","date_gmt":"2024-02-06T10:57:50","guid":{"rendered":"https:\/\/www.moskito.cz\/produkt\/verschlussmesser-joker-jkr610-butterfly\/"},"modified":"2025-07-11T07:50:28","modified_gmt":"2025-07-11T06:50:28","slug":"verschlussmesser-joker-jkr610-butterfly","status":"publish","type":"product","link":"https:\/\/www.moskito.cz\/de\/produkt\/verschlussmesser-joker-jkr610-butterfly\/","title":{"rendered":"Verschlussmesser Joker JKR610 Butterfly"},"content":{"rendered":"<p>Verschlussmesser <strong>Joker<\/strong> JKR610 Butterfly.<\/p>\n<p><strong>Joker-<\/strong> Messer stammen aus der spanischen Stadt Albacete, die f\u00fcr ihre Messerproduktion bekannt ist.<br \/>\nKlassisches Klappmesser im Butterfly-Stil. Alle Komponenten des Messers bestehen aus hochbest\u00e4ndigem Edelstahl. Der zweiteilige Stahlgriff wird im geschlossenen Zustand durch einen Sicherheitsverschluss gesichert. Dadurch lassen sich mit dem Messer allerlei Tricks sicher ausf\u00fchren. Die L\u00e4nge der Klinge betr\u00e4gt 10 cm. Die Gesamtl\u00e4nge betr\u00e4gt 22,5 cm.<\/p>\n","protected":false},"excerpt":{"rendered":"<p><strong>Joker-<\/strong> Messer stammen aus der spanischen Stadt Albacete, die f\u00fcr ihre Messerproduktion bekannt ist.<br \/>\nKlassisches Klappmesser im Butterfly-Stil. Alle Komponenten des Messers bestehen aus hochbest\u00e4ndigem Edelstahl.<\/p>\n","protected":false},"featured_media":192715,"comment_status":"open","ping_status":"closed","template":"","meta":[],"pwb-brand":[3415],"product_brand":[],"product_cat":[3545,3285],"product_tag":[],"class_list":{"0":"post-307536","1":"product","2":"type-product","3":"status-publish","4":"has-post-thumbnail","6":"pwb-brand-joker-de","7":"product_cat-fliegen-de","8":"product_cat-messer","10":"first","11":"instock","12":"taxable","13":"shipping-taxable","14":"purchasable","15":"product-type-simple"},"brands":[{"id":3415,"name":"Joker","slug":"joker-de"}],"_links":{"self":[{"href":"https:\/\/www.moskito.cz\/de\/wp-json\/wp\/v2\/product\/307536","targetHints":{"allow":["GET"]}}],"collection":[{"href":"https:\/\/www.moskito.cz\/de\/wp-json\/wp\/v2\/product"}],"about":[{"href":"https:\/\/www.moskito.cz\/de\/wp-json\/wp\/v2\/types\/product"}],"replies":[{"embeddable":true,"href":"https:\/\/www.moskito.cz\/de\/wp-json\/wp\/v2\/comments?post=307536"}],"wp:featuredmedia":[{"embeddable":true,"href":"https:\/\/www.moskito.cz\/de\/wp-json\/wp\/v2\/media\/192715"}],"wp:attachment":[{"href":"https:\/\/www.moskito.cz\/de\/wp-json\/wp\/v2\/media?parent=307536"}],"wp:term":[{"taxonomy":"pwb-brand","embeddable":true,"href":"https:\/\/www.moskito.cz\/de\/wp-json\/wp\/v2\/pwb-brand?post=307536"},{"taxonomy":"product_brand","embeddable":true,"href":"https:\/\/www.moskito.cz\/de\/wp-json\/wp\/v2\/product_brand?post=307536"},{"taxonomy":"product_cat","embeddable":true,"href":"https:\/\/www.moskito.cz\/de\/wp-json\/wp\/v2\/product_cat?post=307536"},{"taxonomy":"product_tag","embeddable":true,"href":"https:\/\/www.moskito.cz\/de\/wp-json\/wp\/v2\/product_tag?post=307536"}],"curies":[{"name":"wp","href":"https:\/\/api.w.org\/{rel}","templated":true}]}}