{"id":307550,"date":"2020-01-28T13:22:06","date_gmt":"2024-02-06T10:57:54","guid":{"rendered":"https:\/\/www.moskito.cz\/produkt\/schiessmesser-microtech-combat-troodon-142-11-vi\/"},"modified":"2025-07-11T07:50:35","modified_gmt":"2025-07-11T06:50:35","slug":"schiessmesser-microtech-combat-troodon-142-11-vi","status":"publish","type":"product","link":"https:\/\/www.moskito.cz\/de\/produkt\/schiessmesser-microtech-combat-troodon-142-11-vi\/","title":{"rendered":"Schie\u00dfmesser Microtech Combat Troodon 142-11 VI"},"content":{"rendered":"<p>Schie\u00dfmesser <strong>Microtech Combat Troodon<\/strong> 142-11 VI.<\/p>\n<p><span lang=\"cs\">Im Laufe der Jahre hat Microtech\u00ae Knives Messer mit Leidenschaft und K\u00f6nnen gef\u00fcllt, um nahezu Kunstwerke zu schaffen, die den Gipfel der Funktionalit\u00e4t darstellen. Es verschiebt weiterhin die Grenzen und verbessert das<br \/>\nwas er bereits wei\u00df, funktioniert. Im Jahr 2020 hat sich Microtech\u00ae Knives zu einer f\u00fchrenden Messermarke entwickelt<br \/>\neine Marke, die sich st\u00e4ndig weiterentwickelt und mit der neuesten Technologie voranschreitet,<br \/>\nAlte Klingenherstellungsprinzipien und maximale Feldtests, um keine Kompromisse bei der Qualit\u00e4t einzugehen.  <\/span><\/p>\n<p>Ein Schie\u00dfmesser von vorne.<\/p>\n<p><strong>Das Microtech Combat Troodon<\/strong> 142-11 VI Schie\u00dfmesser hat eine Klinge aus rostfreiem Stahl mit teilweise gezahnter Kante. Der Aluminiumgriff mit glasbrechender Kugelspitze ist aus Edelstahl gefertigt.<br \/>\nDas gr\u00f6\u00dfte OTF-Messer von <strong>Microtech<\/strong> ist nach dem Troodon-Dinosaurier benannt. Combat Troodon ist eine wirklich gro\u00dfe Version des beliebten Troodon. Trotz seiner Gr\u00f6\u00dfe ist der Griff schlank und bequem.<\/p>\n<p>Gesamtl\u00e4nge: 23,75 cm<br \/>\nKlingenl\u00e4nge: 9,5 cm<br \/>\nKlingenmaterial: Elmax<br \/>\nKlingenstil: Dolch<br \/>\nEins\u00e4tze: Flach<br \/>\nRandtyp: Uni<br \/>\nGriffl\u00e4nge: 14,37 cm<br \/>\nGriffst\u00e4rke: 1,37 cm<br \/>\nGriffmaterial: Aluminium<br \/>\nFarbe: Hellbraun<br \/>\nGewicht: 5,35 Unzen.<br \/>\nBenutzer: Rechte Hand<br \/>\nTaschenclip: Tip-Down<br \/>\nMessertyp: Double-Action OTF Automatic<br \/>\n\u00d6ffner: Daumenschieber<br \/>\nMarke: Microtech<br \/>\nModell: Combat Troodon<br \/>\nModellnummer: 142-11 VI<br \/>\nHerkunftsland: USA<br \/>\nBeste Verwendung: Taktisch<\/p>\n<p>Im Laufe der Jahre hat <strong>Microtech\u00ae Knives<\/strong> mit Leidenschaft und K\u00f6nnen Kunstwerke geschaffen, die ein H\u00f6chstma\u00df an Funktionalit\u00e4t und Form bieten. Wir verschieben weiterhin Grenzen und verbessern das, von dem wir bereits wissen, dass es funktioniert. Im Jahr 2020 hat sich <strong>Microtech\u00ae Knives<\/strong> zu einer f\u00fchrenden Besteckmarke entwickelt, die sich st\u00e4ndig weiterentwickelt und vorantreibt, indem sie die neueste Technologie, alte Klingenprinzipien und maximale Praxistests nutzt, um sicherzustellen, dass wir keine Kompromisse eingehen.<\/p>\n<table class=\"colors_descriptionbox\" border=\"0\" width=\"100%\" cellspacing=\"0\" cellpadding=\"0\">\n<tbody>\n<tr>\n<td valign=\"top\" width=\"100%\">\n<table border=\"0\" width=\"100%\" cellspacing=\"0\" cellpadding=\"0\">\n<tbody>\n<tr>\n<td>\n<div id=\"ProductDetail_ProductDetails_div\">\n<div>Der  <strong>Mikrotechnik  <\/strong>Das Combat Troodon ist eines der gr\u00f6\u00dften Dual-Action-OTF-Messer (Out The Front), das heute erh\u00e4ltlich ist. Das Combat Troodon ist die gr\u00f6\u00dfere Version davon  <strong>Mikrotech Troodon.<\/strong>  Mit einer Gesamtl\u00e4nge von fast 10 Zoll und einer 4-Zoll-Klinge ist der Kampf-Troodon ein beeindruckendes, kampfbereites Werkzeug mit CNC-gefr\u00e4sten Rillen auf allen Seiten des Griffs und einem gr\u00f6\u00dferen Schieber zum einfachen Abfeuern und Zur\u00fcckziehen der Klinge auch mit Handschuhen .<\/div>\n<div>Die Klinge des Combat Troodon wurde komplett neu gestaltet und verf\u00fcgt \u00fcber extra lange Blutrillen und einen dickeren Klingenschaft sowie einen echten Glasbrecher mit Hartmetallspitze an der Unterseite des Griffs, der gleichzeitig als Befestigungsschraube f\u00fcr den Taschenclip dient. Dies ist das Dual-Action-OTF in Magnum-Gr\u00f6\u00dfe, vor dem sich alle anderen f\u00fcrchten.<\/div>\n<div><\/div>\n<\/div>\n<\/td>\n<\/tr>\n<\/tbody>\n<\/table>\n<\/td>\n<td valign=\"middle\" width=\"1\"><\/td>\n<\/tr>\n<\/tbody>\n<\/table>\n<div id=\"ProductDetail_ProductDetails_div2\">\n<table class=\"colors_descriptionbox\" border=\"0\" width=\"100%\" cellspacing=\"0\" cellpadding=\"0\">\n<tbody>\n<tr>\n<td valign=\"bottom\" width=\"1\"><\/td>\n<td valign=\"top\" width=\"100%\"><\/td>\n<td align=\"left\" valign=\"bottom\" width=\"1\"><\/td>\n<\/tr>\n<tr>\n<td align=\"left\" valign=\"top\" width=\"1\"><\/td>\n<td valign=\"top\" width=\"100%\"><\/td>\n<td align=\"left\" valign=\"top\" width=\"1\"><\/td>\n<\/tr>\n<tr>\n<td valign=\"middle\" width=\"1\"><\/td>\n<td valign=\"top\" width=\"100%\">\n<table border=\"0\" width=\"100%\" cellspacing=\"0\" cellpadding=\"0\">\n<tbody>\n<tr>\n<td><b>Merkmale<\/b><br \/>\nGesamtl\u00e4nge: 9,5&#8243;<br \/>\nKlingenl\u00e4nge: 3,8&#8243;<br \/>\nKlingenmaterial: M390<br \/>\nKlingenst\u00e4rke: 0,125 Zoll<br \/>\nGriffmaterial: 6061 Aluminium<br \/>\nGewicht: 5,3 Unzen<br \/>\nL\u00e4nge geschlossen: 5,3&#8243;<br \/>\nMesserkategorie: Automatisch<br \/>\nAktion: Dual Action Out The Front (D\/A OTF)<br \/>\nKlingenstil: Doppelschneide<br \/>\nHerkunftsland: USA<\/td>\n<\/tr>\n<\/tbody>\n<\/table>\n<\/td>\n<\/tr>\n<\/tbody>\n<\/table>\n<\/div>\n","protected":false},"excerpt":{"rendered":"<p>Im Laufe der Jahre hat <strong>Microtech\u00ae Knives<\/strong> Messer mit Leidenschaft und K\u00f6nnen gef\u00fcllt, um nahezu Kunstwerke zu schaffen, die den Gipfel der Funktionalit\u00e4t darstellen. Alle Teile werden in den USA hergestellt.<br \/>\n<strong>F\u00fcr alle Microtech-Messer gilt eine lebenslange Garantie.<\/strong><\/p>\n","protected":false},"featured_media":397666,"comment_status":"open","ping_status":"closed","template":"","meta":[],"pwb-brand":[3278],"product_brand":[],"product_cat":[3285,3343],"product_tag":[3669],"class_list":{"0":"post-307550","1":"product","2":"type-product","3":"status-publish","4":"has-post-thumbnail","6":"pwb-brand-microtech-de","7":"product_cat-messer","8":"product_cat-schiesmesser","9":"product_tag-b2b-de","11":"first","12":"instock","13":"taxable","14":"shipping-taxable","15":"purchasable","16":"product-type-simple"},"brands":[{"id":3278,"name":"Microtech","slug":"microtech-de"}],"_links":{"self":[{"href":"https:\/\/www.moskito.cz\/de\/wp-json\/wp\/v2\/product\/307550","targetHints":{"allow":["GET"]}}],"collection":[{"href":"https:\/\/www.moskito.cz\/de\/wp-json\/wp\/v2\/product"}],"about":[{"href":"https:\/\/www.moskito.cz\/de\/wp-json\/wp\/v2\/types\/product"}],"replies":[{"embeddable":true,"href":"https:\/\/www.moskito.cz\/de\/wp-json\/wp\/v2\/comments?post=307550"}],"wp:featuredmedia":[{"embeddable":true,"href":"https:\/\/www.moskito.cz\/de\/wp-json\/wp\/v2\/media\/397666"}],"wp:attachment":[{"href":"https:\/\/www.moskito.cz\/de\/wp-json\/wp\/v2\/media?parent=307550"}],"wp:term":[{"taxonomy":"pwb-brand","embeddable":true,"href":"https:\/\/www.moskito.cz\/de\/wp-json\/wp\/v2\/pwb-brand?post=307550"},{"taxonomy":"product_brand","embeddable":true,"href":"https:\/\/www.moskito.cz\/de\/wp-json\/wp\/v2\/product_brand?post=307550"},{"taxonomy":"product_cat","embeddable":true,"href":"https:\/\/www.moskito.cz\/de\/wp-json\/wp\/v2\/product_cat?post=307550"},{"taxonomy":"product_tag","embeddable":true,"href":"https:\/\/www.moskito.cz\/de\/wp-json\/wp\/v2\/product_tag?post=307550"}],"curies":[{"name":"wp","href":"https:\/\/api.w.org\/{rel}","templated":true}]}}