{"id":307559,"date":"2020-01-13T15:08:04","date_gmt":"2024-02-06T10:57:58","guid":{"rendered":"https:\/\/www.moskito.cz\/produkt\/schiessmesser-microtech-ultratech-stonewashed-tanto-123-11\/"},"modified":"2025-07-11T07:50:32","modified_gmt":"2025-07-11T06:50:32","slug":"schiessmesser-microtech-ultratech-stonewashed-tanto-123-11","status":"publish","type":"product","link":"https:\/\/www.moskito.cz\/de\/produkt\/schiessmesser-microtech-ultratech-stonewashed-tanto-123-11\/","title":{"rendered":"Schie\u00dfmesser Microtech Ultratech Stonewashed Tanto 123-11"},"content":{"rendered":"<p>Schie\u00dfmesser <strong>Microtech<\/strong> Ultratech Stonewashed Tanto 123-11<br \/>\nEin Schie\u00dfmesser von vorne.<\/p>\n<p><strong>Microtech<\/strong> Ultratech 123-11 Ultratech-Schie\u00dfmesser mit einer teilweise gezahnten Schneide im Tanto-Stil. Das Messer verf\u00fcgt \u00fcber einen geformten Aluminiumgriff aus eloxiertem Aluminium 6061-T6 in schwarzer Farbe, Sicherheit und Edelstahlverst\u00e4rkung.<\/p>\n<p>Microtech hat diese Version des allseits beliebten Ultratech D\/A OTF-Messers mit einem glatt konturierten Griffdesign ausgestattet, das den Bedienkomfort erh\u00f6ht. Dieses aktualisierte Modell bietet die gleichen Abmessungen und Haltbarkeit wie die \u201eTri-Grip\u201c-Variante, passt aber leichter in die Hand und Tasche.<\/p>\n<p>F\u00fcr diejenigen, die mit Ultratech nicht vertraut sind: Es handelt sich um ein vollautomatisches Messer mit einem Doppelmechanismus an der Vorderseite, das hei\u00dft, die Klinge l\u00e4sst sich mit dem Daumen ein- und ausklappen. <strong>Das Ultratech-Messer<\/strong> von Microtech setzt neue Ma\u00dfst\u00e4be f\u00fcr alle OTF-Messer.<\/p>\n<p>Gesamtl\u00e4nge: 22 cm<br \/>\nKlingenl\u00e4nge: 8,6 cm<br \/>\nKlingenmaterial: B\u00f6hler M390<br \/>\nKlingenstil: Tanto<br \/>\nEins\u00e4tze: Flach<br \/>\nSchwarze Farbe<br \/>\nRandtyp: Uni<br \/>\nGriffmaterial: Aluminium<br \/>\nGewicht: 3,60 Unzen.<br \/>\nBenutzer: Rechte Hand<br \/>\nTaschenclip: Tip-Down<br \/>\nMessertyp: Double-Action OTF Automatic<br \/>\n\u00d6ffner: Daumenschieber<br \/>\nMarke: Microtech<br \/>\nModell: Ultratech<br \/>\nModellnummer: 123-11<br \/>\nHerkunftsland: USA<br \/>\nBeste Verwendung: T\u00e4glich<\/p>\n<div class=\"description\">\n<p>Das Ultratech wird f\u00fcr immer den Standard f\u00fcr alle Out-the-Front-Messer setzen. Ultratech ist das urspr\u00fcngliche Dual-Action-Out-the-Front-Messer <strong>von Microtech<\/strong> und bildet die Grundlage der gesamten OTF-Linie. Im Laufe der Jahre wurde es mehreren Modifikationen unterzogen, die jedes Mal effizienter und zuverl\u00e4ssiger wurden. Diese Version verf\u00fcgt \u00fcber den verbesserten konturierten Griff mit strukturiertem Daumenschieber f\u00fcr einen besseren Halt. Die Feder des Ultratech bleibt stets in einer Ruheposition, au\u00dfer im ausgefahrenen Zustand. Dadurch wird sichergestellt, dass die zusammengedr\u00fcckte Feder nicht erm\u00fcdet und der Benutzer sicherstellt, dass das Messer beim Abfeuern effektiv funktioniert. Ultratech kann viele verschiedene Formen annehmen; Es kann mit einer Standardplatte aus bearbeitetem Aluminium oder einem St\u00fcck Kohlefaser abgedeckt werden. Das leichte Gewicht des Ultratech, das \u00d6ffnen und Schlie\u00dfen mit einer Hand, die schlanke Form und die skalpellscharfe Klinge machen es zu einem einzigartigen Messer, das nur bei <strong>Microtech<\/strong> erh\u00e4ltlich ist. Dieses Messer hat immer wieder bewiesen, dass es jedem Hindernis standh\u00e4lt. Nur die Zeit wird zeigen, wie der n\u00e4chste Schritt f\u00fcr die Ultratech-Serie aussehen wird.<\/p>\n<div class=\"clearfix\"><\/div>\n<\/div>\n<div class=\"specifications\">\n<div class=\"features\"><\/div>\n<div class=\"specs\">\n<p><strong>Spezifikationen<\/strong><\/p>\n<ul>\n<li>Automatisches \u00d6ffnen\/Schlie\u00dfen \u2013 Front\u00f6ffner<\/li>\n<li>Aktion: Dual Action \u2013 Automatisches Feuern\/Einfahren<\/li>\n<li>Klingenst\u00e4rke: 0,125 Zoll<\/li>\n<li>Klingenl\u00e4nge: 3,46 Zoll<\/li>\n<li>Klingenstil: Single Edge Tanto, Combo Edge<\/li>\n<li>Griffst\u00e4rke: 0,640 Zoll<\/li>\n<li>Griffmaterial: 6061-T6-Aluminium mit Mil-Spec-Hartanodisierung<\/li>\n<li>L\u00e4nge geschlossen: 4,84&#8243;<\/li>\n<li>L\u00e4nge offen: 8,30&#8243;<\/li>\n<li>Material des Taschenclips: Edelstahl 301, vollhart<\/li>\n<li>Standardoberteil: 6061-T6 AL-Legierung<\/li>\n<li>Abzug: 303 Edelstahl<\/li>\n<li>Lieferung ohne Scheide<\/li>\n<li><strong>Bitte beachten Sie, dass der Klingenstahl nicht angegeben werden kann, da er sich je nach Verf\u00fcgbarkeit \u00e4ndern kann (Informationen von Microtech).<\/strong><\/li>\n<li>Hergestellt in den USA<\/li>\n<\/ul>\n<\/div>\n<\/div>\n","protected":false},"excerpt":{"rendered":"<p>Im Laufe der Jahre hat <strong>Microtech\u00ae Knives<\/strong> Messer mit Leidenschaft und K\u00f6nnen gef\u00fcllt, um nahezu Kunstwerke zu schaffen, die den Gipfel der Funktionalit\u00e4t darstellen. Alle Teile werden in den USA hergestellt.<br \/>\n<strong>F\u00fcr alle Microtech-Messer gilt eine lebenslange Garantie.<\/strong><\/p>\n","protected":false},"featured_media":206543,"comment_status":"open","ping_status":"closed","template":"","meta":[],"pwb-brand":[3278],"product_brand":[],"product_cat":[3285,3343],"product_tag":[3669],"class_list":{"0":"post-307559","1":"product","2":"type-product","3":"status-publish","4":"has-post-thumbnail","6":"pwb-brand-microtech-de","7":"product_cat-messer","8":"product_cat-schiesmesser","9":"product_tag-b2b-de","11":"first","12":"instock","13":"taxable","14":"shipping-taxable","15":"purchasable","16":"product-type-simple"},"brands":[{"id":3278,"name":"Microtech","slug":"microtech-de"}],"_links":{"self":[{"href":"https:\/\/www.moskito.cz\/de\/wp-json\/wp\/v2\/product\/307559","targetHints":{"allow":["GET"]}}],"collection":[{"href":"https:\/\/www.moskito.cz\/de\/wp-json\/wp\/v2\/product"}],"about":[{"href":"https:\/\/www.moskito.cz\/de\/wp-json\/wp\/v2\/types\/product"}],"replies":[{"embeddable":true,"href":"https:\/\/www.moskito.cz\/de\/wp-json\/wp\/v2\/comments?post=307559"}],"wp:featuredmedia":[{"embeddable":true,"href":"https:\/\/www.moskito.cz\/de\/wp-json\/wp\/v2\/media\/206543"}],"wp:attachment":[{"href":"https:\/\/www.moskito.cz\/de\/wp-json\/wp\/v2\/media?parent=307559"}],"wp:term":[{"taxonomy":"pwb-brand","embeddable":true,"href":"https:\/\/www.moskito.cz\/de\/wp-json\/wp\/v2\/pwb-brand?post=307559"},{"taxonomy":"product_brand","embeddable":true,"href":"https:\/\/www.moskito.cz\/de\/wp-json\/wp\/v2\/product_brand?post=307559"},{"taxonomy":"product_cat","embeddable":true,"href":"https:\/\/www.moskito.cz\/de\/wp-json\/wp\/v2\/product_cat?post=307559"},{"taxonomy":"product_tag","embeddable":true,"href":"https:\/\/www.moskito.cz\/de\/wp-json\/wp\/v2\/product_tag?post=307559"}],"curies":[{"name":"wp","href":"https:\/\/api.w.org\/{rel}","templated":true}]}}