{"id":307565,"date":"2020-01-28T16:39:34","date_gmt":"2024-02-06T10:58:00","guid":{"rendered":"https:\/\/www.moskito.cz\/produkt\/schiessmesser-microtech-utx-85-233-10-od\/"},"modified":"2025-07-11T07:50:37","modified_gmt":"2025-07-11T06:50:37","slug":"schiessmesser-microtech-utx-85-233-10-od","status":"publish","type":"product","link":"https:\/\/www.moskito.cz\/de\/produkt\/schiessmesser-microtech-utx-85-233-10-od\/","title":{"rendered":"Schie\u00dfmesser Microtech UTX-85 233-10 OD"},"content":{"rendered":"<p>Schie\u00dfmesser <strong>Microtech<\/strong> UTX-85 233-10 OD.<\/p>\n<p><span lang=\"cs\">Das <strong>Microtech<\/strong> UTX-85 OTF-Messer ist die perfekte Kombination aus kompakter Gr\u00f6\u00dfe und gro\u00dfartiger Leistung. Mit einer Gr\u00f6\u00dfe von 85 % Ultratech wird <strong>der Microtech<\/strong> UTX-85 aus den gleichen Materialien, auf den gleichen Maschinen und mit dem gleichen Einfallsreichtum wie sein Vorg\u00e4nger hergestellt. Das Microtech UTX-85 ist das perfekte Messer f\u00fcr alle Situationen \u2013 egal welche Aufgabe Sie schneiden; es wird sich nahtlos in Ihren Lebensstil einf\u00fcgen. Dank des schnellen \u00d6ffnens und Schlie\u00dfens mit einer Hand ist die Arbeit in Sekundenschnelle erledigt. Ausgestattet mit einem doppelseitigen Taschenclip und kompakter Gr\u00f6\u00dfe ist es die perfekte Wahl f\u00fcr den t\u00e4glichen Gebrauch und Transport.<\/span><\/p>\n<p><span class=\"tlid-translation translation\"><span class=\"\" title=\"\">Gesamtl\u00e4nge: 18,75 cm<\/span><br \/>\n<span class=\"\" title=\"\">Klingenl\u00e4nge: 7,81 cm<\/span><br \/>\n<span class=\"\" title=\"\">Schnittkante: 7,17 cm<\/span><br \/>\n<span class=\"\" title=\"\">Klingenst\u00e4rke: 0,32 cm<\/span><br \/>\n<span class=\"\" title=\"\">Klingenmaterial: B\u00f6hler M390<\/span><br \/>\n<span title=\"\">Klingenstil: Tanto<\/span><br \/>\n<span title=\"\">Eins\u00e4tze: Flach<\/span><br \/>\n<span title=\"\">Randtyp: Uni<\/span><br \/>\n<span title=\"\">Griffl\u00e4nge: 10,92 cm<\/span><br \/>\n<span class=\"\" title=\"\">Griffst\u00e4rke: 1,17 cm<\/span><br \/>\n<span title=\"\">Griffmaterial: Aluminium<\/span><br \/>\n<span title=\"\">Gewicht: 3,06 Unzen.<\/span><br \/>\n<span title=\"\">Benutzer: Rechte Hand<\/span><br \/>\n<span title=\"\">Taschenclip: Tip-Down<\/span><br \/>\n<span title=\"\">Messertyp: Double-Action OTF Automatic<\/span><br \/>\n<span title=\"\">\u00d6ffner: Daumenschieber<\/span><br \/>\n<span title=\"\">Marke: Microtech<\/span><br \/>\n<span title=\"\">Modell: UTX-85<\/span><br \/>\n<span title=\"\">Modellnummer:<\/span> 233-10 OD<br \/>\n<span title=\"\">Herkunftsland: USA<\/span><br \/>\n<span title=\"\">Beste Verwendung: Taktisch<\/span><\/span><\/p>\n<p><iframe title=\"Microtech Combat Troodon Torture Test\" width=\"800\" height=\"450\" src=\"https:\/\/www.youtube.com\/embed\/xE9TeOFYEjg?feature=oembed\" frameborder=\"0\" allow=\"accelerometer; autoplay; clipboard-write; encrypted-media; gyroscope; picture-in-picture; web-share\" allowfullscreen><\/iframe><\/p>\n<div id=\"ProductDetail_ProductDetails_div2\"><\/div>\n","protected":false},"excerpt":{"rendered":"<p>Im Laufe der Jahre hat <strong>Microtech\u00ae Knives<\/strong> Messer mit Leidenschaft und K\u00f6nnen gef\u00fcllt, um nahezu Kunstwerke zu schaffen, die den Gipfel der Funktionalit\u00e4t darstellen. Alle Teile werden in den USA hergestellt.<br \/>\n<strong>F\u00fcr alle Microtech-Messer gilt eine lebenslange Garantie.<\/strong><\/p>\n<p><strong>Kostenloser Transport.<\/strong><\/p>\n","protected":false},"featured_media":216826,"comment_status":"open","ping_status":"closed","template":"","meta":[],"pwb-brand":[3278],"product_brand":[],"product_cat":[3285,3343],"product_tag":[3669],"class_list":{"0":"post-307565","1":"product","2":"type-product","3":"status-publish","4":"has-post-thumbnail","6":"pwb-brand-microtech-de","7":"product_cat-messer","8":"product_cat-schiesmesser","9":"product_tag-b2b-de","11":"first","12":"instock","13":"taxable","14":"shipping-taxable","15":"purchasable","16":"product-type-simple"},"brands":[{"id":3278,"name":"Microtech","slug":"microtech-de"}],"_links":{"self":[{"href":"https:\/\/www.moskito.cz\/de\/wp-json\/wp\/v2\/product\/307565","targetHints":{"allow":["GET"]}}],"collection":[{"href":"https:\/\/www.moskito.cz\/de\/wp-json\/wp\/v2\/product"}],"about":[{"href":"https:\/\/www.moskito.cz\/de\/wp-json\/wp\/v2\/types\/product"}],"replies":[{"embeddable":true,"href":"https:\/\/www.moskito.cz\/de\/wp-json\/wp\/v2\/comments?post=307565"}],"wp:featuredmedia":[{"embeddable":true,"href":"https:\/\/www.moskito.cz\/de\/wp-json\/wp\/v2\/media\/216826"}],"wp:attachment":[{"href":"https:\/\/www.moskito.cz\/de\/wp-json\/wp\/v2\/media?parent=307565"}],"wp:term":[{"taxonomy":"pwb-brand","embeddable":true,"href":"https:\/\/www.moskito.cz\/de\/wp-json\/wp\/v2\/pwb-brand?post=307565"},{"taxonomy":"product_brand","embeddable":true,"href":"https:\/\/www.moskito.cz\/de\/wp-json\/wp\/v2\/product_brand?post=307565"},{"taxonomy":"product_cat","embeddable":true,"href":"https:\/\/www.moskito.cz\/de\/wp-json\/wp\/v2\/product_cat?post=307565"},{"taxonomy":"product_tag","embeddable":true,"href":"https:\/\/www.moskito.cz\/de\/wp-json\/wp\/v2\/product_tag?post=307565"}],"curies":[{"name":"wp","href":"https:\/\/api.w.org\/{rel}","templated":true}]}}