{"id":307572,"date":"2020-01-29T12:28:39","date_gmt":"2020-01-29T11:28:39","guid":{"rendered":"https:\/\/www.moskito.cz\/produkt\/schiessmesser-microtech-combat-troodon-142-12\/"},"modified":"2025-07-11T07:50:41","modified_gmt":"2025-07-11T06:50:41","slug":"schiessmesser-microtech-combat-troodon-142-12","status":"publish","type":"product","link":"https:\/\/www.moskito.cz\/de\/produkt\/schiessmesser-microtech-combat-troodon-142-12\/","title":{"rendered":"Schie\u00dfmesser Microtech Combat Troodon 142-12"},"content":{"rendered":"<div class=\"description\">Schie\u00dfmesser <strong>Microtech Combat Troodon<\/strong> 142-12.<\/div>\n<div><span lang=\"cs\">Im Laufe der Jahre hat Microtech\u00ae Knives Messer mit Leidenschaft und K\u00f6nnen gef\u00fcllt, um fast Kunstwerke zu schaffen.<br \/>\ndie den Gipfel der Funktionalit\u00e4t darstellen. Es verschiebt weiterhin die Grenzen und verbessert das<br \/>\nwas er bereits wei\u00df, funktioniert. Im Jahr 2020 hat sich Microtech\u00ae Knives zu einer f\u00fchrenden Messermarke entwickelt<br \/>\neine Marke, die sich st\u00e4ndig weiterentwickelt und mit der neuesten Technologie voranschreitet,<br \/>\nAlte Klingenherstellungsprinzipien und maximale Feldtests, um keine Kompromisse bei der Qualit\u00e4t einzugehen.  <\/span><\/div>\n<div>\n<p>Ein Schie\u00dfmesser von vorne.<\/p>\n<p><strong>Das Microtech Combat Troodon<\/strong> 142-12 Schie\u00dfmesser hat eine Klinge aus rostfreiem Stahl mit einer gezahnten Oberkante. Der Aluminiumgriff mit glasbrechender Kugelspitze ist aus Edelstahl gefertigt.<br \/>\nDas gr\u00f6\u00dfte OTF-Messer von Microtech ist nach dem Troodon-Dinosaurier benannt. Combat Troodon ist eine wirklich gro\u00dfe Version des beliebten Troodon. Trotz seiner Gr\u00f6\u00dfe ist der Griff schlank und bequem.<\/p>\n<p>Gesamtl\u00e4nge: 23,75 cm<br \/>\nKlingenl\u00e4nge: 9,5 cm<br \/>\nKlingenmaterial: M390<br \/>\nKlingenstil: Dolch<br \/>\nEins\u00e4tze: Flach<br \/>\nGriffl\u00e4nge: 14,37 cm<br \/>\nGriffst\u00e4rke: 1,37 cm<br \/>\nGriffmaterial: Aluminium<br \/>\nGewicht: 5,35 Unzen.<br \/>\nBenutzer: Rechte Hand<br \/>\nTaschenclip: Tip-Down<br \/>\nMessertyp: Double-Action OTF Automatic<br \/>\n\u00d6ffner: Daumenschieber<br \/>\nMarke: Microtech<br \/>\nModell: Combat Troodon<br \/>\nModellnummer: 142-12<br \/>\nHerkunftsland: USA<br \/>\nBeste Verwendung: Taktisch<\/p>\n<div class=\"description-content\">\n<p><iframe title=\"Microtech Combat Troodon Torture Test\" width=\"800\" height=\"450\" src=\"https:\/\/www.youtube.com\/embed\/xE9TeOFYEjg?feature=oembed\" frameborder=\"0\" allow=\"accelerometer; autoplay; clipboard-write; encrypted-media; gyroscope; picture-in-picture; web-share\" allowfullscreen><\/iframe><\/p>\n<p>&nbsp;<\/p>\n<\/div>\n<\/div>\n","protected":false},"excerpt":{"rendered":"<p>Im Laufe der Jahre hat <strong>Microtech\u00ae Knives<\/strong> Messer mit Leidenschaft und K\u00f6nnen gef\u00fcllt, um nahezu Kunstwerke zu schaffen, die den Gipfel der Funktionalit\u00e4t darstellen. Alle Teile werden in den USA hergestellt.<br \/>\n<strong>F\u00fcr alle Microtech-Messer gilt eine lebenslange Garantie.<\/strong><\/p>\n<p><strong>Portofrei.<\/strong><\/p>\n","protected":false},"featured_media":181818,"comment_status":"open","ping_status":"closed","template":"","meta":[],"pwb-brand":[3278],"product_brand":[],"product_cat":[3343,3285],"product_tag":[3669],"class_list":{"0":"post-307572","1":"product","2":"type-product","3":"status-publish","4":"has-post-thumbnail","6":"pwb-brand-microtech-de","7":"product_cat-schiesmesser","8":"product_cat-messer","9":"product_tag-b2b-de","11":"first","12":"outofstock","13":"taxable","14":"shipping-taxable","15":"purchasable","16":"product-type-simple"},"brands":[{"id":3278,"name":"Microtech","slug":"microtech-de"}],"_links":{"self":[{"href":"https:\/\/www.moskito.cz\/de\/wp-json\/wp\/v2\/product\/307572","targetHints":{"allow":["GET"]}}],"collection":[{"href":"https:\/\/www.moskito.cz\/de\/wp-json\/wp\/v2\/product"}],"about":[{"href":"https:\/\/www.moskito.cz\/de\/wp-json\/wp\/v2\/types\/product"}],"replies":[{"embeddable":true,"href":"https:\/\/www.moskito.cz\/de\/wp-json\/wp\/v2\/comments?post=307572"}],"wp:featuredmedia":[{"embeddable":true,"href":"https:\/\/www.moskito.cz\/de\/wp-json\/wp\/v2\/media\/181818"}],"wp:attachment":[{"href":"https:\/\/www.moskito.cz\/de\/wp-json\/wp\/v2\/media?parent=307572"}],"wp:term":[{"taxonomy":"pwb-brand","embeddable":true,"href":"https:\/\/www.moskito.cz\/de\/wp-json\/wp\/v2\/pwb-brand?post=307572"},{"taxonomy":"product_brand","embeddable":true,"href":"https:\/\/www.moskito.cz\/de\/wp-json\/wp\/v2\/product_brand?post=307572"},{"taxonomy":"product_cat","embeddable":true,"href":"https:\/\/www.moskito.cz\/de\/wp-json\/wp\/v2\/product_cat?post=307572"},{"taxonomy":"product_tag","embeddable":true,"href":"https:\/\/www.moskito.cz\/de\/wp-json\/wp\/v2\/product_tag?post=307572"}],"curies":[{"name":"wp","href":"https:\/\/api.w.org\/{rel}","templated":true}]}}