{"id":307593,"date":"2020-02-06T18:08:00","date_gmt":"2020-02-06T17:08:00","guid":{"rendered":"https:\/\/www.moskito.cz\/produkt\/beltrame-stiletto-classic-blonde-schiessmesser\/"},"modified":"2026-03-26T16:17:48","modified_gmt":"2026-03-26T15:17:48","slug":"beltrame-stiletto-classic-blonde-schiessmesser","status":"publish","type":"product","link":"https:\/\/www.moskito.cz\/de\/produkt\/beltrame-stiletto-classic-blonde-schiessmesser\/","title":{"rendered":"Beltrame Stiletto Classic Blonde Schie\u00dfmesser"},"content":{"rendered":"<table class=\"optional-fields\">\n<tbody>\n<tr>\n<td><\/td>\n<td><\/td>\n<\/tr>\n<\/tbody>\n<\/table>\n<p>Beltrame Stiletto Classic Blonde Schie\u00dfmesser.<\/p>\n<p>Seitenschie\u00dfmesser mit Sicherung am Griff. Der Griff besteht aus hellem Echthorn, die Klinge aus Stahl 420 (H\u00e4rte 54 bis 56 HRC). L\u00e4nge im ge\u00f6ffneten Zustand 23 cm.<\/p>\n<p>Technische Daten:<br \/>\nProduktnummer: FB 23\/48<br \/>\nName: Klassischer italienischer Stiletto<br \/>\nStahlsorte: AISI 420 MA5M<br \/>\nRockwell-Klingenh\u00e4rte: 56 HRC<br \/>\nKlingenl\u00e4nge: 98 mm \/ 3,86 Zoll<br \/>\nKlingenst\u00e4rke: 35 mm \/ 1,13 Zoll<br \/>\nGesamtl\u00e4nge: 230 mm \/ 9,06 Zoll<br \/>\nGewicht: 108 g<br \/>\nKlinge: Gew\u00f6hnlich<br \/>\nKlingentyp: Speerspitze<br \/>\nMessersperre: Ja<br \/>\nHersteller: F.LLI Beltrame, Italien<\/p>\n<p><span class=\"tlid-translation translation\">Beltrame-Messer werden seit 1953 in Italien hergestellt. Das Unternehmen wurde von Frank Beltram gegr\u00fcndet. Das Geheimnis der Herstellung dieser Stiletto-Messer ist Teil der Geschichte von Maniago, die vom Vater an den Sohn weitergegeben wurde. Als kleiner Junge half Frank in der Fabrik seines Vaters, wo er sp\u00e4ter als Lehrling seines Vaters zu arbeiten begann. Dar\u00fcber hinaus besuchte er eine Schule f\u00fcr traditionelles Besteck, wo er alles \u00fcber verschiedene Materialien, neueste Verarbeitungstechnologien und verschiedene Designstile lernte. Im Jahr 1958 begannen Frank und seine Familie mit der Herstellung automatischer Messer. Ein Jahr nachdem Franks Vater w\u00e4hrend seiner Arbeit in der Fabrik an einem Herzinfarkt starb, gr\u00fcndete Frank die Firma Beltrame. In den folgenden Jahren besch\u00e4ftigte er sich weiterhin mit Messern, geeigneten Materialien und Design. Schon nach kurzer Zeit kamen billige Nachahmungen aus Taiwan auf den Markt, traditionelle italienische Stiletto-Messer. Also musste sich Frank einem neuen Problem stellen. Gl\u00fccklicherweise spricht die Qualit\u00e4t dieser g\u00fcnstigen Messer f\u00fcr sich, jeder Sammler wei\u00df, dass es keine M\u00f6glichkeit gibt, sie mit einem echten Beltrame-Dolch zu vergleichen. Beltrame-Messer haben dank Franks Leidenschaft f\u00fcr diese Messer die Anerkennung der anspruchsvollsten Kunden der Welt gewonnen. Bei der Herstellung von Messern nutzt er seine langj\u00e4hrige Erfahrung, die er schon in jungen Jahren erworben hat. Im Jahr 2005 erhielten Beltrame-Messer das Maniago-Qualit\u00e4tszertifikat, mit dem sie die europ\u00e4ischen Qualit\u00e4tsstandards \u00fcbertrafen. Das bedeutet, dass diese Messer jedes Jahr auf ihre Materialqualit\u00e4t gepr\u00fcft werden.<\/span><\/p>\n<p>Klassisches italienisches Stiletto-Bajonett aus B\u00fcffelhorn 23 cm \u2013 italienisches Federmesser \u2013 Verkleidung aus B\u00fcffelhorn. Die nach den Traditionen italienischer Handwerkskunst handgefertigten Stiletto-Messer von Frank Beltrame sind auf der ganzen Welt f\u00fcr ihre extreme Leichtigkeit und Haltbarkeit bekannt. Dank seiner Eigenschaften eignet sich der italienische Dolch f\u00fcr den Einsatz in jeder Umgebung, von der Jagd bis zum Camping. Eine solide, langlebige Konstruktion und eine starke Feder zum \u00d6ffnen der Klinge sind Merkmale der klassischen italienischen Federg\u00fcrtel von Frank Beltrame.<\/p>\n<p>Feder \u2013 das Unternehmen legt besonderen Wert auf die Federkonstruktion (Edelstahl) \u2013 die Klinge muss innerhalb weniger Hundertstelsekunden ge\u00f6ffnet werden (Merkmal der Stiletto-Messer). Das Beltrame-Folder gibt beim \u00d6ffnen der Klinge ein unverwechselbares Ger\u00e4usch (Klick) von sich, das es von anderen Federmessern unterscheidet.<\/p>\n<p>Klinge \u2013 extrem scharf mit einem Spear Point (Bajonett)-Profil, 3,5 mm dick mit einer kurzen falschen Klinge, die die Durchdringungseigenschaften erh\u00f6ht. Hergestellt aus leicht zu sch\u00e4rfendem Edelstahl AISI 420 MA5M, der sich durch hohe Korrosionsbest\u00e4ndigkeit auszeichnet. Geh\u00e4rteter Stahl 56 HRC. Glatte Klinge mit Flachschliff f\u00fcr gute Schneid- und Eindringeigenschaften. Der Stahlschutz sch\u00fctzt die Hand vor versehentlichem Abrutschen und erm\u00f6glicht durch Dr\u00fccken das Einklappen der Klinge.<\/p>\n<p>Griff \u2013 mit B\u00fcffelhornauflagen (B\u00fcffelhorn) \u00fcberzogen unterstreicht den exklusiven Look und sorgt f\u00fcr einen angenehmen, sicheren Halt. Ergonomische Griffform, um ein Abrutschen der Hand w\u00e4hrend der Arbeit zu verhindern. Die Bez\u00fcge sind mit Polstern aus poliertem Nickel versehen. Befestigungsnieten aus Messing.<\/p>\n<p>Sperre \u2013 verhindert versehentliches Einklappen oder \u00d6ffnen der Klinge. Das \u00d6ffnen des Automatikmessers erfolgt \u00fcber einen stabilen Knopf am Griff.<\/p>\n<p>Technische Daten:<br \/>\nProduktnummer: FB 23\/48<br \/>\nName: Klassischer italienischer Stiletto<br \/>\nStahlsorte: AISI 420 MA5M<br \/>\nRockwell-Klingenh\u00e4rte: 56 HRC<br \/>\nKlingenl\u00e4nge: 98 mm \/ 3,86 &#8220;<br \/>\nKlingenst\u00e4rke: 35 mm \/ 1,13 &#8220;<br \/>\nGesamtl\u00e4nge: 230 mm \/ 9,06 &#8220;<br \/>\nGewicht: 108 g<br \/>\nKlinge: Glatt<br \/>\nKlingentyp: Spear Point<br \/>\nMessersperre: Ja<br \/>\nProduzent: F.LLI Beltrame, Italien<\/p>\n<p>&nbsp;<\/p>\n","protected":false},"excerpt":{"rendered":"<p><strong>Beltrame-<\/strong> Messer werden seit 1953 in Italien hergestellt. Das Unternehmen wurde von Frank Beltram gegr\u00fcndet. Das Geheimnis der Herstellung dieser Stiletto-Messer ist Teil der Geschichte von Maniago, die vom Vater an den Sohn weitergegeben wurde.<br \/>\n<strong>Hergestellt in Italien.<\/strong><\/p>\n","protected":false},"featured_media":440399,"comment_status":"open","ping_status":"closed","template":"","meta":[],"pwb-brand":[3533],"product_brand":[],"product_cat":[3343,3285],"product_tag":[3669],"class_list":{"0":"post-307593","1":"product","2":"type-product","3":"status-publish","4":"has-post-thumbnail","6":"pwb-brand-beltrame-de","7":"product_cat-schiesmesser","8":"product_cat-messer","9":"product_tag-b2b-de","11":"first","12":"instock","13":"taxable","14":"shipping-taxable","15":"purchasable","16":"product-type-simple"},"brands":[{"id":3533,"name":"Beltrame","slug":"beltrame-de"}],"_links":{"self":[{"href":"https:\/\/www.moskito.cz\/de\/wp-json\/wp\/v2\/product\/307593","targetHints":{"allow":["GET"]}}],"collection":[{"href":"https:\/\/www.moskito.cz\/de\/wp-json\/wp\/v2\/product"}],"about":[{"href":"https:\/\/www.moskito.cz\/de\/wp-json\/wp\/v2\/types\/product"}],"replies":[{"embeddable":true,"href":"https:\/\/www.moskito.cz\/de\/wp-json\/wp\/v2\/comments?post=307593"}],"wp:featuredmedia":[{"embeddable":true,"href":"https:\/\/www.moskito.cz\/de\/wp-json\/wp\/v2\/media\/440399"}],"wp:attachment":[{"href":"https:\/\/www.moskito.cz\/de\/wp-json\/wp\/v2\/media?parent=307593"}],"wp:term":[{"taxonomy":"pwb-brand","embeddable":true,"href":"https:\/\/www.moskito.cz\/de\/wp-json\/wp\/v2\/pwb-brand?post=307593"},{"taxonomy":"product_brand","embeddable":true,"href":"https:\/\/www.moskito.cz\/de\/wp-json\/wp\/v2\/product_brand?post=307593"},{"taxonomy":"product_cat","embeddable":true,"href":"https:\/\/www.moskito.cz\/de\/wp-json\/wp\/v2\/product_cat?post=307593"},{"taxonomy":"product_tag","embeddable":true,"href":"https:\/\/www.moskito.cz\/de\/wp-json\/wp\/v2\/product_tag?post=307593"}],"curies":[{"name":"wp","href":"https:\/\/api.w.org\/{rel}","templated":true}]}}