{"id":307597,"date":"2020-02-24T14:26:07","date_gmt":"2024-02-06T10:58:18","guid":{"rendered":"https:\/\/www.moskito.cz\/produkt\/victorinox-angler-1-3653-72-klappmesser\/"},"modified":"2025-07-11T07:50:51","modified_gmt":"2025-07-11T06:50:51","slug":"victorinox-angler-1-3653-72-klappmesser","status":"publish","type":"product","link":"https:\/\/www.moskito.cz\/de\/produkt\/victorinox-angler-1-3653-72-klappmesser\/","title":{"rendered":"Victorinox Angler 1.3653.72 Klappmesser"},"content":{"rendered":"<p>Victorinox Angler 1.3653.72 Klappmesser.<\/p>\n<p>91-mm-Taschenmesser mit Zange und Mehrzweck-Angelwerkzeug. Geeignet zum Angeln. Anzahl der Funktionen 18.<\/p>\n<p>ein gro\u00dfes Messer<br \/>\nkleines Messer<br \/>\nKorkenzieher<br \/>\nDosen\u00f6ffner s<br \/>\nkleiner Schraubendreher (auch f\u00fcr Kreuzschlitzschrauben)<br \/>\nFlaschen\u00f6ffner mit<br \/>\nSchraubendreher<br \/>\nAbisolierzange<br \/>\nReibahle, Spitze<br \/>\nSchl\u00fcsselanh\u00e4nger aus Edelstahl<br \/>\nPinzette<br \/>\nein Zahnstocher<br \/>\nFischschuppen<br \/>\nHaken zum Auswerfen<br \/>\nMa\u00dfstab (in cm und Zoll)<br \/>\nZange<br \/>\nKabelschneider<br \/>\nDrahtkantenwerkzeug<\/p>\n<p>&nbsp;<\/p>\n<p>Wer immer auf alles vorbereitet sein muss, nimmt sein Taschenmesser \u00fcberallhin mit. Seit 1897 ist das Schweizer Taschenmesser ein zuverl\u00e4ssiges Werkzeug f\u00fcr viele Abenteuer auf der ganzen Welt. Ob Sie St\u00e4dte, Meeresb\u00f6den, Berge oder den Weltraum erkunden, das Schweizer Taschenmesser ist ein Begleiter, auf den Sie sich verlassen k\u00f6nnen.<\/p>\n<p>F\u00fcr alle VICTORINOX-Messer gilt eine lebenslange Garantie gegen etwaige Material- oder Herstellungsfehler. Die Garantie deckt keine Sch\u00e4den ab, die durch normale Abnutzung oder Missbrauch verursacht werden.<\/p>\n<p>Im Jahr 1884 gr\u00fcndete der Schweizer Pionier Karl Elsener eine Messerwerkstatt. Kurz darauf ebnete er mit der Entwicklung des mittlerweile legend\u00e4ren \u00abOriginal Swiss Army Knife\u00bb den Grundstein f\u00fcr die beispiellose Firmengeschichte. Neben Taschen-, Heim- und Berufsmessern produziert und vertreibt das unabh\u00e4ngige Familienunternehmen Victorinox heute weltweit Uhren, Reiseausr\u00fcstung, Mode und D\u00fcfte. Jedes Produkt ist Ausdruck Schweizer Qualit\u00e4t.<\/p>\n","protected":false},"excerpt":{"rendered":"<p>Verschlussmesser.<\/p>\n","protected":false},"featured_media":167546,"comment_status":"open","ping_status":"closed","template":"","meta":[],"pwb-brand":[3535],"product_brand":[],"product_cat":[3285,3303],"product_tag":[],"class_list":{"0":"post-307597","1":"product","2":"type-product","3":"status-publish","4":"has-post-thumbnail","6":"pwb-brand-victorinox-de","7":"product_cat-messer","8":"product_cat-schliesmesser","10":"first","11":"instock","12":"taxable","13":"shipping-taxable","14":"purchasable","15":"product-type-simple"},"brands":[{"id":3535,"name":"Victorinox","slug":"victorinox-de"}],"_links":{"self":[{"href":"https:\/\/www.moskito.cz\/de\/wp-json\/wp\/v2\/product\/307597","targetHints":{"allow":["GET"]}}],"collection":[{"href":"https:\/\/www.moskito.cz\/de\/wp-json\/wp\/v2\/product"}],"about":[{"href":"https:\/\/www.moskito.cz\/de\/wp-json\/wp\/v2\/types\/product"}],"replies":[{"embeddable":true,"href":"https:\/\/www.moskito.cz\/de\/wp-json\/wp\/v2\/comments?post=307597"}],"wp:featuredmedia":[{"embeddable":true,"href":"https:\/\/www.moskito.cz\/de\/wp-json\/wp\/v2\/media\/167546"}],"wp:attachment":[{"href":"https:\/\/www.moskito.cz\/de\/wp-json\/wp\/v2\/media?parent=307597"}],"wp:term":[{"taxonomy":"pwb-brand","embeddable":true,"href":"https:\/\/www.moskito.cz\/de\/wp-json\/wp\/v2\/pwb-brand?post=307597"},{"taxonomy":"product_brand","embeddable":true,"href":"https:\/\/www.moskito.cz\/de\/wp-json\/wp\/v2\/product_brand?post=307597"},{"taxonomy":"product_cat","embeddable":true,"href":"https:\/\/www.moskito.cz\/de\/wp-json\/wp\/v2\/product_cat?post=307597"},{"taxonomy":"product_tag","embeddable":true,"href":"https:\/\/www.moskito.cz\/de\/wp-json\/wp\/v2\/product_tag?post=307597"}],"curies":[{"name":"wp","href":"https:\/\/api.w.org\/{rel}","templated":true}]}}