{"id":307601,"date":"2020-02-26T21:50:05","date_gmt":"2020-02-26T20:50:05","guid":{"rendered":"https:\/\/www.moskito.cz\/produkt\/schiessmesser-microtech-utx-85-satin-231-5\/"},"modified":"2025-11-27T14:58:15","modified_gmt":"2025-11-27T13:58:15","slug":"schiessmesser-microtech-utx-85-satin-231-5","status":"publish","type":"product","link":"https:\/\/www.moskito.cz\/de\/produkt\/schiessmesser-microtech-utx-85-satin-231-5\/","title":{"rendered":"Schie\u00dfmesser Microtech UTX-85 Satin 231-5"},"content":{"rendered":"<p>Schie\u00dfmesser <strong>Microtech<\/strong> UTX-85 Satin 231-5.<\/p>\n<p><span lang=\"cs\">\u00dcber die Jahre hat <strong>Microtech\u00ae Knives<\/strong> Leidenschaft und K\u00f6nnen in die Messerherstellung einflie\u00dfen lassen und so beinahe wahre Kunstwerke geschaffen.<br \/>\n die den Gipfel der Funktionalit\u00e4t darstellen. Es erweitert st\u00e4ndig seine Grenzen und verbessert sich.<br \/>\n Was er bereits als funktionierend kennt, ist, was er tut. Im Jahr 2020 entwickelte sich Microtech\u00ae Knives zu einem f\u00fchrenden Messerhersteller.<br \/>\n Eine Marke, die sich st\u00e4ndig weiterentwickelt und mithilfe neuester Technologien voranschreitet.<br \/>\n Antike Prinzipien bei der Klingenherstellung und maximale Praxiserprobung, um keine Kompromisse bei der Qualit\u00e4t einzugehen.  <\/span><\/p>\n<p>Ein Schie\u00dfmesser von vorne.<\/p>\n<p><strong>UTX-85<\/strong> mit einschneidiger Klinge. Das Messer hat einen geformten Aluminiumgriff aus eloxiertem 6061-T6-Aluminium mit einer Kugelspitze aus Edelstahl.<\/p>\n<p>Schie\u00dfmesser <strong>Microtech UTX-85<\/strong> 231-5 Messer mit einem glatt konturierten Griffdesign, das den Komfort bei der Verwendung erh\u00f6ht. Dieses aktualisierte Modell bietet die gleichen Abmessungen, Hardware und Haltbarkeit wie die \u201eTri-Grip\u201c-Variante und passt einfacher in die Hand und Tasche.<\/p>\n<p>F\u00fcr diejenigen, die mit der Technologie nicht vertraut sind: Es handelt sich um ein vollautomatisches Messer mit einem Doppelmechanismus an der Vorderseite, das hei\u00dft, die Klinge l\u00e4sst sich mit dem Daumen ein- und ausklappen. Das Messer von Microtech setzt neue Ma\u00dfst\u00e4be f\u00fcr alle OTF-Messer.<\/p>\n<p>Gesamtl\u00e4nge: 18,75 cm<br \/>\nKlingenl\u00e4nge: 7,81 cm<br \/>\nSchnittkante: 7,17 cm<br \/>\nKlingenst\u00e4rke: 0,32 cm<br \/>\nKlingenmaterial: B\u00f6hler M390<br \/>\nKlingenstil: Klassisch<br \/>\nEins\u00e4tze: Flach<br \/>\nFinish: Satin<br \/>\nRandtyp: Uni<br \/>\nGriffl\u00e4nge: 10,92 cm<br \/>\n Griffst\u00e4rke: 1,17 cm<br \/>\n Griffmaterial: Aluminium<br \/>\n Schwarze Farbe<br \/>\n Gewicht: 3,06 oz.<br \/>\nBenutzer: Rechte Hand<br \/>\nTaschenclip: Tip-Down<br \/>\nMessertyp: Double-Action OTF Automatic<br \/>\n\u00d6ffner: Daumenschieber<br \/>\nMarke: Microtech<br \/>\nModell: UTX-85<br \/>\nModellnummer: 231-5<br \/>\nHerkunftsland: USA<br \/>\nBeste Verwendung: Taktisch<\/p>\n<div class=\"description\">\n<div class=\"clearfix\">https:\/\/youtu.be\/xE9TeOFYEjg?si=_cD7H1ukVfrw59MV<\/div>\n<div><\/div>\n<div><\/div>\n<\/div>\n<div class=\"specifications\">\n<div class=\"features\"><\/div>\n<div class=\"specs\">\n<p>&nbsp;<\/p>\n<\/div>\n<div class=\"clearfix\"><\/div>\n<\/div>\n","protected":false},"excerpt":{"rendered":"<p><strong>Im Laufe der Jahre hat Microtech\u00ae Knives Messer mit Leidenschaft und K\u00f6nnen gef\u00fcllt, um nahezu Kunstwerke zu schaffen, die den Gipfel der Funktionalit\u00e4t darstellen. Alle Teile werden in den USA hergestellt.<\/strong><br \/>\n<strong>F\u00fcr alle Microtech-Messer gilt eine lebenslange Garantie.<\/strong><\/p>\n","protected":false},"featured_media":197558,"comment_status":"open","ping_status":"closed","template":"","meta":[],"pwb-brand":[3278],"product_brand":[],"product_cat":[3343,3285],"product_tag":[3669],"class_list":{"0":"post-307601","1":"product","2":"type-product","3":"status-publish","4":"has-post-thumbnail","6":"pwb-brand-microtech-de","7":"product_cat-schiesmesser","8":"product_cat-messer","9":"product_tag-b2b-de","11":"first","12":"outofstock","13":"taxable","14":"shipping-taxable","15":"purchasable","16":"product-type-simple"},"brands":[{"id":3278,"name":"Microtech","slug":"microtech-de"}],"_links":{"self":[{"href":"https:\/\/www.moskito.cz\/de\/wp-json\/wp\/v2\/product\/307601","targetHints":{"allow":["GET"]}}],"collection":[{"href":"https:\/\/www.moskito.cz\/de\/wp-json\/wp\/v2\/product"}],"about":[{"href":"https:\/\/www.moskito.cz\/de\/wp-json\/wp\/v2\/types\/product"}],"replies":[{"embeddable":true,"href":"https:\/\/www.moskito.cz\/de\/wp-json\/wp\/v2\/comments?post=307601"}],"wp:featuredmedia":[{"embeddable":true,"href":"https:\/\/www.moskito.cz\/de\/wp-json\/wp\/v2\/media\/197558"}],"wp:attachment":[{"href":"https:\/\/www.moskito.cz\/de\/wp-json\/wp\/v2\/media?parent=307601"}],"wp:term":[{"taxonomy":"pwb-brand","embeddable":true,"href":"https:\/\/www.moskito.cz\/de\/wp-json\/wp\/v2\/pwb-brand?post=307601"},{"taxonomy":"product_brand","embeddable":true,"href":"https:\/\/www.moskito.cz\/de\/wp-json\/wp\/v2\/product_brand?post=307601"},{"taxonomy":"product_cat","embeddable":true,"href":"https:\/\/www.moskito.cz\/de\/wp-json\/wp\/v2\/product_cat?post=307601"},{"taxonomy":"product_tag","embeddable":true,"href":"https:\/\/www.moskito.cz\/de\/wp-json\/wp\/v2\/product_tag?post=307601"}],"curies":[{"name":"wp","href":"https:\/\/api.w.org\/{rel}","templated":true}]}}