{"id":307607,"date":"2020-02-26T19:39:42","date_gmt":"2020-02-26T18:39:42","guid":{"rendered":"https:\/\/www.moskito.cz\/produkt\/schiessmesser-microtech-ultratech-122-10-dgy\/"},"modified":"2025-07-11T07:50:54","modified_gmt":"2025-07-11T06:50:54","slug":"schiessmesser-microtech-ultratech-122-10-dgy","status":"publish","type":"product","link":"https:\/\/www.moskito.cz\/de\/produkt\/schiessmesser-microtech-ultratech-122-10-dgy\/","title":{"rendered":"Schie\u00dfmesser Microtech Ultratech 122-10 DGY"},"content":{"rendered":"<p>Schie\u00dfmesser <strong>Microtech Ultratech<\/strong> 122-10 DGY.<\/p>\n<p><span class=\"tlid-translation translation\"><span class=\"\" title=\"\">Ein Schie\u00dfmesser von vorne.<br \/>\n<\/span><\/span><\/p>\n<p><span lang=\"cs\">Im Laufe der Jahre hat <strong>Microtech\u00ae Knives<\/strong> Messer mit Leidenschaft und K\u00f6nnen gef\u00fcllt, um fast Kunstwerke zu schaffen.<br \/>\ndie den Gipfel der Funktionalit\u00e4t darstellen. Es verschiebt weiterhin die Grenzen und verbessert das<br \/>\nwas er bereits wei\u00df, funktioniert. Im Jahr 2020 hat sich Microtech\u00ae Knives zu einer f\u00fchrenden Messermarke entwickelt<br \/>\neine Marke, die sich st\u00e4ndig weiterentwickelt und mit der neuesten Technologie voranschreitet,<br \/>\nAlte Klingenherstellungsprinzipien und maximale Feldtests, um keine Kompromisse bei der Qualit\u00e4t einzugehen.  <\/span><\/p>\n<p><span class=\"tlid-translation translation\"><span class=\"\" title=\"\">Das Microtech Ultratech 122-10 DGY Schie\u00dfmesser ist mit einer Doppelklinge mit einfachen Schneiden ausgestattet.<\/span> Das Messer verf\u00fcgt \u00fcber <span class=\"\" title=\"\">einen geformten Aluminiumgriff aus eloxiertem Aluminium 6061-T6 mit einer Kugelspitze zum Zerbrechen von Glas aus Edelstahl.<\/span><\/span><\/p>\n<p><span title=\"\"><strong>Microtech<\/strong> hat diese Version des allseits beliebten Ultratech D\/A OTF-Messers mit einem glatt konturierten Griffdesign ausgestattet, das den Bedienkomfort erh\u00f6ht.<\/span> <span title=\"\">Dieses aktualisierte Modell bietet die gleichen Abmessungen, Hardware und Haltbarkeit wie die \u201eTri-Grip\u201c-Variante, passt aber leichter in die Hand und in die Tasche.<\/span><\/p>\n<p><span title=\"\">F\u00fcr diejenigen, die mit Ultratech nicht vertraut sind: Es handelt sich um ein vollautomatisches Messer mit einem Doppelmechanismus an der Vorderseite, das hei\u00dft, die Klinge l\u00e4sst sich mit dem Daumen ein- und ausklappen.<\/span> <span title=\"\">Das Ultratech-Messer von <strong>Microtech<\/strong> setzt neue Ma\u00dfst\u00e4be f\u00fcr alle OTF-Messer.<\/span><\/p>\n<p><span class=\"tlid-translation translation\"><span class=\"\" title=\"\">Gesamtl\u00e4nge: 22 cm<\/span><br \/>\n<span class=\"\" title=\"\">Klingenl\u00e4nge: 8,6 cm<\/span><br \/>\n<span title=\"\">Klingenmaterial: B\u00f6hler M390<\/span><br \/>\n<span class=\"\" title=\"\">Klingenstil: Dolch<\/span><br \/>\n<span class=\"\" title=\"\">Eins\u00e4tze: Flach<\/span><br \/>\n<span title=\"\">Schwarze Farbe<\/span><br \/>\n<span title=\"\">Randtyp: Uni<\/span><br \/>\n<span title=\"\">Griffmaterial: Aluminium<\/span><br \/>\n<span title=\"\">Gewicht: 3,60 Unzen.<\/span><br \/>\n<span title=\"\">Benutzer: Rechte Hand<\/span><br \/>\n<span title=\"\">Taschenclip: Tip-Down<\/span><br \/>\n<span title=\"\">Messertyp: Double-Action OTF Automatic<\/span><br \/>\n<span title=\"\">\u00d6ffner: Daumenschieber<\/span><br \/>\n<span title=\"\">Marke: Microtech<\/span><br \/>\n<span title=\"\">Modell: Ultratech<\/span><br \/>\n<span title=\"\">Modellnummer:<\/span> 122-10 DGY<br \/>\n<span title=\"\">Herkunftsland: USA<\/span><br \/>\n<span title=\"\">Beste Verwendung: T\u00e4glich<\/span><\/span><\/p>\n<p><iframe title=\"Microtech Combat Troodon Torture Test\" width=\"800\" height=\"450\" src=\"https:\/\/www.youtube.com\/embed\/xE9TeOFYEjg?feature=oembed\" frameborder=\"0\" allow=\"accelerometer; autoplay; clipboard-write; encrypted-media; gyroscope; picture-in-picture; web-share\" allowfullscreen><\/iframe><\/p>\n<p>&nbsp;<\/p>\n","protected":false},"excerpt":{"rendered":"<p>Im Laufe der Jahre hat <strong>Microtech\u00ae Knives<\/strong> Messer mit Leidenschaft und K\u00f6nnen gef\u00fcllt, um nahezu Kunstwerke zu schaffen, die den Gipfel der Funktionalit\u00e4t darstellen. Alle Teile werden in den USA hergestellt.<br \/>\n<strong>F\u00fcr alle Microtech-Messer gilt eine lebenslange Garantie.<\/strong><\/p>\n","protected":false},"featured_media":397650,"comment_status":"open","ping_status":"closed","template":"","meta":[],"pwb-brand":[3278],"product_brand":[],"product_cat":[3343,3285],"product_tag":[3669],"class_list":{"0":"post-307607","1":"product","2":"type-product","3":"status-publish","4":"has-post-thumbnail","6":"pwb-brand-microtech-de","7":"product_cat-schiesmesser","8":"product_cat-messer","9":"product_tag-b2b-de","11":"first","12":"outofstock","13":"taxable","14":"shipping-taxable","15":"purchasable","16":"product-type-simple"},"brands":[{"id":3278,"name":"Microtech","slug":"microtech-de"}],"_links":{"self":[{"href":"https:\/\/www.moskito.cz\/de\/wp-json\/wp\/v2\/product\/307607","targetHints":{"allow":["GET"]}}],"collection":[{"href":"https:\/\/www.moskito.cz\/de\/wp-json\/wp\/v2\/product"}],"about":[{"href":"https:\/\/www.moskito.cz\/de\/wp-json\/wp\/v2\/types\/product"}],"replies":[{"embeddable":true,"href":"https:\/\/www.moskito.cz\/de\/wp-json\/wp\/v2\/comments?post=307607"}],"wp:featuredmedia":[{"embeddable":true,"href":"https:\/\/www.moskito.cz\/de\/wp-json\/wp\/v2\/media\/397650"}],"wp:attachment":[{"href":"https:\/\/www.moskito.cz\/de\/wp-json\/wp\/v2\/media?parent=307607"}],"wp:term":[{"taxonomy":"pwb-brand","embeddable":true,"href":"https:\/\/www.moskito.cz\/de\/wp-json\/wp\/v2\/pwb-brand?post=307607"},{"taxonomy":"product_brand","embeddable":true,"href":"https:\/\/www.moskito.cz\/de\/wp-json\/wp\/v2\/product_brand?post=307607"},{"taxonomy":"product_cat","embeddable":true,"href":"https:\/\/www.moskito.cz\/de\/wp-json\/wp\/v2\/product_cat?post=307607"},{"taxonomy":"product_tag","embeddable":true,"href":"https:\/\/www.moskito.cz\/de\/wp-json\/wp\/v2\/product_tag?post=307607"}],"curies":[{"name":"wp","href":"https:\/\/api.w.org\/{rel}","templated":true}]}}