{"id":307616,"date":"2020-02-24T17:27:38","date_gmt":"2024-02-06T10:58:24","guid":{"rendered":"https:\/\/www.moskito.cz\/produkt\/victorinox-hunter-0-8573-klappmesser\/"},"modified":"2025-07-11T07:50:53","modified_gmt":"2025-07-11T06:50:53","slug":"victorinox-hunter-0-8573-klappmesser","status":"publish","type":"product","link":"https:\/\/www.moskito.cz\/de\/produkt\/victorinox-hunter-0-8573-klappmesser\/","title":{"rendered":"Victorinox Hunter 0.8573 Klappmesser"},"content":{"rendered":"<p>Victorinox Hunter 0.8573 Klappmesser.<\/p>\n<p><span class=\"proKs\">111 mm Taschenmesser mit Hauptklingenarretierung. Anzahl der Funktionen 12.<\/span><\/p>\n<div id=\"productDetailBottomText\" class=\"rounded\">\n<ul>\n<li class=\"style2\">gro\u00dfes Klappmesser<\/li>\n<li class=\"style2\">Korkenzieher<\/li>\n<li class=\"style2\">Holzs\u00e4ge<\/li>\n<li class=\"style2\">Flaschen\u00f6ffner<\/li>\n<li class=\"style2\">Schraubendreher<\/li>\n<li class=\"style2\">Abisolierzange<\/li>\n<li class=\"style2\">Sch\u00e4lmesser<\/li>\n<li class=\"style2\">Reibahle, Locher<\/li>\n<li class=\"style2\">Schl\u00fcsselanh\u00e4nger aus Edelstahl<\/li>\n<li class=\"style2\">Pinzette<\/li>\n<li class=\"style2\">ein Zahnstocher<\/li>\n<li>Im Jahr 1884 gr\u00fcndete der Schweizer Pionier Karl Elsener eine Messerwerkstatt. Kurz darauf ebnete er mit der Entwicklung des mittlerweile legend\u00e4ren \u00abOriginal Swiss Army Knife\u00bb den Grundstein f\u00fcr die beispiellose Firmengeschichte. Neben Taschen-, Heim- und Berufsmessern produziert und vertreibt das unabh\u00e4ngige Familienunternehmen Victorinox heute weltweit Uhren, Reiseausr\u00fcstung, Mode und D\u00fcfte. Jedes Produkt ist Ausdruck Schweizer Qualit\u00e4t.<\/li>\n<\/ul>\n<\/div>\n<p>&nbsp;<\/p>\n","protected":false},"excerpt":{"rendered":"<p>111 mm Taschenmesser mit Hauptklingenarretierung. Anzahl der Funktionen 12.<br \/>\n<strong>Hergestellt in der Schweiz, lebenslange Garantie.<\/strong><\/p>\n","protected":false},"featured_media":167572,"comment_status":"open","ping_status":"closed","template":"","meta":[],"pwb-brand":[3535],"product_brand":[],"product_cat":[3285,3303],"product_tag":[],"class_list":{"0":"post-307616","1":"product","2":"type-product","3":"status-publish","4":"has-post-thumbnail","6":"pwb-brand-victorinox-de","7":"product_cat-messer","8":"product_cat-schliesmesser","10":"first","11":"outofstock","12":"taxable","13":"shipping-taxable","14":"purchasable","15":"product-type-simple"},"brands":[{"id":3535,"name":"Victorinox","slug":"victorinox-de"}],"_links":{"self":[{"href":"https:\/\/www.moskito.cz\/de\/wp-json\/wp\/v2\/product\/307616","targetHints":{"allow":["GET"]}}],"collection":[{"href":"https:\/\/www.moskito.cz\/de\/wp-json\/wp\/v2\/product"}],"about":[{"href":"https:\/\/www.moskito.cz\/de\/wp-json\/wp\/v2\/types\/product"}],"replies":[{"embeddable":true,"href":"https:\/\/www.moskito.cz\/de\/wp-json\/wp\/v2\/comments?post=307616"}],"wp:featuredmedia":[{"embeddable":true,"href":"https:\/\/www.moskito.cz\/de\/wp-json\/wp\/v2\/media\/167572"}],"wp:attachment":[{"href":"https:\/\/www.moskito.cz\/de\/wp-json\/wp\/v2\/media?parent=307616"}],"wp:term":[{"taxonomy":"pwb-brand","embeddable":true,"href":"https:\/\/www.moskito.cz\/de\/wp-json\/wp\/v2\/pwb-brand?post=307616"},{"taxonomy":"product_brand","embeddable":true,"href":"https:\/\/www.moskito.cz\/de\/wp-json\/wp\/v2\/product_brand?post=307616"},{"taxonomy":"product_cat","embeddable":true,"href":"https:\/\/www.moskito.cz\/de\/wp-json\/wp\/v2\/product_cat?post=307616"},{"taxonomy":"product_tag","embeddable":true,"href":"https:\/\/www.moskito.cz\/de\/wp-json\/wp\/v2\/product_tag?post=307616"}],"curies":[{"name":"wp","href":"https:\/\/api.w.org\/{rel}","templated":true}]}}