{"id":307618,"date":"2020-02-29T21:09:37","date_gmt":"2024-02-06T10:58:24","guid":{"rendered":"https:\/\/www.moskito.cz\/produkt\/schiessmesser-microtech-utx-85-233-1-t\/"},"modified":"2025-07-11T07:50:58","modified_gmt":"2025-07-11T06:50:58","slug":"schiessmesser-microtech-utx-85-233-1-t","status":"publish","type":"product","link":"https:\/\/www.moskito.cz\/de\/produkt\/schiessmesser-microtech-utx-85-233-1-t\/","title":{"rendered":"Schie\u00dfmesser Microtech UTX-85 233-1 T"},"content":{"rendered":"<p>Schie\u00dfmesser <strong>Microtech<\/strong> UTX-85 233-1 T.<\/p>\n<p>Dieses fantastische Double-Action-OTF-Messer hat die perfekte Gr\u00f6\u00dfe und ist, wie der Name schon sagt, zu 85 % das Flaggschiffmodell von Microtech \u2013 Ultratech. Der neu gestaltete UTX-85 verf\u00fcgt \u00fcber einen neuen konturierten Griff, aktualisierte dreieckige Hardware, einen neu gestalteten Schieberdaumen und der Glasbrecher verf\u00fcgt \u00fcber ein eingepresstes Kugellager. Jedes Microtech OTF-Messer verf\u00fcgt \u00fcber \u00e4u\u00dferst ausgefeilte interne Mechanismen, die die allgemeine Betriebsfunktionalit\u00e4t und Zuverl\u00e4ssigkeit verbessern, und die M\u00f6glichkeit, es mit nur einer Hand zu bedienen, macht es praktischer. Hergestellt in den USA. Dieses Modell verf\u00fcgt \u00fcber einen schwarz eloxierten Griff mit vollst\u00e4ndig schwarzen Beschl\u00e4gen und integrierter Glasbrecherfunktion sowie eine schwarze Klinge im Tanto-Stil gepaart mit einer satinierten Oberfl\u00e4che.<\/p>\n<p>Hergestellt in den USA.<\/p>\n<p><span class=\"tlid-translation translation\"><span class=\"\" title=\"\">Gesamtl\u00e4nge: 18,75 cm<\/span><br \/>\n<span class=\"\" title=\"\">Klingenl\u00e4nge: 7,81 cm<\/span><br \/>\n<span class=\"\" title=\"\">Schnittkante: 7,17 cm<\/span><\/span><\/p>\n<p><span class=\"tlid-translation translation\"><span class=\"\" title=\"\">Klingenst\u00e4rke: 0,32 cm<\/span><br \/>\n<span class=\"\" title=\"\">Klingenmaterial: B\u00f6hler M390<\/span><br \/>\n<span title=\"\">Klingenstil: Tanto<\/span><br \/>\n<span title=\"\">Eins\u00e4tze: Flach<\/span><br \/>\n<span title=\"\">Randtyp: Uni<\/span><br \/>\n<span title=\"\">Griffl\u00e4nge: 10,92 cm<\/span><br \/>\n<span class=\"\" title=\"\">Griffst\u00e4rke: 1,17 cm<\/span><br \/>\n<span title=\"\">Griffmaterial: Aluminium<\/span><br \/>\n<span title=\"\">Gewicht: 3,06 Unzen.<\/span><br \/>\n<span title=\"\">Benutzer: Rechte Hand<\/span><br \/>\n<span title=\"\">Taschenclip: Tip-Down<\/span><br \/>\n<span title=\"\">Messertyp: Double-Action OTF Automatic<\/span><br \/>\n<span title=\"\">\u00d6ffner: Daumenschieber<\/span><br \/>\n<span title=\"\">Marke: Microtech<\/span><br \/>\n<span title=\"\">Modell: UTX-85<\/span><br \/>\n<span title=\"\">Modellnummer:<\/span> 233-1T<br \/>\n<span title=\"\">Herkunftsland: USA<\/span><br \/>\n<span title=\"\">Beste Verwendung: Taktisch<\/span><\/span><\/p>\n<p><iframe title=\"Microtech Combat Troodon Torture Test\" width=\"800\" height=\"450\" src=\"https:\/\/www.youtube.com\/embed\/xE9TeOFYEjg?feature=oembed\" frameborder=\"0\" allow=\"accelerometer; autoplay; clipboard-write; encrypted-media; gyroscope; picture-in-picture; web-share\" allowfullscreen><\/iframe><\/p>\n<p>&nbsp;<\/p>\n<div class=\"std\">\n<p>&nbsp;<\/p>\n<\/div>\n","protected":false},"excerpt":{"rendered":"<p>Im Jahr 2020 hat sich <strong>Microtech\u00ae Knives<\/strong> zu einer f\u00fchrenden Messermarke entwickelt, die sich st\u00e4ndig weiterentwickelt und mit der neuesten Technologie voranschreitet. Alle Teile werden in den USA hergestellt.<br \/>\n<strong>F\u00fcr alle Microtech-Messer gilt eine lebenslange Garantie.<\/strong><\/p>\n","protected":false},"featured_media":227275,"comment_status":"open","ping_status":"closed","template":"","meta":[],"pwb-brand":[3278],"product_brand":[],"product_cat":[3285,3343],"product_tag":[3669],"class_list":{"0":"post-307618","1":"product","2":"type-product","3":"status-publish","4":"has-post-thumbnail","6":"pwb-brand-microtech-de","7":"product_cat-messer","8":"product_cat-schiesmesser","9":"product_tag-b2b-de","11":"first","12":"outofstock","13":"taxable","14":"shipping-taxable","15":"purchasable","16":"product-type-simple"},"brands":[{"id":3278,"name":"Microtech","slug":"microtech-de"}],"_links":{"self":[{"href":"https:\/\/www.moskito.cz\/de\/wp-json\/wp\/v2\/product\/307618","targetHints":{"allow":["GET"]}}],"collection":[{"href":"https:\/\/www.moskito.cz\/de\/wp-json\/wp\/v2\/product"}],"about":[{"href":"https:\/\/www.moskito.cz\/de\/wp-json\/wp\/v2\/types\/product"}],"replies":[{"embeddable":true,"href":"https:\/\/www.moskito.cz\/de\/wp-json\/wp\/v2\/comments?post=307618"}],"wp:featuredmedia":[{"embeddable":true,"href":"https:\/\/www.moskito.cz\/de\/wp-json\/wp\/v2\/media\/227275"}],"wp:attachment":[{"href":"https:\/\/www.moskito.cz\/de\/wp-json\/wp\/v2\/media?parent=307618"}],"wp:term":[{"taxonomy":"pwb-brand","embeddable":true,"href":"https:\/\/www.moskito.cz\/de\/wp-json\/wp\/v2\/pwb-brand?post=307618"},{"taxonomy":"product_brand","embeddable":true,"href":"https:\/\/www.moskito.cz\/de\/wp-json\/wp\/v2\/product_brand?post=307618"},{"taxonomy":"product_cat","embeddable":true,"href":"https:\/\/www.moskito.cz\/de\/wp-json\/wp\/v2\/product_cat?post=307618"},{"taxonomy":"product_tag","embeddable":true,"href":"https:\/\/www.moskito.cz\/de\/wp-json\/wp\/v2\/product_tag?post=307618"}],"curies":[{"name":"wp","href":"https:\/\/api.w.org\/{rel}","templated":true}]}}