{"id":307621,"date":"2020-01-31T09:50:43","date_gmt":"2024-02-06T10:58:25","guid":{"rendered":"https:\/\/www.moskito.cz\/produkt\/pfefferspray-esp-hurricane-15-ml\/"},"modified":"2025-07-11T07:50:45","modified_gmt":"2025-07-11T06:50:45","slug":"pfefferspray-esp-hurricane-15-ml","status":"publish","type":"product","link":"https:\/\/www.moskito.cz\/de\/produkt\/pfefferspray-esp-hurricane-15-ml\/","title":{"rendered":"Pfefferspray ESP HURRICANE 15 ml"},"content":{"rendered":"<p>Pfefferspray ESP HURRICANE 15 ml.<\/p>\n<div>Praktisches und lagerf\u00e4higes Spray mit Taschenlampe vom Typ HURRICANE. An diesem Spray ist ein Miniaturadapter angebracht, der eine komplette LED-Taschenlampe und eine Gummih\u00fclse enth\u00e4lt. Dank ihrer geringen Abmessungen ist die Spr\u00fchlampe HURRICANE Taschenlampe ideal f\u00fcr Frauen, da sie nicht viel Platz in der Handtasche einnimmt. Es kann eine unsch\u00e4tzbare Hilfe bei der Fortbewegung an potenziell gef\u00e4hrlichen Orten sein.<\/div>\n<div><\/div>\n<div>Das 15 ml Pfefferspray enth\u00e4lt Oleoresin Capsicum (10 % OC). Der Spray hat den Charakter eines BEAM mit kleinen Tropfen und neigt daher weniger dazu, sich bei leichtem Wind zu verteilen. Erm\u00f6glicht ca. 20 kurze Spr\u00fchst\u00f6\u00dfe im Abstand von 1-2 m. Stromversorgung 4 St\u00fcck AG5-Batterie (im Lieferumfang enthalten).<\/div>\n<div><\/div>\n<div>Nach dem Entleeren des Spr\u00fchbeh\u00e4lters kann das Lichtmodul auf die neue HURRICANE-Spray aufgesetzt werden. F\u00fcr dieses Produkt wurde ein US-Patent erteilt (US-Patent: 7.641.353).<\/div>\n<div><\/div>\n<div>ABMESSUNGEN: H\u00f6he 82 mm, Breite 40 mm.<\/div>\n","protected":false},"excerpt":{"rendered":"<p>Pfefferspray.<\/p>\n","protected":false},"featured_media":167282,"comment_status":"open","ping_status":"closed","template":"","meta":[],"pwb-brand":[],"product_brand":[],"product_cat":[3505],"product_tag":[],"class_list":{"0":"post-307621","1":"product","2":"type-product","3":"status-publish","4":"has-post-thumbnail","6":"product_cat-abwehrsprays","8":"first","9":"outofstock","10":"taxable","11":"shipping-taxable","12":"purchasable","13":"product-type-simple"},"brands":[],"_links":{"self":[{"href":"https:\/\/www.moskito.cz\/de\/wp-json\/wp\/v2\/product\/307621","targetHints":{"allow":["GET"]}}],"collection":[{"href":"https:\/\/www.moskito.cz\/de\/wp-json\/wp\/v2\/product"}],"about":[{"href":"https:\/\/www.moskito.cz\/de\/wp-json\/wp\/v2\/types\/product"}],"replies":[{"embeddable":true,"href":"https:\/\/www.moskito.cz\/de\/wp-json\/wp\/v2\/comments?post=307621"}],"wp:featuredmedia":[{"embeddable":true,"href":"https:\/\/www.moskito.cz\/de\/wp-json\/wp\/v2\/media\/167282"}],"wp:attachment":[{"href":"https:\/\/www.moskito.cz\/de\/wp-json\/wp\/v2\/media?parent=307621"}],"wp:term":[{"taxonomy":"pwb-brand","embeddable":true,"href":"https:\/\/www.moskito.cz\/de\/wp-json\/wp\/v2\/pwb-brand?post=307621"},{"taxonomy":"product_brand","embeddable":true,"href":"https:\/\/www.moskito.cz\/de\/wp-json\/wp\/v2\/product_brand?post=307621"},{"taxonomy":"product_cat","embeddable":true,"href":"https:\/\/www.moskito.cz\/de\/wp-json\/wp\/v2\/product_cat?post=307621"},{"taxonomy":"product_tag","embeddable":true,"href":"https:\/\/www.moskito.cz\/de\/wp-json\/wp\/v2\/product_tag?post=307621"}],"curies":[{"name":"wp","href":"https:\/\/api.w.org\/{rel}","templated":true}]}}