{"id":307623,"date":"2020-02-26T21:27:23","date_gmt":"2020-02-26T20:27:23","guid":{"rendered":"https:\/\/www.moskito.cz\/produkt\/schiessmesser-microtech-utx-85-231-1t\/"},"modified":"2025-07-11T07:50:56","modified_gmt":"2025-07-11T06:50:56","slug":"schiessmesser-microtech-utx-85-231-1t","status":"publish","type":"product","link":"https:\/\/www.moskito.cz\/de\/produkt\/schiessmesser-microtech-utx-85-231-1t\/","title":{"rendered":"Schie\u00dfmesser Microtech UTX-85 231-1T"},"content":{"rendered":"<p>Schie\u00dfmesser <strong>Microtech<\/strong> UTX-85 231-1T.<\/p>\n<p><span lang=\"cs\">Im Laufe der Jahre hat <strong>Microtech\u00ae Knives<\/strong> Messer mit Leidenschaft und K\u00f6nnen gef\u00fcllt, um nahezu Kunstwerke zu schaffen, die den Gipfel der Funktionalit\u00e4t darstellen.<br \/>\nEr verschiebt weiterhin die Grenzen und verbessert das, von dem er bereits wei\u00df, dass es funktioniert. Im Jahr 2020 hat sich Microtech\u00ae Knives zu einer f\u00fchrenden Messermarke entwickelt, die sich st\u00e4ndig weiterentwickelt und vorantreibt, indem sie die neueste Technologie, jahrhundertealte Prinzipien der Klingenherstellung und maximale Feldtests nutzt, damit sie bei der Qualit\u00e4t keine Kompromisse eingehen.<br \/>\n<\/span><\/p>\n<div class=\"col-xs-12\">\n<p>UTX-85 mit einer Klinge mit einfacher Schneide ohne Z\u00e4hne. Das Messer hat einen geformten Aluminiumgriff aus eloxiertem 6061-T6-Aluminium mit einer Kugelspitze aus Edelstahl.<\/p>\n<p>Schie\u00dfmesser <strong>Microtech UTX-85<\/strong> OTF-Messer mit einem glatt konturierten Griffdesign, das den Komfort bei der Verwendung erh\u00f6ht. Dieses aktualisierte Modell bietet die gleichen Abmessungen, Hardware und Haltbarkeit wie die \u201eTri-Grip\u201c-Variante und passt einfacher in die Hand und Tasche.<\/p>\n<p>F\u00fcr diejenigen, die mit der Technologie nicht vertraut sind: Es handelt sich um ein vollautomatisches Messer mit einem Doppelmechanismus an der Vorderseite, das hei\u00dft, die Klinge l\u00e4sst sich mit dem Daumen ein- und ausklappen. Das Messer von <strong>Microtech<\/strong> setzt neue Ma\u00dfst\u00e4be f\u00fcr alle OTF-Messer.<\/p>\n<p>Gesamtl\u00e4nge: 18,75 cm<br \/>\nKlingenl\u00e4nge: 7,81 cm<br \/>\nSchnittkante: 7,17 cm<br \/>\nKlingenst\u00e4rke: 0,32 cm<br \/>\nKlingenmaterial: B\u00f6hler M390<br \/>\nKlingenstil: Klassisch<br \/>\nEins\u00e4tze: Flach<br \/>\nFinish: Satin<br \/>\nRandtyp: Uni<br \/>\nGriffl\u00e4nge: 10,92 cm<br \/>\nGriffst\u00e4rke: 1,17 cm<br \/>\nGriffmaterial: Aluminium<br \/>\nschwarze Farbe<br \/>\nGewicht: 3,06 Unzen.<br \/>\nBenutzer: Rechte Hand<br \/>\nTaschenclip: Tip-Down<br \/>\nMessertyp: Double-Action OTF Automatic<br \/>\n\u00d6ffner: Daumenschieber<br \/>\nMarke: Microtech<br \/>\nModell: UTX-85<\/p>\n<p>Modellnummer: 231-1T<br \/>\nHerkunftsland: USA<br \/>\nBeste Verwendung: Taktisch<\/p>\n<p><iframe title=\"Microtech Combat Troodon Torture Test\" width=\"800\" height=\"450\" src=\"https:\/\/www.youtube.com\/embed\/xE9TeOFYEjg?feature=oembed\" frameborder=\"0\" allow=\"accelerometer; autoplay; clipboard-write; encrypted-media; gyroscope; picture-in-picture; web-share\" allowfullscreen><\/iframe><\/p>\n<p>&nbsp;<\/p>\n<\/div>\n","protected":false},"excerpt":{"rendered":"<p>Im Laufe der Jahre hat M <strong>icrotech\u00ae Knives<\/strong> Messer mit Leidenschaft und K\u00f6nnen gef\u00fcllt, um nahezu Kunstwerke zu schaffen, die den Gipfel der Funktionalit\u00e4t darstellen. Alle Teile werden in den USA hergestellt.<br \/>\n<strong>F\u00fcr alle Microtech-Messer gilt eine lebenslange Garantie.<\/strong><\/p>\n","protected":false},"featured_media":205639,"comment_status":"open","ping_status":"closed","template":"","meta":[],"pwb-brand":[3278],"product_brand":[],"product_cat":[3343,3285],"product_tag":[3669],"class_list":{"0":"post-307623","1":"product","2":"type-product","3":"status-publish","4":"has-post-thumbnail","6":"pwb-brand-microtech-de","7":"product_cat-schiesmesser","8":"product_cat-messer","9":"product_tag-b2b-de","11":"first","12":"outofstock","13":"taxable","14":"shipping-taxable","15":"purchasable","16":"product-type-simple"},"brands":[{"id":3278,"name":"Microtech","slug":"microtech-de"}],"_links":{"self":[{"href":"https:\/\/www.moskito.cz\/de\/wp-json\/wp\/v2\/product\/307623","targetHints":{"allow":["GET"]}}],"collection":[{"href":"https:\/\/www.moskito.cz\/de\/wp-json\/wp\/v2\/product"}],"about":[{"href":"https:\/\/www.moskito.cz\/de\/wp-json\/wp\/v2\/types\/product"}],"replies":[{"embeddable":true,"href":"https:\/\/www.moskito.cz\/de\/wp-json\/wp\/v2\/comments?post=307623"}],"wp:featuredmedia":[{"embeddable":true,"href":"https:\/\/www.moskito.cz\/de\/wp-json\/wp\/v2\/media\/205639"}],"wp:attachment":[{"href":"https:\/\/www.moskito.cz\/de\/wp-json\/wp\/v2\/media?parent=307623"}],"wp:term":[{"taxonomy":"pwb-brand","embeddable":true,"href":"https:\/\/www.moskito.cz\/de\/wp-json\/wp\/v2\/pwb-brand?post=307623"},{"taxonomy":"product_brand","embeddable":true,"href":"https:\/\/www.moskito.cz\/de\/wp-json\/wp\/v2\/product_brand?post=307623"},{"taxonomy":"product_cat","embeddable":true,"href":"https:\/\/www.moskito.cz\/de\/wp-json\/wp\/v2\/product_cat?post=307623"},{"taxonomy":"product_tag","embeddable":true,"href":"https:\/\/www.moskito.cz\/de\/wp-json\/wp\/v2\/product_tag?post=307623"}],"curies":[{"name":"wp","href":"https:\/\/api.w.org\/{rel}","templated":true}]}}