{"id":307650,"date":"2020-04-02T19:53:21","date_gmt":"2024-02-06T10:58:45","guid":{"rendered":"https:\/\/www.moskito.cz\/produkt\/daumenfesseln-aus-metall\/"},"modified":"2025-07-11T07:51:01","modified_gmt":"2025-07-11T06:51:01","slug":"daumenfesseln-aus-metall","status":"publish","type":"product","link":"https:\/\/www.moskito.cz\/de\/produkt\/daumenfesseln-aus-metall\/","title":{"rendered":"Daumenfesseln aus Metall"},"content":{"rendered":"<p>Daumenfesseln aus Metall.<\/p>\n<p>Material: Stahl. Gewicht: 118 g.<\/p>\n<p>Sie werden zum Anlegen von Handschellen (bei diesem Modell zum Anlegen von Handschellen an die Finger) w\u00e4hrend der vor\u00fcbergehenden Inhaftierung oder des Transports eines Verd\u00e4chtigen verwendet.<\/p>\n<p>Sie verf\u00fcgen \u00fcber einen Verriegelungsmechanismus.<\/p>\n<p>Die Reifen und der Mechanismus bestehen aus korrosionsbest\u00e4ndigem Stahl. Gesamtgr\u00f6\u00dfe: 10 cm<\/p>\n<p>&nbsp;<\/p>\n","protected":false},"excerpt":{"rendered":"<p><strong>Daumenmanschetten<\/strong> aus Metall mit zwei Schl\u00fcsseln.<\/p>\n","protected":false},"featured_media":181997,"comment_status":"open","ping_status":"closed","template":"","meta":[],"pwb-brand":[3523],"product_brand":[],"product_cat":[3578],"product_tag":[],"class_list":{"0":"post-307650","1":"product","2":"type-product","3":"status-publish","4":"has-post-thumbnail","6":"pwb-brand-in-china-hergestellt","7":"product_cat-handschellen","9":"first","10":"outofstock","11":"taxable","12":"shipping-taxable","13":"purchasable","14":"product-type-simple"},"brands":[{"id":3523,"name":"In China hergestellt","slug":"in-china-hergestellt"}],"_links":{"self":[{"href":"https:\/\/www.moskito.cz\/de\/wp-json\/wp\/v2\/product\/307650","targetHints":{"allow":["GET"]}}],"collection":[{"href":"https:\/\/www.moskito.cz\/de\/wp-json\/wp\/v2\/product"}],"about":[{"href":"https:\/\/www.moskito.cz\/de\/wp-json\/wp\/v2\/types\/product"}],"replies":[{"embeddable":true,"href":"https:\/\/www.moskito.cz\/de\/wp-json\/wp\/v2\/comments?post=307650"}],"wp:featuredmedia":[{"embeddable":true,"href":"https:\/\/www.moskito.cz\/de\/wp-json\/wp\/v2\/media\/181997"}],"wp:attachment":[{"href":"https:\/\/www.moskito.cz\/de\/wp-json\/wp\/v2\/media?parent=307650"}],"wp:term":[{"taxonomy":"pwb-brand","embeddable":true,"href":"https:\/\/www.moskito.cz\/de\/wp-json\/wp\/v2\/pwb-brand?post=307650"},{"taxonomy":"product_brand","embeddable":true,"href":"https:\/\/www.moskito.cz\/de\/wp-json\/wp\/v2\/product_brand?post=307650"},{"taxonomy":"product_cat","embeddable":true,"href":"https:\/\/www.moskito.cz\/de\/wp-json\/wp\/v2\/product_cat?post=307650"},{"taxonomy":"product_tag","embeddable":true,"href":"https:\/\/www.moskito.cz\/de\/wp-json\/wp\/v2\/product_tag?post=307650"}],"curies":[{"name":"wp","href":"https:\/\/api.w.org\/{rel}","templated":true}]}}