{"id":307654,"date":"2020-04-19T19:19:42","date_gmt":"2024-02-06T10:58:46","guid":{"rendered":"https:\/\/www.moskito.cz\/produkt\/boeker-magnum-army-rescue-assisted-klappmesser\/"},"modified":"2025-07-11T07:51:08","modified_gmt":"2025-07-11T06:51:08","slug":"boeker-magnum-army-rescue-assisted-klappmesser","status":"publish","type":"product","link":"https:\/\/www.moskito.cz\/de\/produkt\/boeker-magnum-army-rescue-assisted-klappmesser\/","title":{"rendered":"B\u00f6ker Magnum Army Rescue Assisted Klappmesser"},"content":{"rendered":"<p><strong>B\u00f6ker<\/strong> Magnum Army Rescue Assisted Klappmesser.<\/p>\n<p>B\u00d6KER\u00ae ist ein deutsches Unternehmen, das Messer h\u00f6chster Qualit\u00e4t herstellt. Messer mit feststehender Klinge, Klappmesser, K\u00fcchenmesser und Messerhalter erfreuen sich aufgrund ihrer au\u00dfergew\u00f6hnlichen Qualit\u00e4t gro\u00dfer Beliebtheit bei vielen Kunden auf der ganzen Welt. Alle Messer sind aus den besten, langlebigen Materialien gefertigt und werden ein unverzichtbarer Helfer zu Hause, in der Werkstatt, bei der Jagd und auf einem Ausflug in die Natur sein.<\/p>\n<p>Diese \u00e4u\u00dferst erfolgreiche Serie von Rettungsmessern richtet sich an Sicherheitskr\u00e4fte, die den ganzen Tag \u00fcber h\u00e4ufig in Gefahr sind und h\u00e4ufig ihr Leben f\u00fcr andere riskieren. Merkmale: Glasbrecherspitze, Sicherheitsgurtschneider, Taschenclip und starke und langlebige Klinge aus 440er Edelstahl. Schwarz beschichtete Tanto-Wendeklinge mit Flipper, teilweise gezahnter Klinge und unterst\u00fctzter \u00d6ffnung mittels Feder (Assisted Opener). Der Griff aus eloxierter Bronze tr\u00e4gt das Armeeabzeichen. Magnum-Rettungsmesser sind voll funktionsf\u00e4hig und sofort einsatzbereit, jedoch nicht f\u00fcr den t\u00e4glichen, anspruchsvollen Einsatz professioneller Retter gedacht.<\/p>\n<p>Gesamtl\u00e4nge: 20,8 cm<br \/>\nKlingenl\u00e4nge: 8,6 cm<br \/>\nKlingenst\u00e4rke: 2,8 mm<br \/>\nGewicht: 139 g<br \/>\nKlingenmaterial: 440A<\/p>\n<p>Griffmaterial: Aluminium<br \/>\nSicherungstyp: Linerlock<\/p>\n","protected":false},"excerpt":{"rendered":"<p>Feststellmesser mit Sicherung.<\/p>\n","protected":false},"featured_media":363644,"comment_status":"open","ping_status":"closed","template":"","meta":[],"pwb-brand":[3422],"product_brand":[],"product_cat":[3303,3285],"product_tag":[3669],"class_list":{"0":"post-307654","1":"product","2":"type-product","3":"status-publish","4":"has-post-thumbnail","6":"pwb-brand-boker-de","7":"product_cat-schliesmesser","8":"product_cat-messer","9":"product_tag-b2b-de","11":"first","12":"instock","13":"taxable","14":"shipping-taxable","15":"purchasable","16":"product-type-simple"},"brands":[{"id":3422,"name":"B\u00f6ker","slug":"boker-de"}],"_links":{"self":[{"href":"https:\/\/www.moskito.cz\/de\/wp-json\/wp\/v2\/product\/307654","targetHints":{"allow":["GET"]}}],"collection":[{"href":"https:\/\/www.moskito.cz\/de\/wp-json\/wp\/v2\/product"}],"about":[{"href":"https:\/\/www.moskito.cz\/de\/wp-json\/wp\/v2\/types\/product"}],"replies":[{"embeddable":true,"href":"https:\/\/www.moskito.cz\/de\/wp-json\/wp\/v2\/comments?post=307654"}],"wp:featuredmedia":[{"embeddable":true,"href":"https:\/\/www.moskito.cz\/de\/wp-json\/wp\/v2\/media\/363644"}],"wp:attachment":[{"href":"https:\/\/www.moskito.cz\/de\/wp-json\/wp\/v2\/media?parent=307654"}],"wp:term":[{"taxonomy":"pwb-brand","embeddable":true,"href":"https:\/\/www.moskito.cz\/de\/wp-json\/wp\/v2\/pwb-brand?post=307654"},{"taxonomy":"product_brand","embeddable":true,"href":"https:\/\/www.moskito.cz\/de\/wp-json\/wp\/v2\/product_brand?post=307654"},{"taxonomy":"product_cat","embeddable":true,"href":"https:\/\/www.moskito.cz\/de\/wp-json\/wp\/v2\/product_cat?post=307654"},{"taxonomy":"product_tag","embeddable":true,"href":"https:\/\/www.moskito.cz\/de\/wp-json\/wp\/v2\/product_tag?post=307654"}],"curies":[{"name":"wp","href":"https:\/\/api.w.org\/{rel}","templated":true}]}}