{"id":307659,"date":"2020-04-02T19:34:41","date_gmt":"2024-02-06T10:58:48","guid":{"rendered":"https:\/\/www.moskito.cz\/produkt\/messerschaerfer-victorinox-7-8715\/"},"modified":"2025-07-11T07:51:00","modified_gmt":"2025-07-11T06:51:00","slug":"messerschaerfer-victorinox-7-8715","status":"publish","type":"product","link":"https:\/\/www.moskito.cz\/de\/produkt\/messerschaerfer-victorinox-7-8715\/","title":{"rendered":"Messersch\u00e4rfer Victorinox 7.8715"},"content":{"rendered":"<p>Messersch\u00e4rfer Victorinox 7.8715.<\/p>\n<p><span class=\"proKs\">Profis sch\u00e4rfen Messer nach jedem Gebrauch mit einem Sch\u00e4rfer. Allerdings ist im h\u00e4uslichen Umfeld die einmalige Verwendung eines Messers so kurz, dass es nicht so oft gesch\u00e4rft werden muss. Die Messer, die Sie am h\u00e4ufigsten verwenden, m\u00fcssen etwa einmal im Monat gesch\u00e4rft werden. Drehen Sie den Messerr\u00fccken nach au\u00dfen, sodass der Sch\u00e4rfwinkel etwa 20 Grad betr\u00e4gt. Ziehen Sie die Schneide mehrmals auf beiden Seiten \u00fcber den Sch\u00e4rfer. \u00dcben Sie nicht zu viel Druck auf den Schleifer aus.<\/span><\/p>\n","protected":false},"excerpt":{"rendered":"<p><strong>Victorinox<\/strong> Messersch\u00e4rfer.<\/p>\n","protected":false},"featured_media":176060,"comment_status":"open","ping_status":"closed","template":"","meta":[],"pwb-brand":[3535],"product_brand":[],"product_cat":[3346],"product_tag":[],"class_list":{"0":"post-307659","1":"product","2":"type-product","3":"status-publish","4":"has-post-thumbnail","6":"pwb-brand-victorinox-de","7":"product_cat-schleifscheiben-und-stahle","9":"first","10":"outofstock","11":"taxable","12":"shipping-taxable","13":"purchasable","14":"product-type-simple"},"brands":[{"id":3535,"name":"Victorinox","slug":"victorinox-de"}],"_links":{"self":[{"href":"https:\/\/www.moskito.cz\/de\/wp-json\/wp\/v2\/product\/307659","targetHints":{"allow":["GET"]}}],"collection":[{"href":"https:\/\/www.moskito.cz\/de\/wp-json\/wp\/v2\/product"}],"about":[{"href":"https:\/\/www.moskito.cz\/de\/wp-json\/wp\/v2\/types\/product"}],"replies":[{"embeddable":true,"href":"https:\/\/www.moskito.cz\/de\/wp-json\/wp\/v2\/comments?post=307659"}],"wp:featuredmedia":[{"embeddable":true,"href":"https:\/\/www.moskito.cz\/de\/wp-json\/wp\/v2\/media\/176060"}],"wp:attachment":[{"href":"https:\/\/www.moskito.cz\/de\/wp-json\/wp\/v2\/media?parent=307659"}],"wp:term":[{"taxonomy":"pwb-brand","embeddable":true,"href":"https:\/\/www.moskito.cz\/de\/wp-json\/wp\/v2\/pwb-brand?post=307659"},{"taxonomy":"product_brand","embeddable":true,"href":"https:\/\/www.moskito.cz\/de\/wp-json\/wp\/v2\/product_brand?post=307659"},{"taxonomy":"product_cat","embeddable":true,"href":"https:\/\/www.moskito.cz\/de\/wp-json\/wp\/v2\/product_cat?post=307659"},{"taxonomy":"product_tag","embeddable":true,"href":"https:\/\/www.moskito.cz\/de\/wp-json\/wp\/v2\/product_tag?post=307659"}],"curies":[{"name":"wp","href":"https:\/\/api.w.org\/{rel}","templated":true}]}}