{"id":307675,"date":"2020-04-19T18:34:25","date_gmt":"2024-02-06T10:58:52","guid":{"rendered":"https:\/\/www.moskito.cz\/produkt\/feststehendes-messer-boeker-manufaktur-bowie\/"},"modified":"2025-07-11T07:51:06","modified_gmt":"2025-07-11T06:51:06","slug":"feststehendes-messer-boeker-manufaktur-bowie","status":"publish","type":"product","link":"https:\/\/www.moskito.cz\/de\/produkt\/feststehendes-messer-boeker-manufaktur-bowie\/","title":{"rendered":"Feststehendes Messer B\u00f6ker Manufaktur Bowie"},"content":{"rendered":"<p>Feststehendes Messer B\u00f6ker Manufaktur Bowie 120547.<\/p>\n<p>&nbsp;<\/p>\n<p>B\u00f6ker \u2013 die Geschichte der Fabrik reicht bis ins 17. Jahrhundert zur\u00fcck. Jahrhundert befand sich die urspr\u00fcngliche Schmiede damals in Remscheid. In den Jahren 1829\u201330 wurde die Produktion auch auf S\u00e4bel und Schwerter ausgeweitet. Zu dieser Zeit waren in der Fabrik \u00fcber 100 Schmiede und Schleifer besch\u00e4ftigt. In der zweiten H\u00e4lfte des 19. Jahrhunderts zog ein Teil der Familie in die USA und nach Kanada, wo sie weitere Produktionsst\u00e4tten gr\u00fcndeten. Als letztes der Bocker-Geschwister zog Heinrich nach Solingen, wo der Gro\u00dfteil der heutigen Produktion herkommt.<\/p>\n<p><strong>B\u00f6ker &#8211; Manufaktur Soligen Bowie 120547<\/strong><\/p>\n<p>\u00b7 <strong>Messergewicht:<\/strong> 495 g<\/p>\n<p>\u00b7 <strong>Klingenl\u00e4nge:<\/strong> 325 mm<\/p>\n<p>\u00b7 <strong>Klingenl\u00e4nge:<\/strong> 198 mm<\/p>\n<p>\u00b7 <strong>Klingenbreite:<\/strong> 6,4 mm<\/p>\n<p>\u00b7 <b>Stahl<\/b> : 4034<\/p>\n<p>\u00b7 <strong>H\u00e4rte:<\/strong> 56-58 HRC<\/p>\n<p>\u00b7 <strong>Griffmaterial:<\/strong> Walnussholz<\/p>\n<p>\u00b7 <b>Geh\u00e4use:<\/b> Leder<\/p>\n<p>&nbsp;<\/p>\n<p>&nbsp;<\/p>\n","protected":false},"excerpt":{"rendered":"<p>Feststehendes Messer mit Scheide.<br \/>\n<strong>Kostenloser Transport<\/strong> .<\/p>\n","protected":false},"featured_media":190148,"comment_status":"open","ping_status":"closed","template":"","meta":[],"pwb-brand":[3422],"product_brand":[],"product_cat":[3285,3287],"product_tag":[3669],"class_list":{"0":"post-307675","1":"product","2":"type-product","3":"status-publish","4":"has-post-thumbnail","6":"pwb-brand-boker-de","7":"product_cat-messer","8":"product_cat-solide-messer","9":"product_tag-b2b-de","11":"first","12":"instock","13":"taxable","14":"shipping-taxable","15":"purchasable","16":"product-type-simple"},"brands":[{"id":3422,"name":"B\u00f6ker","slug":"boker-de"}],"_links":{"self":[{"href":"https:\/\/www.moskito.cz\/de\/wp-json\/wp\/v2\/product\/307675","targetHints":{"allow":["GET"]}}],"collection":[{"href":"https:\/\/www.moskito.cz\/de\/wp-json\/wp\/v2\/product"}],"about":[{"href":"https:\/\/www.moskito.cz\/de\/wp-json\/wp\/v2\/types\/product"}],"replies":[{"embeddable":true,"href":"https:\/\/www.moskito.cz\/de\/wp-json\/wp\/v2\/comments?post=307675"}],"wp:featuredmedia":[{"embeddable":true,"href":"https:\/\/www.moskito.cz\/de\/wp-json\/wp\/v2\/media\/190148"}],"wp:attachment":[{"href":"https:\/\/www.moskito.cz\/de\/wp-json\/wp\/v2\/media?parent=307675"}],"wp:term":[{"taxonomy":"pwb-brand","embeddable":true,"href":"https:\/\/www.moskito.cz\/de\/wp-json\/wp\/v2\/pwb-brand?post=307675"},{"taxonomy":"product_brand","embeddable":true,"href":"https:\/\/www.moskito.cz\/de\/wp-json\/wp\/v2\/product_brand?post=307675"},{"taxonomy":"product_cat","embeddable":true,"href":"https:\/\/www.moskito.cz\/de\/wp-json\/wp\/v2\/product_cat?post=307675"},{"taxonomy":"product_tag","embeddable":true,"href":"https:\/\/www.moskito.cz\/de\/wp-json\/wp\/v2\/product_tag?post=307675"}],"curies":[{"name":"wp","href":"https:\/\/api.w.org\/{rel}","templated":true}]}}