{"id":307679,"date":"2020-04-07T20:42:47","date_gmt":"2024-02-06T10:58:55","guid":{"rendered":"https:\/\/www.moskito.cz\/produkt\/joker-jkr643-fliege-schliessmesser\/"},"modified":"2025-07-11T07:51:02","modified_gmt":"2025-07-11T06:51:02","slug":"joker-jkr643-fliege-schliessmesser","status":"publish","type":"product","link":"https:\/\/www.moskito.cz\/de\/produkt\/joker-jkr643-fliege-schliessmesser\/","title":{"rendered":"Joker JKR643 Fliege-Schlie\u00dfmesser"},"content":{"rendered":"<p>Joker JKR643 Fliege-Schlie\u00dfmesser.<\/p>\n<p>Joker-Messer stammen aus der spanischen Stadt Albacete, die f\u00fcr ihre Messerproduktion bekannt ist.<br \/>\nKlassisches Klappmesser im Butterfly-Stil. Alle Komponenten des Messers bestehen aus hochbest\u00e4ndigem Edelstahl. Der zweiteilige Stahlgriff wird im geschlossenen Zustand durch einen Sicherheitsverschluss gesichert. Dadurch k\u00f6nnen Sie mit dem Messer sicher verschiedene Tricks ausf\u00fchren. Die L\u00e4nge der Klinge betr\u00e4gt 10,5 cm. Die Gesamtl\u00e4nge betr\u00e4gt 22 cm.<\/p>\n<p>&nbsp;<\/p>\n","protected":false},"excerpt":{"rendered":"<p><strong>Butterfly-<\/strong> Schlie\u00dfmesser.<\/p>\n","protected":false},"featured_media":180148,"comment_status":"open","ping_status":"closed","template":"","meta":[],"pwb-brand":[3415],"product_brand":[],"product_cat":[3545,3285],"product_tag":[],"class_list":{"0":"post-307679","1":"product","2":"type-product","3":"status-publish","4":"has-post-thumbnail","6":"pwb-brand-joker-de","7":"product_cat-fliegen-de","8":"product_cat-messer","10":"first","11":"instock","12":"taxable","13":"shipping-taxable","14":"purchasable","15":"product-type-simple"},"brands":[{"id":3415,"name":"Joker","slug":"joker-de"}],"_links":{"self":[{"href":"https:\/\/www.moskito.cz\/de\/wp-json\/wp\/v2\/product\/307679","targetHints":{"allow":["GET"]}}],"collection":[{"href":"https:\/\/www.moskito.cz\/de\/wp-json\/wp\/v2\/product"}],"about":[{"href":"https:\/\/www.moskito.cz\/de\/wp-json\/wp\/v2\/types\/product"}],"replies":[{"embeddable":true,"href":"https:\/\/www.moskito.cz\/de\/wp-json\/wp\/v2\/comments?post=307679"}],"wp:featuredmedia":[{"embeddable":true,"href":"https:\/\/www.moskito.cz\/de\/wp-json\/wp\/v2\/media\/180148"}],"wp:attachment":[{"href":"https:\/\/www.moskito.cz\/de\/wp-json\/wp\/v2\/media?parent=307679"}],"wp:term":[{"taxonomy":"pwb-brand","embeddable":true,"href":"https:\/\/www.moskito.cz\/de\/wp-json\/wp\/v2\/pwb-brand?post=307679"},{"taxonomy":"product_brand","embeddable":true,"href":"https:\/\/www.moskito.cz\/de\/wp-json\/wp\/v2\/product_brand?post=307679"},{"taxonomy":"product_cat","embeddable":true,"href":"https:\/\/www.moskito.cz\/de\/wp-json\/wp\/v2\/product_cat?post=307679"},{"taxonomy":"product_tag","embeddable":true,"href":"https:\/\/www.moskito.cz\/de\/wp-json\/wp\/v2\/product_tag?post=307679"}],"curies":[{"name":"wp","href":"https:\/\/api.w.org\/{rel}","templated":true}]}}