{"id":307700,"date":"2020-04-19T19:58:04","date_gmt":"2020-04-19T18:58:04","guid":{"rendered":"https:\/\/www.moskito.cz\/produkt\/boeker-plus-italy-pro-hunter-klappmesser\/"},"modified":"2026-01-14T12:11:49","modified_gmt":"2026-01-14T11:11:49","slug":"boeker-plus-italy-pro-hunter-klappmesser","status":"publish","type":"product","link":"https:\/\/www.moskito.cz\/de\/produkt\/boeker-plus-italy-pro-hunter-klappmesser\/","title":{"rendered":"B\u00f6ker Plus Italy Pro-Hunter Klappmesser"},"content":{"rendered":"<p><strong>B\u00f6ker<\/strong> Plus Italy Pro-Hunter Klappmesser.<\/p>\n<div id=\"full-product-description\" class=\"product-body__full-product-description\">\n<p>B\u00f6ker Plus liefert hervorragende, innovative Messerkonzepte f\u00fcr jeden Einsatz. Die Messer werden nach deutscher Ingenieurskunst in Zusammenarbeit mit weltweit renommierten Experten wie z Chad Los Banos, Jim Burke, Jim Wanger, Tod Begg, Jesper Voxnaes.<\/p>\n<p>Gesamtl\u00e4nge: 22 cm Klingenl\u00e4nge: 9,5 cm Klingenst\u00e4rke: 5 mm Gewicht: 448 g Klingenmaterial: N690 Griffmaterial: Cocobolo-Holz<\/p>\n<\/div>\n<p>&nbsp;<\/p>\n","protected":false},"excerpt":{"rendered":"<p><strong>B\u00f6ker<\/strong> Schlie\u00dfmesser.<\/p>\n","protected":false},"featured_media":190176,"comment_status":"open","ping_status":"closed","template":"","meta":[],"pwb-brand":[3422],"product_brand":[],"product_cat":[3303,3285],"product_tag":[3669],"class_list":{"0":"post-307700","1":"product","2":"type-product","3":"status-publish","4":"has-post-thumbnail","6":"pwb-brand-boker-de","7":"product_cat-schliesmesser","8":"product_cat-messer","9":"product_tag-b2b-de","11":"first","12":"outofstock","13":"taxable","14":"shipping-taxable","15":"purchasable","16":"product-type-simple"},"brands":[{"id":3422,"name":"B\u00f6ker","slug":"boker-de"}],"_links":{"self":[{"href":"https:\/\/www.moskito.cz\/de\/wp-json\/wp\/v2\/product\/307700","targetHints":{"allow":["GET"]}}],"collection":[{"href":"https:\/\/www.moskito.cz\/de\/wp-json\/wp\/v2\/product"}],"about":[{"href":"https:\/\/www.moskito.cz\/de\/wp-json\/wp\/v2\/types\/product"}],"replies":[{"embeddable":true,"href":"https:\/\/www.moskito.cz\/de\/wp-json\/wp\/v2\/comments?post=307700"}],"wp:featuredmedia":[{"embeddable":true,"href":"https:\/\/www.moskito.cz\/de\/wp-json\/wp\/v2\/media\/190176"}],"wp:attachment":[{"href":"https:\/\/www.moskito.cz\/de\/wp-json\/wp\/v2\/media?parent=307700"}],"wp:term":[{"taxonomy":"pwb-brand","embeddable":true,"href":"https:\/\/www.moskito.cz\/de\/wp-json\/wp\/v2\/pwb-brand?post=307700"},{"taxonomy":"product_brand","embeddable":true,"href":"https:\/\/www.moskito.cz\/de\/wp-json\/wp\/v2\/product_brand?post=307700"},{"taxonomy":"product_cat","embeddable":true,"href":"https:\/\/www.moskito.cz\/de\/wp-json\/wp\/v2\/product_cat?post=307700"},{"taxonomy":"product_tag","embeddable":true,"href":"https:\/\/www.moskito.cz\/de\/wp-json\/wp\/v2\/product_tag?post=307700"}],"curies":[{"name":"wp","href":"https:\/\/api.w.org\/{rel}","templated":true}]}}