{"id":307701,"date":"2020-04-22T20:21:18","date_gmt":"2024-02-06T10:59:14","guid":{"rendered":"https:\/\/www.moskito.cz\/produkt\/klappmesser-mein-erstes-victorinox-0-2363-t\/"},"modified":"2025-07-11T07:51:13","modified_gmt":"2025-07-11T06:51:13","slug":"klappmesser-mein-erstes-victorinox-0-2363-t","status":"publish","type":"product","link":"https:\/\/www.moskito.cz\/de\/produkt\/klappmesser-mein-erstes-victorinox-0-2363-t\/","title":{"rendered":"Klappmesser Mein erstes Victorinox 0.2363.T"},"content":{"rendered":"<p>Klappmesser Mein erstes Victorinox 0.2363.T.<\/p>\n<p>Mein erstes Victorinox ist ein Messer, das haupts\u00e4chlich f\u00fcr Kinder gedacht ist. Das Messer hat eine runde Klingenspitze. Messergr\u00f6\u00dfe 84 mm.<\/p>\n<p>Ein Messeraufh\u00e4nger ist im Lieferumfang enthalten.<\/p>\n<p>gro\u00dfes Messer &#8211; rund<br \/>\nFlaschen\u00f6ffner<br \/>\nDosen\u00f6ffner<br \/>\nSchraubendreher<br \/>\nAbisolierer<br \/>\nSchl\u00fcsselanh\u00e4nger aus Edelstahl<br \/>\nPinzette<br \/>\nein Zahnstocher<\/p>\n","protected":false},"excerpt":{"rendered":"<p>Verschlussmesser.<\/p>\n","protected":false},"featured_media":167929,"comment_status":"open","ping_status":"closed","template":"","meta":[],"pwb-brand":[3535],"product_brand":[],"product_cat":[3303,3285],"product_tag":[],"class_list":{"0":"post-307701","1":"product","2":"type-product","3":"status-publish","4":"has-post-thumbnail","6":"pwb-brand-victorinox-de","7":"product_cat-schliesmesser","8":"product_cat-messer","10":"first","11":"instock","12":"taxable","13":"shipping-taxable","14":"purchasable","15":"product-type-simple"},"brands":[{"id":3535,"name":"Victorinox","slug":"victorinox-de"}],"_links":{"self":[{"href":"https:\/\/www.moskito.cz\/de\/wp-json\/wp\/v2\/product\/307701","targetHints":{"allow":["GET"]}}],"collection":[{"href":"https:\/\/www.moskito.cz\/de\/wp-json\/wp\/v2\/product"}],"about":[{"href":"https:\/\/www.moskito.cz\/de\/wp-json\/wp\/v2\/types\/product"}],"replies":[{"embeddable":true,"href":"https:\/\/www.moskito.cz\/de\/wp-json\/wp\/v2\/comments?post=307701"}],"wp:featuredmedia":[{"embeddable":true,"href":"https:\/\/www.moskito.cz\/de\/wp-json\/wp\/v2\/media\/167929"}],"wp:attachment":[{"href":"https:\/\/www.moskito.cz\/de\/wp-json\/wp\/v2\/media?parent=307701"}],"wp:term":[{"taxonomy":"pwb-brand","embeddable":true,"href":"https:\/\/www.moskito.cz\/de\/wp-json\/wp\/v2\/pwb-brand?post=307701"},{"taxonomy":"product_brand","embeddable":true,"href":"https:\/\/www.moskito.cz\/de\/wp-json\/wp\/v2\/product_brand?post=307701"},{"taxonomy":"product_cat","embeddable":true,"href":"https:\/\/www.moskito.cz\/de\/wp-json\/wp\/v2\/product_cat?post=307701"},{"taxonomy":"product_tag","embeddable":true,"href":"https:\/\/www.moskito.cz\/de\/wp-json\/wp\/v2\/product_tag?post=307701"}],"curies":[{"name":"wp","href":"https:\/\/api.w.org\/{rel}","templated":true}]}}