{"id":307722,"date":"2020-04-20T20:02:35","date_gmt":"2024-02-06T10:59:21","guid":{"rendered":"https:\/\/www.moskito.cz\/produkt\/schliessmesser-mta1050sw\/"},"modified":"2025-07-11T07:51:11","modified_gmt":"2025-07-11T06:51:11","slug":"schliessmesser-mta1050sw","status":"publish","type":"product","link":"https:\/\/www.moskito.cz\/de\/produkt\/schliessmesser-mta1050sw\/","title":{"rendered":"Schlie\u00dfmesser MTA1050SW"},"content":{"rendered":"<p>Schlie\u00dfmesser MTA1050SW.<\/p>\n<p>Das Messer verf\u00fcgt \u00fcber eine \u00d6ffnungshilfe. Die L\u00e4nge des Messers im geschlossenen Zustand betr\u00e4gt 12 cm. Stahl 3Cr13. Die Klinge des Messers ist schwarz lackiert und 9,4 cm lang. Der Griff ist strukturiert und aus Aluminium gefertigt. Das Messer hat einen Clip.<\/p>\n<p>&nbsp;<\/p>\n<p>Unterst\u00fctztes \u00d6ffnen. 4,75&#8243; geschlossen. 3,5&#8243; schwarze Klinge aus rostfreiem 3Cr13-Stonewash-Finish. Schwarzer Edelstahlgriff mit brauner Pakkaholzeinlage. Verl\u00e4ngerter Erl. Lanyard-Sticks. Taschenclip. Daumenknopf. Verpackt.<\/p>\n","protected":false},"excerpt":{"rendered":"<p>Verschlussmesser.<\/p>\n","protected":false},"featured_media":167879,"comment_status":"open","ping_status":"closed","template":"","meta":[],"pwb-brand":[3528],"product_brand":[],"product_cat":[3285,3303],"product_tag":[],"class_list":{"0":"post-307722","1":"product","2":"type-product","3":"status-publish","4":"has-post-thumbnail","6":"pwb-brand-mtech-de","7":"product_cat-messer","8":"product_cat-schliesmesser","10":"first","11":"outofstock","12":"taxable","13":"shipping-taxable","14":"purchasable","15":"product-type-simple"},"brands":[{"id":3528,"name":"MTech","slug":"mtech-de"}],"_links":{"self":[{"href":"https:\/\/www.moskito.cz\/de\/wp-json\/wp\/v2\/product\/307722","targetHints":{"allow":["GET"]}}],"collection":[{"href":"https:\/\/www.moskito.cz\/de\/wp-json\/wp\/v2\/product"}],"about":[{"href":"https:\/\/www.moskito.cz\/de\/wp-json\/wp\/v2\/types\/product"}],"replies":[{"embeddable":true,"href":"https:\/\/www.moskito.cz\/de\/wp-json\/wp\/v2\/comments?post=307722"}],"wp:featuredmedia":[{"embeddable":true,"href":"https:\/\/www.moskito.cz\/de\/wp-json\/wp\/v2\/media\/167879"}],"wp:attachment":[{"href":"https:\/\/www.moskito.cz\/de\/wp-json\/wp\/v2\/media?parent=307722"}],"wp:term":[{"taxonomy":"pwb-brand","embeddable":true,"href":"https:\/\/www.moskito.cz\/de\/wp-json\/wp\/v2\/pwb-brand?post=307722"},{"taxonomy":"product_brand","embeddable":true,"href":"https:\/\/www.moskito.cz\/de\/wp-json\/wp\/v2\/product_brand?post=307722"},{"taxonomy":"product_cat","embeddable":true,"href":"https:\/\/www.moskito.cz\/de\/wp-json\/wp\/v2\/product_cat?post=307722"},{"taxonomy":"product_tag","embeddable":true,"href":"https:\/\/www.moskito.cz\/de\/wp-json\/wp\/v2\/product_tag?post=307722"}],"curies":[{"name":"wp","href":"https:\/\/api.w.org\/{rel}","templated":true}]}}