{"id":307736,"date":"2020-05-01T20:55:11","date_gmt":"2024-02-06T10:59:31","guid":{"rendered":"https:\/\/www.moskito.cz\/produkt\/victorinox-alliance-241476-uhr\/"},"modified":"2025-07-11T07:51:20","modified_gmt":"2025-07-11T06:51:20","slug":"victorinox-alliance-241476-uhr","status":"publish","type":"product","link":"https:\/\/www.moskito.cz\/de\/produkt\/victorinox-alliance-241476-uhr\/","title":{"rendered":"Victorinox Alliance 241476 Uhr"},"content":{"rendered":"<p>Victorinox Alliance 241476 Uhr.<\/p>\n<p>Die hochwertige Schweizer Uhr der Marke Victorinox aus der Modellreihe <strong>Alliance mit der Bezeichnung 241476<\/strong> ist wasserdicht bis 100 m. Sie haben ein Quarzwerk mit der Aufschrift Ronda 715.<\/p>\n<p>Die Uhr verf\u00fcgt \u00fcber eine Datumsanzeige, ein Saphirglas mit Antireflexbeschichtung ist selbstverst\u00e4ndlich, dank dem Sie die Uhr in jeder Situation gut sehen k\u00f6nnen. Die Uhr wird mit einem Stahlarmband geliefert.<\/p>\n<table>\n<tbody>\n<tr>\n<td>Bestimmung<\/td>\n<td>Herren<\/td>\n<\/tr>\n<tr>\n<td>Herkunft<\/td>\n<td>schweizerisch<\/td>\n<\/tr>\n<tr>\n<td>Verwenden<\/td>\n<td>Sozial<\/td>\n<\/tr>\n<tr>\n<td>Wasserdicht<\/td>\n<td>100 m<\/td>\n<\/tr>\n<tr>\n<td>Fahren<\/td>\n<td>Batterie-Quarz<\/td>\n<\/tr>\n<tr>\n<td>Die Maschine<\/td>\n<td>Ronda 715<\/td>\n<\/tr>\n<tr>\n<td>Batterie<\/td>\n<td>Ja<\/td>\n<\/tr>\n<tr>\n<td>W\u00e4hlen<\/td>\n<td>Analog<\/td>\n<\/tr>\n<tr>\n<td>Folienmaterial<\/td>\n<td>Saphir \u2013 entspiegelt<\/td>\n<\/tr>\n<tr>\n<td>Geh\u00e4usematerial<\/td>\n<td>Edelstahl<\/td>\n<\/tr>\n<tr>\n<td>Bandmaterial<\/td>\n<td>Edelstahl<\/td>\n<\/tr>\n<tr>\n<td>Geh\u00e4useform<\/td>\n<td>Runden<\/td>\n<\/tr>\n<tr>\n<td>Geh\u00e4usegr\u00f6\u00dfe<\/td>\n<td>40 mm<\/td>\n<\/tr>\n<tr>\n<td>Geh\u00e4useh\u00f6he<\/td>\n<td>9 mm<\/td>\n<\/tr>\n<tr>\n<td>Bandbreite<\/td>\n<td>20 mm<\/td>\n<\/tr>\n<tr>\n<td>Gewicht<\/td>\n<td>138 g<\/td>\n<\/tr>\n<tr>\n<td>Zifferblattfarbe<\/td>\n<td>Wei\u00df<\/td>\n<\/tr>\n<tr>\n<td>Armbandfarbe<\/td>\n<td>Grau<\/td>\n<\/tr>\n<tr>\n<td>Datum<\/td>\n<td>Ja<\/td>\n<\/tr>\n<tr>\n<td>Lumineszenz<\/td>\n<td>Zeiger und Indizes<\/td>\n<\/tr>\n<tr>\n<td>Deckel mit Gewinde<\/td>\n<td>Ja<\/td>\n<\/tr>\n<tr>\n<td>Garantie<\/td>\n<td>5 Jahre<\/td>\n<\/tr>\n<\/tbody>\n<\/table>\n","protected":false},"excerpt":{"rendered":"<p><strong>Victorinox-<\/strong> Uhren.<\/p>\n","protected":false},"featured_media":182958,"comment_status":"open","ping_status":"closed","template":"","meta":[],"pwb-brand":[3535],"product_brand":[],"product_cat":[3347],"product_tag":[],"class_list":{"0":"post-307736","1":"product","2":"type-product","3":"status-publish","4":"has-post-thumbnail","6":"pwb-brand-victorinox-de","7":"product_cat-uhren","9":"first","10":"instock","11":"taxable","12":"shipping-taxable","13":"purchasable","14":"product-type-simple"},"brands":[{"id":3535,"name":"Victorinox","slug":"victorinox-de"}],"_links":{"self":[{"href":"https:\/\/www.moskito.cz\/de\/wp-json\/wp\/v2\/product\/307736","targetHints":{"allow":["GET"]}}],"collection":[{"href":"https:\/\/www.moskito.cz\/de\/wp-json\/wp\/v2\/product"}],"about":[{"href":"https:\/\/www.moskito.cz\/de\/wp-json\/wp\/v2\/types\/product"}],"replies":[{"embeddable":true,"href":"https:\/\/www.moskito.cz\/de\/wp-json\/wp\/v2\/comments?post=307736"}],"wp:featuredmedia":[{"embeddable":true,"href":"https:\/\/www.moskito.cz\/de\/wp-json\/wp\/v2\/media\/182958"}],"wp:attachment":[{"href":"https:\/\/www.moskito.cz\/de\/wp-json\/wp\/v2\/media?parent=307736"}],"wp:term":[{"taxonomy":"pwb-brand","embeddable":true,"href":"https:\/\/www.moskito.cz\/de\/wp-json\/wp\/v2\/pwb-brand?post=307736"},{"taxonomy":"product_brand","embeddable":true,"href":"https:\/\/www.moskito.cz\/de\/wp-json\/wp\/v2\/product_brand?post=307736"},{"taxonomy":"product_cat","embeddable":true,"href":"https:\/\/www.moskito.cz\/de\/wp-json\/wp\/v2\/product_cat?post=307736"},{"taxonomy":"product_tag","embeddable":true,"href":"https:\/\/www.moskito.cz\/de\/wp-json\/wp\/v2\/product_tag?post=307736"}],"curies":[{"name":"wp","href":"https:\/\/api.w.org\/{rel}","templated":true}]}}