{"id":307746,"date":"2020-04-30T16:25:12","date_gmt":"2024-02-06T10:59:43","guid":{"rendered":"https:\/\/www.moskito.cz\/produkt\/massives-messer-cold-steel-urban-pal-cs43ls\/"},"modified":"2025-07-11T07:51:17","modified_gmt":"2025-07-11T06:51:17","slug":"massives-messer-cold-steel-urban-pal-cs43ls","status":"publish","type":"product","link":"https:\/\/www.moskito.cz\/de\/produkt\/massives-messer-cold-steel-urban-pal-cs43ls\/","title":{"rendered":"Massives Messer Cold Steel Urban Pal CS43LS"},"content":{"rendered":"<p>Massives Messer Cold Steel Urban Pal CS43LS.<\/p>\n<p>Das amerikanische Unternehmen Cold Steel hat seinen Ursprung in Ventura, Kalifornien. Die Marke wurde 1980 mit dem Fokus gegr\u00fcndet, die st\u00e4rksten und sch\u00e4rfsten Messer der Welt herzustellen. In den letzten drei Jahrzehnten stand Cold Steel an der Spitze vieler Innovationen, die dazu beigetragen haben, das kommerzielle Messer als Ganzes zu definieren. Der Hersteller achtet auf eine hohe Verarbeitungsqualit\u00e4t und arbeitet kontinuierlich daran, sein Ziel zu erreichen, die st\u00e4rksten und sch\u00e4rfsten Messer der Welt anzubieten. Ein umfangreiches Sortiment an Einsatz- oder Jagdmessern sorgt f\u00fcr eine breite Nutzerbasis und treue Fans.<\/p>\n<p>Klingenst\u00e4rke: 2mm<br \/>\n Klingenl\u00e4nge: 4 cm<br \/>\n Griff: Kraton<br \/>\n Stahl: AUS 8A<br \/>\n Gesamtl\u00e4nge: 8cm<br \/>\n Scheide: Securex-Scheide<br \/>\n Hergestellt in Japan<\/p>\n<p>Der Urban Pal sollte zur Standardausr\u00fcstung f\u00fcr das \u00dcberleben im heutigen Gro\u00dfstadtdschungel geh\u00f6ren! Mit einem Gewicht von weniger als einer halben Unze passt es perfekt und unauff\u00e4llig in die Tasche oder Handtasche und kann einfach an einem Schl\u00fcsselring befestigt oder um den Hals geh\u00e4ngt werden.<br \/>\n Gewicht: 0,7 oz Klingenst\u00e4rke: 2 mm Klingenl\u00e4nge: 1-1\/2&#8243; Klingenstahl: Japanischer AUS8A Edelstahl Griffl\u00e4nge\/-material: 1-5\/8&#8243; Kray-Ex\u2122 Gesamtl\u00e4nge: 3-1\/8&#8243; Zus\u00e4tzliche Funktionen: Secure-Ex\u00ae Scheide Messertyp: Feststehende Klinge L\u00e4ngenbereich: 3-5 in Stahlfamilie: AUS Klingenform: Drop Point<\/p>\n<p>&nbsp;<\/p>\n","protected":false},"excerpt":{"rendered":"<div class=\"vc-commoditydetail_annotation\">\n<div class=\"annotation wysiwyg\">Der Urban Pal von COLD STEEL ist ein kleiner Stichdolch mit gezahnter Klinge. Ein geeignetes Messer f\u00fcr EDC und das allt\u00e4gliche \u00dcberleben im Gro\u00dfstadtdschungel. Kann am Schl\u00fcsselring, an der Ausr\u00fcstung oder am Jackenrei\u00dfverschluss befestigt werden.<\/div>\n<\/div>\n<div class=\"vc-commoditydetail_info\">\n<div class=\"items loaded\" data-module=\"vm\/CommodityDetail_Info\">\n<dl class=\"Person\">\n<dt>Hersteller<\/dt>\n<\/dl>\n<\/div>\n<\/div>\n","protected":false},"featured_media":168031,"comment_status":"open","ping_status":"closed","template":"","meta":[],"pwb-brand":[3602],"product_brand":[],"product_cat":[3285,3287],"product_tag":[3669],"class_list":{"0":"post-307746","1":"product","2":"type-product","3":"status-publish","4":"has-post-thumbnail","6":"pwb-brand-kalter-stahl","7":"product_cat-messer","8":"product_cat-solide-messer","9":"product_tag-b2b-de","11":"first","12":"outofstock","13":"taxable","14":"shipping-taxable","15":"purchasable","16":"product-type-simple"},"brands":[{"id":3602,"name":"Kalter Stahl","slug":"kalter-stahl"}],"_links":{"self":[{"href":"https:\/\/www.moskito.cz\/de\/wp-json\/wp\/v2\/product\/307746","targetHints":{"allow":["GET"]}}],"collection":[{"href":"https:\/\/www.moskito.cz\/de\/wp-json\/wp\/v2\/product"}],"about":[{"href":"https:\/\/www.moskito.cz\/de\/wp-json\/wp\/v2\/types\/product"}],"replies":[{"embeddable":true,"href":"https:\/\/www.moskito.cz\/de\/wp-json\/wp\/v2\/comments?post=307746"}],"wp:featuredmedia":[{"embeddable":true,"href":"https:\/\/www.moskito.cz\/de\/wp-json\/wp\/v2\/media\/168031"}],"wp:attachment":[{"href":"https:\/\/www.moskito.cz\/de\/wp-json\/wp\/v2\/media?parent=307746"}],"wp:term":[{"taxonomy":"pwb-brand","embeddable":true,"href":"https:\/\/www.moskito.cz\/de\/wp-json\/wp\/v2\/pwb-brand?post=307746"},{"taxonomy":"product_brand","embeddable":true,"href":"https:\/\/www.moskito.cz\/de\/wp-json\/wp\/v2\/product_brand?post=307746"},{"taxonomy":"product_cat","embeddable":true,"href":"https:\/\/www.moskito.cz\/de\/wp-json\/wp\/v2\/product_cat?post=307746"},{"taxonomy":"product_tag","embeddable":true,"href":"https:\/\/www.moskito.cz\/de\/wp-json\/wp\/v2\/product_tag?post=307746"}],"curies":[{"name":"wp","href":"https:\/\/api.w.org\/{rel}","templated":true}]}}